{"id":716702,"date":"2025-08-27T17:46:16","date_gmt":"2025-08-27T14:46:16","guid":{"rendered":"https:\/\/roveyayinevi.com.tr\/index.php\/urun\/dogum-gunu-surprizi\/"},"modified":"2026-04-16T02:25:00","modified_gmt":"2026-04-15T23:25:00","slug":"dogum-gunu-surprizi","status":"publish","type":"product","link":"https:\/\/roveyayinevi.com.tr\/index.php\/urun\/dogum-gunu-surprizi\/","title":{"rendered":"Do\u011fum G\u00fcn\u00fc S\u00fcrprizi"},"content":{"rendered":"<p>S\u00fcrprizleri sever misiniz?Do\u011fum g\u00fcnleri hepimiz i\u00e7in \u00f6zel g\u00fcnlerdir. Sevildi\u011fimizi, d\u00fc\u015f\u00fcn\u00fcld\u00fc\u011f\u00fcm\u00fcz\u00fc bir kez daha hat\u0131rlar\u0131z. Hele de s\u00fcrpriz hediyeler al\u0131yorsak daha da heyecanlan\u0131r\u0131z. Ama kitab\u0131m\u0131z\u0131n kahraman\u0131, do\u011fum g\u00fcn\u00fcnde teyzesinden ald\u0131\u011f\u0131 ve ne oldu\u011funu bir t\u00fcrl\u00fc \u00e7\u0131karamad\u0131\u011f\u0131 s\u00fcrpriz hediyesiyle bakal\u0131m neler yap\u0131yor\u2026Do\u011fan G\u00fcnd\u00fcz\u2019\u00fcn yazd\u0131\u011f\u0131, Dilek Y\u00f6rdem Ceylan\u2019\u0131n resimledi\u011fi Do\u011fum G\u00fcn\u00fc S\u00fcrprizi, bizi \u00e7evreleyen do\u011faya daha dikkatli g\u00f6zlerle bakmaya \u00e7a\u011f\u0131ran bir davetiye gibi\u2026\u201cHediye paketimi heyecanla a\u00e7maya ba\u015flad\u0131m. Bir yandan da g\u00f6z ucuyla teyzeme bak\u0131yordum. Belki dayanamaz paketin i\u00e7inde ne oldu\u011funu bana s\u00f6yler diye. O ise hi\u00e7 oral\u0131 de\u011fildi. K\u00e2\u011f\u0131d\u0131 y\u0131rtt\u0131m. Alt\u0131ndan patlatmas\u0131n\u0131 \u00e7ok sevdi\u011fim hava kesecikli bir naylon \u00e7\u0131kt\u0131. \u00d6yleyse i\u00e7inde k\u0131r\u0131lacak bir hediye var. Bakal\u0131m, benim \u00e7\u0131lg\u0131n teyzem bu kez bana ne getirmi\u015f? Naylonu dikkatle a\u00e7arken iyice merakland\u0131m.Of! Gereksiz yere heyecanlanm\u0131\u015f\u0131m. Kar\u015f\u0131ma \u00e7\u0131ka \u00e7\u0131ka bo\u015f bir kavanoz \u00e7\u0131kt\u0131. Ger\u00e7i tam da bo\u015f say\u0131lmaz. Dibinde bir miktar siyah, toza benzer tanecik vard\u0131. Yine de y\u0131k\u0131ld\u0131m. Sen kalk yurtd\u0131\u015f\u0131ndan biricik ye\u011feninin do\u011fum g\u00fcn\u00fcne gel, hediye olarak da bo\u015f bir kavanoz getir. Aferin.\u201d<\/p>\n","protected":false},"excerpt":{"rendered":"<p>S\u00fcrprizleri sever misiniz?Do\u011fum g\u00fcnleri hepimiz i\u00e7in \u00f6zel g\u00fcnlerdir. Sevildi\u011fimizi, d\u00fc\u015f\u00fcn\u00fcld\u00fc\u011f\u00fcm\u00fcz\u00fc bir kez daha hat\u0131rlar\u0131z. Hele de s\u00fcrpriz hediyeler al\u0131yorsak daha da heyecanlan\u0131r\u0131z. Ama kitab\u0131m\u0131z\u0131n kahraman\u0131, do\u011fum<span class=\"excerpt-hellip\"> [\u2026]<\/span><\/p>\n","protected":false},"featured_media":0,"template":"","meta":{"_monsterinsights_skip_tracking":false,"_monsterinsights_sitenote_active":false,"_monsterinsights_sitenote_note":"","_monsterinsights_sitenote_category":0},"product_brand":[],"product_cat":[12274,12284],"product_tag":[],"class_list":{"0":"post-716702","1":"product","2":"type-product","3":"status-publish","5":"product_cat-cocuk-ve-genclik-kitaplari","6":"product_cat-hikayeler","7":"pa_cilt-ciltsiz","8":"pa_tur-kitap","9":"pa_yayinevi-yapi-kredi-yayinlari","10":"pa_yazar-dogan-gunduz","12":"first","13":"instock","14":"sale","15":"shipping-taxable","16":"purchasable","17":"product-type-simple"},"_links":{"self":[{"href":"https:\/\/roveyayinevi.com.tr\/index.php\/wp-json\/wp\/v2\/product\/716702","targetHints":{"allow":["GET"]}}],"collection":[{"href":"https:\/\/roveyayinevi.com.tr\/index.php\/wp-json\/wp\/v2\/product"}],"about":[{"href":"https:\/\/roveyayinevi.com.tr\/index.php\/wp-json\/wp\/v2\/types\/product"}],"wp:attachment":[{"href":"https:\/\/roveyayinevi.com.tr\/index.php\/wp-json\/wp\/v2\/media?parent=716702"}],"wp:term":[{"taxonomy":"product_brand","embeddable":true,"href":"https:\/\/roveyayinevi.com.tr\/index.php\/wp-json\/wp\/v2\/product_brand?post=716702"},{"taxonomy":"product_cat","embeddable":true,"href":"https:\/\/roveyayinevi.com.tr\/index.php\/wp-json\/wp\/v2\/product_cat?post=716702"},{"taxonomy":"product_tag","embeddable":true,"href":"https:\/\/roveyayinevi.com.tr\/index.php\/wp-json\/wp\/v2\/product_tag?post=716702"}],"curies":[{"name":"wp","href":"https:\/\/api.w.org\/{rel}","templated":true}]}}