{"id":716701,"date":"2025-08-27T17:46:15","date_gmt":"2025-08-27T14:46:15","guid":{"rendered":"https:\/\/roveyayinevi.com.tr\/index.php\/urun\/kurk-mantolu-madonna-5\/"},"modified":"2026-04-16T02:25:00","modified_gmt":"2026-04-15T23:25:00","slug":"kurk-mantolu-madonna-5","status":"publish","type":"product","link":"https:\/\/roveyayinevi.com.tr\/index.php\/urun\/kurk-mantolu-madonna-5\/","title":{"rendered":"K\u00fcrk Mantolu Madonna"},"content":{"rendered":"<p>Baz\u0131 tutkular bir \u00f6mre mal olur ki yine de pi\u015fmanl\u0131k duyulmaz&#8230;   Sabahattin Ali\u2019nin \u00f6l\u00fcms\u00fcz eseri K\u00dcRK MANTOLU MADONNA T\u00fcrk edebiyat\u0131n\u0131n \u00fczerinde en \u00e7ok konu\u015fulan yap\u0131tlar\u0131ndand\u0131r.   Kar\u015f\u0131 konulamaz bir tutkunun r\u00fczg\u00e2r\u0131na kap\u0131larak kaderinin y\u00f6n\u00fcn\u00fc de\u011fi\u015ftiren gen\u00e7 Raif\u2019in ya\u015fad\u0131\u011f\u0131 ve ya\u015fayamad\u0131\u011f\u0131 her \u015feyi lirik bir kurguyla kaleme alan Sabahattin Ali, okuru yaln\u0131zca a\u015fkla ve tutkuyla de\u011fil, ya\u015famla ve \u00f6rt\u00fcl\u00fc kimliklerle de y\u00fczle\u015ftiriyor.   Berlin\u2019de bir sergide g\u00f6rd\u00fc\u011f\u00fc portrenin tesirinde kalarak kendini sonsuz bir a\u015fk ve anlam aray\u0131\u015f\u0131n\u0131n i\u00e7inde bulan Raif Efendi\u2019nin portredeki kad\u0131nla kar\u015f\u0131la\u015fmas\u0131 bile ondaki tarifsiz ve tutku dolu aray\u0131\u015f\u0131 sona erdirmez. <\/p>\n","protected":false},"excerpt":{"rendered":"<p>Baz\u0131 tutkular bir \u00f6mre mal olur ki yine de pi\u015fmanl\u0131k duyulmaz&#8230; Sabahattin Ali\u2019nin \u00f6l\u00fcms\u00fcz eseri K\u00dcRK MANTOLU MADONNA T\u00fcrk edebiyat\u0131n\u0131n \u00fczerinde en \u00e7ok konu\u015fulan yap\u0131tlar\u0131ndand\u0131r. Kar\u015f\u0131<span class=\"excerpt-hellip\"> [\u2026]<\/span><\/p>\n","protected":false},"featured_media":0,"template":"","meta":{"_monsterinsights_skip_tracking":false,"_monsterinsights_sitenote_active":false,"_monsterinsights_sitenote_note":"","_monsterinsights_sitenote_category":0},"product_brand":[],"product_cat":[12291,12711],"product_tag":[],"class_list":{"0":"post-716701","1":"product","2":"type-product","3":"status-publish","5":"product_cat-edebiyat","6":"product_cat-roman-oyku","7":"pa_cilt-ciltsiz","8":"pa_tur-kitap","9":"pa_yayinevi-destek-yayinlari","10":"pa_yazar-sabahattin-ali","12":"first","13":"instock","14":"sale","15":"shipping-taxable","16":"purchasable","17":"product-type-simple"},"_links":{"self":[{"href":"https:\/\/roveyayinevi.com.tr\/index.php\/wp-json\/wp\/v2\/product\/716701","targetHints":{"allow":["GET"]}}],"collection":[{"href":"https:\/\/roveyayinevi.com.tr\/index.php\/wp-json\/wp\/v2\/product"}],"about":[{"href":"https:\/\/roveyayinevi.com.tr\/index.php\/wp-json\/wp\/v2\/types\/product"}],"wp:attachment":[{"href":"https:\/\/roveyayinevi.com.tr\/index.php\/wp-json\/wp\/v2\/media?parent=716701"}],"wp:term":[{"taxonomy":"product_brand","embeddable":true,"href":"https:\/\/roveyayinevi.com.tr\/index.php\/wp-json\/wp\/v2\/product_brand?post=716701"},{"taxonomy":"product_cat","embeddable":true,"href":"https:\/\/roveyayinevi.com.tr\/index.php\/wp-json\/wp\/v2\/product_cat?post=716701"},{"taxonomy":"product_tag","embeddable":true,"href":"https:\/\/roveyayinevi.com.tr\/index.php\/wp-json\/wp\/v2\/product_tag?post=716701"}],"curies":[{"name":"wp","href":"https:\/\/api.w.org\/{rel}","templated":true}]}}