{"id":716700,"date":"2025-08-27T17:46:14","date_gmt":"2025-08-27T14:46:14","guid":{"rendered":"https:\/\/roveyayinevi.com.tr\/index.php\/urun\/kuyucakli-yusuf-5\/"},"modified":"2026-04-16T02:25:00","modified_gmt":"2026-04-15T23:25:00","slug":"kuyucakli-yusuf-5","status":"publish","type":"product","link":"https:\/\/roveyayinevi.com.tr\/index.php\/urun\/kuyucakli-yusuf-5\/","title":{"rendered":"Kuyucakl\u0131 Yusuf"},"content":{"rendered":"<p>Sabahattin Ali\u2019nin k\u0131sac\u0131k \u00f6mr\u00fcne s\u0131\u011fd\u0131rd\u0131\u011f\u0131 \u00fc\u00e7 roman\u0131ndan ilki olan KUYUCAKLI YUSUF, Edremit\u2019te imk\u00e2ns\u0131z bir a\u015fk\u0131n pen\u00e7esine d\u00fc\u015fen gen\u00e7 bir adam\u0131n, g\u00f6z g\u00f6re g\u00f6re trajik bir sona do\u011fru ilerleyen ya\u015fam\u0131n\u0131n \u00f6yk\u00fcs\u00fc&#8230;   E\u015fsiz g\u00f6zlem g\u00fcc\u00fcyle kitap boyunca nefes alan bir ta\u015fra portresi \u00e7izen Sabahattin Ali\u2019nin 1932-1937 y\u0131llar\u0131nda tefrika edilen bu eseri, 1937 y\u0131l\u0131nda kitapla\u015ft\u0131r\u0131ld\u0131&#8230;   1931 y\u0131l\u0131nda Ayd\u0131n Cezaevi\u2019nde yatarken Yusuf\u2019la tan\u0131\u015fan Sabahattin Ali, dinlediklerinden yola \u00e7\u0131karak kaleme ald\u0131\u011f\u0131 bu b\u00fcy\u00fck roman\u0131nda, ta\u015fran\u0131n y\u0131k\u0131c\u0131 ve \u00e7orak kimli\u011fiyle, insan\u0131n a\u015fk kar\u015f\u0131s\u0131nda her \u015feye ra\u011fmen naif kalabilen yap\u0131s\u0131n\u0131 ustaca bir incelikle i\u015fliyor. Annesiyle babas\u0131 e\u015fk\u0131ya taraf\u0131ndan \u00f6ld\u00fcr\u00fclen k\u00fc\u00e7\u00fck Yusuf, cinayeti soru\u015fturmak i\u00e7in vaka mahalline gelen Kaymakam Salahattin Bey taraf\u0131ndan evlat edinilmi\u015ftir. Kendisinden birka\u00e7 ya\u015f k\u00fc\u00e7\u00fck \u00fcvey k\u0131z karde\u015fi Muazzez ile birlikte b\u00fcy\u00fcyen Yusuf duygular\u0131n\u0131 belli etmeyen karakteri, kavgac\u0131 yap\u0131s\u0131 ve so\u011fukkanl\u0131 yarad\u0131l\u0131\u015f\u0131yla kendini oldu\u011fu haliyle herkese kabul ettirse de, ya\u015fad\u0131\u011f\u0131 Anadolu kasabas\u0131ndaki e\u015fraf ona di\u015f bilemeye ba\u015flam\u0131\u015ft\u0131r bile. \u00c7ok ge\u00e7meden hayat\u0131n ve kasabal\u0131n\u0131n ac\u0131mas\u0131zl\u0131\u011f\u0131 kar\u015f\u0131s\u0131nda d\u00f6n\u00fc\u015f\u00fc olmayan bir yola s\u00fcr\u00fcklenecektir.<\/p>\n","protected":false},"excerpt":{"rendered":"<p>Sabahattin Ali\u2019nin k\u0131sac\u0131k \u00f6mr\u00fcne s\u0131\u011fd\u0131rd\u0131\u011f\u0131 \u00fc\u00e7 roman\u0131ndan ilki olan KUYUCAKLI YUSUF, Edremit\u2019te imk\u00e2ns\u0131z bir a\u015fk\u0131n pen\u00e7esine d\u00fc\u015fen gen\u00e7 bir adam\u0131n, g\u00f6z g\u00f6re g\u00f6re trajik bir sona<span class=\"excerpt-hellip\"> [\u2026]<\/span><\/p>\n","protected":false},"featured_media":0,"template":"","meta":{"_monsterinsights_skip_tracking":false,"_monsterinsights_sitenote_active":false,"_monsterinsights_sitenote_note":"","_monsterinsights_sitenote_category":0},"product_brand":[],"product_cat":[12291,12711],"product_tag":[],"class_list":{"0":"post-716700","1":"product","2":"type-product","3":"status-publish","5":"product_cat-edebiyat","6":"product_cat-roman-oyku","7":"pa_cilt-ciltsiz","8":"pa_tur-kitap","9":"pa_yayinevi-destek-yayinlari","10":"pa_yazar-sabahattin-ali","12":"first","13":"instock","14":"sale","15":"shipping-taxable","16":"purchasable","17":"product-type-simple"},"_links":{"self":[{"href":"https:\/\/roveyayinevi.com.tr\/index.php\/wp-json\/wp\/v2\/product\/716700","targetHints":{"allow":["GET"]}}],"collection":[{"href":"https:\/\/roveyayinevi.com.tr\/index.php\/wp-json\/wp\/v2\/product"}],"about":[{"href":"https:\/\/roveyayinevi.com.tr\/index.php\/wp-json\/wp\/v2\/types\/product"}],"wp:attachment":[{"href":"https:\/\/roveyayinevi.com.tr\/index.php\/wp-json\/wp\/v2\/media?parent=716700"}],"wp:term":[{"taxonomy":"product_brand","embeddable":true,"href":"https:\/\/roveyayinevi.com.tr\/index.php\/wp-json\/wp\/v2\/product_brand?post=716700"},{"taxonomy":"product_cat","embeddable":true,"href":"https:\/\/roveyayinevi.com.tr\/index.php\/wp-json\/wp\/v2\/product_cat?post=716700"},{"taxonomy":"product_tag","embeddable":true,"href":"https:\/\/roveyayinevi.com.tr\/index.php\/wp-json\/wp\/v2\/product_tag?post=716700"}],"curies":[{"name":"wp","href":"https:\/\/api.w.org\/{rel}","templated":true}]}}