{"id":716699,"date":"2025-08-27T17:46:14","date_gmt":"2025-08-27T14:46:14","guid":{"rendered":"https:\/\/roveyayinevi.com.tr\/index.php\/urun\/icimizdeki-seytan-4\/"},"modified":"2026-04-16T02:25:00","modified_gmt":"2026-04-15T23:25:00","slug":"icimizdeki-seytan-4","status":"publish","type":"product","link":"https:\/\/roveyayinevi.com.tr\/index.php\/urun\/icimizdeki-seytan-4\/","title":{"rendered":"\u0130\u00e7imizdeki \u015eeytan"},"content":{"rendered":"<p>Birbirlerini fikren ac\u0131mas\u0131zca sorgulamaya ba\u015flayan bir \u00e7iftin, a\u015fktan par\u00e7alanmaya do\u011fru giden ili\u015fkileri boyunca toplumsal g\u00fcndemden ziyade i\u00e7lerindeki amans\u0131z \u015feytana nas\u0131l yenildiklerini, lezzetine doyum olmaz bir kurguyla anlat\u0131yor Sabahattin Ali&#8230; \u0130\u00e7imizdeki \u015eeytan , kendinden korkanlar\u0131n i\u00e7 hesapla\u015fmas\u0131<\/p>\n","protected":false},"excerpt":{"rendered":"<p>Birbirlerini fikren ac\u0131mas\u0131zca sorgulamaya ba\u015flayan bir \u00e7iftin, a\u015fktan par\u00e7alanmaya do\u011fru giden ili\u015fkileri boyunca toplumsal g\u00fcndemden ziyade i\u00e7lerindeki amans\u0131z \u015feytana nas\u0131l yenildiklerini, lezzetine doyum olmaz bir kurguyla<span class=\"excerpt-hellip\"> [\u2026]<\/span><\/p>\n","protected":false},"featured_media":0,"template":"","meta":{"_monsterinsights_skip_tracking":false,"_monsterinsights_sitenote_active":false,"_monsterinsights_sitenote_note":"","_monsterinsights_sitenote_category":0},"product_brand":[],"product_cat":[12291,12711],"product_tag":[],"class_list":{"0":"post-716699","1":"product","2":"type-product","3":"status-publish","5":"product_cat-edebiyat","6":"product_cat-roman-oyku","7":"pa_cilt-ciltsiz","8":"pa_tur-kitap","9":"pa_yayinevi-destek-yayinlari","10":"pa_yazar-sabahattin-ali","12":"first","13":"instock","14":"sale","15":"shipping-taxable","16":"purchasable","17":"product-type-simple"},"_links":{"self":[{"href":"https:\/\/roveyayinevi.com.tr\/index.php\/wp-json\/wp\/v2\/product\/716699","targetHints":{"allow":["GET"]}}],"collection":[{"href":"https:\/\/roveyayinevi.com.tr\/index.php\/wp-json\/wp\/v2\/product"}],"about":[{"href":"https:\/\/roveyayinevi.com.tr\/index.php\/wp-json\/wp\/v2\/types\/product"}],"wp:attachment":[{"href":"https:\/\/roveyayinevi.com.tr\/index.php\/wp-json\/wp\/v2\/media?parent=716699"}],"wp:term":[{"taxonomy":"product_brand","embeddable":true,"href":"https:\/\/roveyayinevi.com.tr\/index.php\/wp-json\/wp\/v2\/product_brand?post=716699"},{"taxonomy":"product_cat","embeddable":true,"href":"https:\/\/roveyayinevi.com.tr\/index.php\/wp-json\/wp\/v2\/product_cat?post=716699"},{"taxonomy":"product_tag","embeddable":true,"href":"https:\/\/roveyayinevi.com.tr\/index.php\/wp-json\/wp\/v2\/product_tag?post=716699"}],"curies":[{"name":"wp","href":"https:\/\/api.w.org\/{rel}","templated":true}]}}