{"id":716697,"date":"2025-08-27T17:46:12","date_gmt":"2025-08-27T14:46:12","guid":{"rendered":"https:\/\/roveyayinevi.com.tr\/index.php\/urun\/guc-egitilebilir-cocuklar\/"},"modified":"2026-04-16T02:25:00","modified_gmt":"2026-04-15T23:25:00","slug":"guc-egitilebilir-cocuklar","status":"publish","type":"product","link":"https:\/\/roveyayinevi.com.tr\/index.php\/urun\/guc-egitilebilir-cocuklar\/","title":{"rendered":"G\u00fc\u00e7 E\u011fitilebilir \u00c7ocuklar"},"content":{"rendered":"<p>\u0130lk 4-5 ya\u015f, \u00e7ocu\u011fun davran\u0131\u015flar\u0131na otomatik bir nitelik kazand\u0131rmaya yeterlidir. B\u00f6yle bir durum ger\u00e7ekle\u015ftikten sonra \u00e7ocuk, izlenimlerindeki as\u0131l \u00f6nemli noktalar\u0131n neler oldu\u011fu \u00fczerinde d\u00fc\u015f\u00fcnmez pek, \u015f\u0131mart\u0131lm\u0131\u015f \u00e7ocuk okula gelip burada \u015f\u0131mart\u0131lman\u0131n s\u00f6z konusu olmayaca\u011f\u0131n\u0131 g\u00f6rd\u00fc de \u00f6nceden bilmedi\u011fi bir durum kar\u015f\u0131s\u0131nda kald\u0131 m\u0131 kendini rahats\u0131z hissedecek, ama \u015f\u0131mart\u0131lma, \u00e7evrenin ilgisini \u00fczerine \u00e7ekme amac\u0131ndan da vazge\u00e7meyecektir. Acaba yaln\u0131z benimle ilgilenecek biri var m\u0131d\u0131r diye ara\u015ft\u0131racak, \u00e7evrenin dikkatini \u00fczerinde toplamaya \u00e7al\u0131\u015facak[t\u0131r]. Bireysel psikoloji ekol\u00fcn\u00fcn kurucusu Alfred Adler, konferanslar\u0131ndan derledi\u011fi bu kitapta e\u011fitimcilere ve ebeveynlere \u00f6zellikle \u015f\u0131mart\u0131lm\u0131\u015f \u00e7ocuklarla nas\u0131l ba\u015f edebileceklerini anlat\u0131yor. Vaka analizleriyle uygulamal\u0131 bir anlat\u0131m sunan G\u00fc\u00e7 E\u011fitilebilir \u00c7ocuklar, bebeklikten okul \u00e7a\u011f\u0131na, ergenlikten yeti\u015fkinli\u011fe ge\u00e7i\u015fe dek \u00e7ocuk e\u011fitimine dair \u00e7a\u011f\u0131n\u0131n \u00f6tesinde bilgiler veren bir kaynak olma \u00f6zelli\u011fi ta\u015f\u0131maktad\u0131r. <\/p>\n","protected":false},"excerpt":{"rendered":"<p>\u0130lk 4-5 ya\u015f, \u00e7ocu\u011fun davran\u0131\u015flar\u0131na otomatik bir nitelik kazand\u0131rmaya yeterlidir. B\u00f6yle bir durum ger\u00e7ekle\u015ftikten sonra \u00e7ocuk, izlenimlerindeki as\u0131l \u00f6nemli noktalar\u0131n neler oldu\u011fu \u00fczerinde d\u00fc\u015f\u00fcnmez pek, \u015f\u0131mart\u0131lm\u0131\u015f<span class=\"excerpt-hellip\"> [\u2026]<\/span><\/p>\n","protected":false},"featured_media":0,"template":"","meta":{"_monsterinsights_skip_tracking":false,"_monsterinsights_sitenote_active":false,"_monsterinsights_sitenote_note":"","_monsterinsights_sitenote_category":0},"product_brand":[],"product_cat":[12679,12357],"product_tag":[],"class_list":{"0":"post-716697","1":"product","2":"type-product","3":"status-publish","5":"product_cat-cocuk-psikolojisi","6":"product_cat-psikoloji","7":"pa_cilt-ciltsiz","8":"pa_tur-kitap","9":"pa_yayinevi-say-yayinlari","10":"pa_yazar-alfred-adler","12":"first","13":"instock","14":"sale","15":"shipping-taxable","16":"purchasable","17":"product-type-simple"},"_links":{"self":[{"href":"https:\/\/roveyayinevi.com.tr\/index.php\/wp-json\/wp\/v2\/product\/716697","targetHints":{"allow":["GET"]}}],"collection":[{"href":"https:\/\/roveyayinevi.com.tr\/index.php\/wp-json\/wp\/v2\/product"}],"about":[{"href":"https:\/\/roveyayinevi.com.tr\/index.php\/wp-json\/wp\/v2\/types\/product"}],"wp:attachment":[{"href":"https:\/\/roveyayinevi.com.tr\/index.php\/wp-json\/wp\/v2\/media?parent=716697"}],"wp:term":[{"taxonomy":"product_brand","embeddable":true,"href":"https:\/\/roveyayinevi.com.tr\/index.php\/wp-json\/wp\/v2\/product_brand?post=716697"},{"taxonomy":"product_cat","embeddable":true,"href":"https:\/\/roveyayinevi.com.tr\/index.php\/wp-json\/wp\/v2\/product_cat?post=716697"},{"taxonomy":"product_tag","embeddable":true,"href":"https:\/\/roveyayinevi.com.tr\/index.php\/wp-json\/wp\/v2\/product_tag?post=716697"}],"curies":[{"name":"wp","href":"https:\/\/api.w.org\/{rel}","templated":true}]}}