{"id":716696,"date":"2025-08-27T17:46:12","date_gmt":"2025-08-27T14:46:12","guid":{"rendered":"https:\/\/roveyayinevi.com.tr\/index.php\/urun\/burada-ne-oluyor\/"},"modified":"2026-04-16T02:25:00","modified_gmt":"2026-04-15T23:25:00","slug":"burada-ne-oluyor","status":"publish","type":"product","link":"https:\/\/roveyayinevi.com.tr\/index.php\/urun\/burada-ne-oluyor\/","title":{"rendered":"Burada Ne Oluyor?"},"content":{"rendered":"<p>T\u00fcrkiye\u2019de g\u00fcndelik ya\u015fama i\u00e7kin birtak\u0131m s\u00fcreklilikler aran\u0131yorsa e\u011fer, \u00f6ncelikle, herhangi bir 24 saat zarf\u0131nda birbirimizi ne s\u0131kl\u0131kla \u201csahtelikle\u201d, \u201ciki-y\u00fczl\u00fcl\u00fckle\u201d, \u201csamimiyetsizlikle\u201d, \u201ci\u00e7i-d\u0131\u015f\u0131 bir olmamakla\u201d veya \u201cnumara yapmakla\u201d yarg\u0131lad\u0131\u011f\u0131m\u0131za bakabiliriz. Ba\u015fka \u015feyler de yapabiliriz: Bu ilgin\u00e7 \u201ci\u00e7-d\u0131\u015f ikili\u011finin\u201d tesiriyle, \u201c\u0131slak imza\u201d ve \u201cresmi m\u00fch\u00fcrde\u201d yeni dinsel formlar veya noter kurumunun kendisinde inan\u00e7 ticaretinin yeni y\u00fcz\u00fcn\u00fc de ke\u015ffedebiliriz. K\u0131sacas\u0131 t\u00fcm bu g\u00f6r\u00fcng\u00fclerde bir \u015feylerin tezah\u00fcr\u00fcn\u00fc, eksikli\u011fini hatta yozla\u015fm\u0131\u015f halini g\u00f6rebiliriz. Ancak ba\u015fka bir se\u00e7ene\u011fi de takip edebiliriz: Ahlak\u00e7\u0131 infialler veya teorisist co\u015fku aras\u0131nda s\u0131k\u0131\u015fmaktansa, \u015feylerin mant\u0131\u011f\u0131na \u00f6zel bir analitik ilgi g\u00f6stermek. Bu kitap b\u00f6yle bir \u00f6ncelikten do\u011fdu. \u00d6rt\u00fcs\u00fcn\u00fc kald\u0131rarak \u201cif\u015fa\u201d etti\u011fi sakl\u0131 bir ger\u00e7eklik yok. Mesih Yok. Ger\u00e7eklik sand\u0131\u011f\u0131n\u0131z \u015feyin asl\u0131nda sadece bir zan oldu\u011funu y\u00fcz\u00fcn\u00fcze muzip\u00e7e vuran dil oyunlar\u0131 da yok. Bu kitapta sadece \u201cs\u0131radan\u201d var. S\u0131radan insanlar\u0131n s\u0131radan kar\u015f\u0131la\u015fmalar\u0131 ve s\u0131radan etkile\u015fimleri var. Sordu\u011fu temel soru olduk\u00e7a s\u0131radan: Neler oluyor o anlarda? Bildi\u011finizden ve bilfiil yapt\u0131\u011f\u0131n\u0131zdan ba\u015fka hi\u00e7bir \u015fey muhtemelen. Kitab\u0131n kadraj\u0131nda ise, kulland\u0131\u011f\u0131 mercek ve konumland\u0131\u011f\u0131 a\u00e7\u0131 itibariyle, g\u00fcndelik ya\u015fam\u0131n kendine has etkile\u015fim d\u00fczenleri, toplumsal faaliyetlerimizin ekolojisi; i\u00e7erisinde kendimizi buldu\u011fumuz \u00f6l\u00e7\u00fcde s\u0131radan, ama o kadraj alt\u0131nda buldu\u011fumuz \u00f6l\u00e7\u00fcde de bir o kadar ba\u015fka\u2026 <\/p>\n","protected":false},"excerpt":{"rendered":"<p>T\u00fcrkiye\u2019de g\u00fcndelik ya\u015fama i\u00e7kin birtak\u0131m s\u00fcreklilikler aran\u0131yorsa e\u011fer, \u00f6ncelikle, herhangi bir 24 saat zarf\u0131nda birbirimizi ne s\u0131kl\u0131kla \u201csahtelikle\u201d, \u201ciki-y\u00fczl\u00fcl\u00fckle\u201d, \u201csamimiyetsizlikle\u201d, \u201ci\u00e7i-d\u0131\u015f\u0131 bir olmamakla\u201d veya \u201cnumara yapmakla\u201d<span class=\"excerpt-hellip\"> [\u2026]<\/span><\/p>\n","protected":false},"featured_media":0,"template":"","meta":{"_monsterinsights_skip_tracking":false,"_monsterinsights_sitenote_active":false,"_monsterinsights_sitenote_note":"","_monsterinsights_sitenote_category":0},"product_brand":[],"product_cat":[12835,12324],"product_tag":[],"class_list":{"0":"post-716696","1":"product","2":"type-product","3":"status-publish","5":"product_cat-genel-sosyoloji","6":"product_cat-sosyoloji","7":"pa_cilt-ciltsiz","8":"pa_tur-kitap","9":"pa_yayinevi-heretik-yayincilik","10":"pa_yazar-levent-unsaldi","12":"first","13":"instock","14":"sale","15":"shipping-taxable","16":"purchasable","17":"product-type-simple"},"_links":{"self":[{"href":"https:\/\/roveyayinevi.com.tr\/index.php\/wp-json\/wp\/v2\/product\/716696","targetHints":{"allow":["GET"]}}],"collection":[{"href":"https:\/\/roveyayinevi.com.tr\/index.php\/wp-json\/wp\/v2\/product"}],"about":[{"href":"https:\/\/roveyayinevi.com.tr\/index.php\/wp-json\/wp\/v2\/types\/product"}],"wp:attachment":[{"href":"https:\/\/roveyayinevi.com.tr\/index.php\/wp-json\/wp\/v2\/media?parent=716696"}],"wp:term":[{"taxonomy":"product_brand","embeddable":true,"href":"https:\/\/roveyayinevi.com.tr\/index.php\/wp-json\/wp\/v2\/product_brand?post=716696"},{"taxonomy":"product_cat","embeddable":true,"href":"https:\/\/roveyayinevi.com.tr\/index.php\/wp-json\/wp\/v2\/product_cat?post=716696"},{"taxonomy":"product_tag","embeddable":true,"href":"https:\/\/roveyayinevi.com.tr\/index.php\/wp-json\/wp\/v2\/product_tag?post=716696"}],"curies":[{"name":"wp","href":"https:\/\/api.w.org\/{rel}","templated":true}]}}