{"id":716692,"date":"2025-08-27T17:46:09","date_gmt":"2025-08-27T14:46:09","guid":{"rendered":"https:\/\/roveyayinevi.com.tr\/index.php\/urun\/ferda\/"},"modified":"2026-04-16T02:24:59","modified_gmt":"2026-04-15T23:24:59","slug":"ferda","status":"publish","type":"product","link":"https:\/\/roveyayinevi.com.tr\/index.php\/urun\/ferda\/","title":{"rendered":"Ferda"},"content":{"rendered":"<p>Emekli felsefe hocas\u0131 Ferda \u015eile\u2019de tek ba\u015f\u0131na ya\u015famaktad\u0131r. Yazd\u0131\u011f\u0131 fantastik romanlarla edebiyat d\u00fcnyas\u0131nda kendine hat\u0131rl\u0131 bir yer edinen Ferda gitgide yazmakta zorland\u0131\u011f\u0131n\u0131, soyut d\u00fc\u015f\u00fcnme yetene\u011fini kaybetmeye ba\u015flad\u0131\u011f\u0131n\u0131 fark eder. Yazd\u0131klar\u0131n\u0131n aras\u0131 iyice a\u00e7\u0131lmaya ba\u015flay\u0131p birtak\u0131m unutkanl\u0131klar da ba\u015f g\u00f6sterince doktora gitmeye karar verir. Konulan te\u015fhis, hayat\u0131n\u0131n iplerini s\u0131k\u0131 s\u0131k\u0131 tutmaya al\u0131\u015fk\u0131n, ya\u015fam\u0131n\u0131 beyniyle y\u00f6neten Ferda i\u00e7in tam bir y\u0131k\u0131m olur. Alzheimer beynini tamamen ele ge\u00e7irip bedenini bo\u015f bir kabuk haline getirmeden harekete ge\u00e7mek zorundad\u0131r. Can\u0131ndan \u00e7ok sevdi\u011fi k\u0131z\u0131na y\u00fck olmamak Ferda i\u00e7in hayat memat meselesidir art\u0131k. <\/p>\n","protected":false},"excerpt":{"rendered":"<p>Emekli felsefe hocas\u0131 Ferda \u015eile\u2019de tek ba\u015f\u0131na ya\u015famaktad\u0131r. Yazd\u0131\u011f\u0131 fantastik romanlarla edebiyat d\u00fcnyas\u0131nda kendine hat\u0131rl\u0131 bir yer edinen Ferda gitgide yazmakta zorland\u0131\u011f\u0131n\u0131, soyut d\u00fc\u015f\u00fcnme yetene\u011fini kaybetmeye<span class=\"excerpt-hellip\"> [\u2026]<\/span><\/p>\n","protected":false},"featured_media":0,"template":"","meta":{"_monsterinsights_skip_tracking":false,"_monsterinsights_sitenote_active":false,"_monsterinsights_sitenote_note":"","_monsterinsights_sitenote_category":0},"product_brand":[],"product_cat":[12291,12711],"product_tag":[],"class_list":{"0":"post-716692","1":"product","2":"type-product","3":"status-publish","5":"product_cat-edebiyat","6":"product_cat-roman-oyku","7":"pa_cilt-ciltsiz","8":"pa_tur-kitap","9":"pa_yayinevi-hep-kitap","10":"pa_yazar-ebru-cundubeyoglu","12":"first","13":"instock","14":"sale","15":"shipping-taxable","16":"purchasable","17":"product-type-simple"},"_links":{"self":[{"href":"https:\/\/roveyayinevi.com.tr\/index.php\/wp-json\/wp\/v2\/product\/716692","targetHints":{"allow":["GET"]}}],"collection":[{"href":"https:\/\/roveyayinevi.com.tr\/index.php\/wp-json\/wp\/v2\/product"}],"about":[{"href":"https:\/\/roveyayinevi.com.tr\/index.php\/wp-json\/wp\/v2\/types\/product"}],"wp:attachment":[{"href":"https:\/\/roveyayinevi.com.tr\/index.php\/wp-json\/wp\/v2\/media?parent=716692"}],"wp:term":[{"taxonomy":"product_brand","embeddable":true,"href":"https:\/\/roveyayinevi.com.tr\/index.php\/wp-json\/wp\/v2\/product_brand?post=716692"},{"taxonomy":"product_cat","embeddable":true,"href":"https:\/\/roveyayinevi.com.tr\/index.php\/wp-json\/wp\/v2\/product_cat?post=716692"},{"taxonomy":"product_tag","embeddable":true,"href":"https:\/\/roveyayinevi.com.tr\/index.php\/wp-json\/wp\/v2\/product_tag?post=716692"}],"curies":[{"name":"wp","href":"https:\/\/api.w.org\/{rel}","templated":true}]}}