{"id":716691,"date":"2025-08-27T17:46:09","date_gmt":"2025-08-27T14:46:09","guid":{"rendered":"https:\/\/roveyayinevi.com.tr\/index.php\/urun\/istanbulun-antika-tipleri\/"},"modified":"2026-04-16T02:24:59","modified_gmt":"2026-04-15T23:24:59","slug":"istanbulun-antika-tipleri","status":"publish","type":"product","link":"https:\/\/roveyayinevi.com.tr\/index.php\/urun\/istanbulun-antika-tipleri\/","title":{"rendered":"\u0130stanbul&#8217;un Antika Tipleri"},"content":{"rendered":"<p>Palavrac\u0131lar, d*land\u0131r\u0131c\u0131lar, zamparalar, \u00e2lemciler, mirasyediler\u2026 Mahmut Yesari, k\u0131vrak kalemiyle \u0130stanbul\u2019un bu \u201cantika\u201d tipleri aras\u0131nda geziniyor. Her birini ince ince allay\u0131p pullayarak tan\u0131t\u0131yor ve 20. y\u00fczy\u0131l ba\u015f\u0131 \u0130stanbul\u2019unun \u015fehir hayat\u0131na dair keyifli bir okuma sunuyor. Bug\u00fcne kadar gazete sayfalar\u0131nda kalm\u0131\u015f bu e\u011flenceli yaz\u0131lar nihayet g\u00fcn\u00fcm\u00fcz okuruyla bulu\u015fuyor.   \u201c[Mahmut Yesari\u2019nin] as\u0131l k\u0131ymeti hayat\u0131nda kavranm\u0131\u015f de\u011fildir, \u00f6l\u00fcm\u00fcnden ve nesillerden sonra de\u011feri artacak ediplerdendir.\u201d Refik Halid Karay   \u201cMahmut Yesari, kendisinde ve benzerlerinin \u015fahs\u0131nda z\u00fcrriyeti kurumaya y\u00fcz tutmu\u015f bir bohem neslinin son m\u00fcmessillerindendi. (\u2026) Mahmut Yesari\u2019nin \u00f6l\u00fcm\u00fc, T\u00fcrk edebiyat\u0131n\u0131 ve gazetecili\u011fini benzeri az bulunur bir rikkat ve fazilet \u00f6rne\u011finden mahrum b\u0131rakt\u0131.\u201d Peyami Safa <\/p>\n","protected":false},"excerpt":{"rendered":"<p>Palavrac\u0131lar, d*land\u0131r\u0131c\u0131lar, zamparalar, \u00e2lemciler, mirasyediler\u2026 Mahmut Yesari, k\u0131vrak kalemiyle \u0130stanbul\u2019un bu \u201cantika\u201d tipleri aras\u0131nda geziniyor. Her birini ince ince allay\u0131p pullayarak tan\u0131t\u0131yor ve 20. y\u00fczy\u0131l ba\u015f\u0131<span class=\"excerpt-hellip\"> [\u2026]<\/span><\/p>\n","protected":false},"featured_media":0,"template":"","meta":{"_monsterinsights_skip_tracking":false,"_monsterinsights_sitenote_active":false,"_monsterinsights_sitenote_note":"","_monsterinsights_sitenote_category":0},"product_brand":[],"product_cat":[12777,12291],"product_tag":[],"class_list":{"0":"post-716691","1":"product","2":"type-product","3":"status-publish","5":"product_cat-deneme","6":"product_cat-edebiyat","7":"pa_cilt-ciltsiz","8":"pa_tur-kitap","9":"pa_yayinevi-can-yayinlari","10":"pa_yazar-mahmut-yesari","12":"first","13":"instock","14":"sale","15":"shipping-taxable","16":"purchasable","17":"product-type-simple"},"_links":{"self":[{"href":"https:\/\/roveyayinevi.com.tr\/index.php\/wp-json\/wp\/v2\/product\/716691","targetHints":{"allow":["GET"]}}],"collection":[{"href":"https:\/\/roveyayinevi.com.tr\/index.php\/wp-json\/wp\/v2\/product"}],"about":[{"href":"https:\/\/roveyayinevi.com.tr\/index.php\/wp-json\/wp\/v2\/types\/product"}],"wp:attachment":[{"href":"https:\/\/roveyayinevi.com.tr\/index.php\/wp-json\/wp\/v2\/media?parent=716691"}],"wp:term":[{"taxonomy":"product_brand","embeddable":true,"href":"https:\/\/roveyayinevi.com.tr\/index.php\/wp-json\/wp\/v2\/product_brand?post=716691"},{"taxonomy":"product_cat","embeddable":true,"href":"https:\/\/roveyayinevi.com.tr\/index.php\/wp-json\/wp\/v2\/product_cat?post=716691"},{"taxonomy":"product_tag","embeddable":true,"href":"https:\/\/roveyayinevi.com.tr\/index.php\/wp-json\/wp\/v2\/product_tag?post=716691"}],"curies":[{"name":"wp","href":"https:\/\/api.w.org\/{rel}","templated":true}]}}