{"id":716689,"date":"2025-08-27T17:46:07","date_gmt":"2025-08-27T14:46:07","guid":{"rendered":"https:\/\/roveyayinevi.com.tr\/index.php\/urun\/gulyabani-gunumuz-turkcesiyle\/"},"modified":"2026-04-16T02:24:59","modified_gmt":"2026-04-15T23:24:59","slug":"gulyabani-gunumuz-turkcesiyle","status":"publish","type":"product","link":"https:\/\/roveyayinevi.com.tr\/index.php\/urun\/gulyabani-gunumuz-turkcesiyle\/","title":{"rendered":"Gulyabani (G\u00fcn\u00fcm\u00fcz T\u00fcrk\u00e7esiyle)"},"content":{"rendered":"<p>\u201cH\u00fcseyin Rahmi\u2019nin bat\u0131l itikatlar\u0131 kendine mevzu edindi\u011fi romanlar\u0131n\u0131n aras\u0131nda \u2013bir romanc\u0131 g\u00f6z\u00fcyle\u2013 en kusursuzu, \u2013bir okuyucu g\u00f6z\u00fcyle\u2013 en e\u011flencelisi Gulyabani\u2019dir.\u201d  Halide Edib Ad\u0131var \u201c\u0130\u00e7inde hakikaten b\u00fct\u00fcn bir \u00e2lem ya\u015fayan ve \u00e7ok kudretli tekni\u011fi sayesinde en olamayacak \u015feylere en m\u00fcmk\u00fcn vaziyetler mahiyeti veren bu roman\u0131, muharriri b\u00fcy\u00fck bir Garp lisan\u0131yla yazsayd\u0131 m\u00fchim bir servet kazan\u0131rd\u0131.\u201d Nahid S\u0131rr\u0131 \u00d6rik   Bas\u0131ld\u0131\u011f\u0131 g\u00fcnden bug\u00fcne bir\u00e7ok ku\u015fak taraf\u0131ndan zevkle okunan Gulyabani, bug\u00fcn de korkutmaya, g\u00fcld\u00fcrmeye ve d\u00fc\u015f\u00fcnd\u00fcrmeye devam eden, ger\u00e7ek bir klasik. Edebiyat\u0131m\u0131z\u0131n bu e\u015fsiz ba\u015fyap\u0131t\u0131n\u0131 ilk bask\u0131lar\u0131 \u00fczerinde yap\u0131lan kar\u015f\u0131la\u015ft\u0131rmal\u0131 \u00e7al\u0131\u015fma ve a\u00e7\u0131klay\u0131c\u0131 dipnotlarla, \u00f6zg\u00fcn diline m\u00fcdahale etmeden sunuyoruz. <\/p>\n","protected":false},"excerpt":{"rendered":"<p>\u201cH\u00fcseyin Rahmi\u2019nin bat\u0131l itikatlar\u0131 kendine mevzu edindi\u011fi romanlar\u0131n\u0131n aras\u0131nda \u2013bir romanc\u0131 g\u00f6z\u00fcyle\u2013 en kusursuzu, \u2013bir okuyucu g\u00f6z\u00fcyle\u2013 en e\u011flencelisi Gulyabani\u2019dir.\u201d Halide Edib Ad\u0131var \u201c\u0130\u00e7inde hakikaten b\u00fct\u00fcn<span class=\"excerpt-hellip\"> [\u2026]<\/span><\/p>\n","protected":false},"featured_media":0,"template":"","meta":{"_monsterinsights_skip_tracking":false,"_monsterinsights_sitenote_active":false,"_monsterinsights_sitenote_note":"","_monsterinsights_sitenote_category":0},"product_brand":[],"product_cat":[12291,12711],"product_tag":[],"class_list":{"0":"post-716689","1":"product","2":"type-product","3":"status-publish","5":"product_cat-edebiyat","6":"product_cat-roman-oyku","7":"pa_cilt-ciltsiz","8":"pa_tur-kitap","9":"pa_yayinevi-can-yayinlari","10":"pa_yazar-huseyin-rahmi-gurpinar","12":"first","13":"instock","14":"sale","15":"shipping-taxable","16":"purchasable","17":"product-type-simple"},"_links":{"self":[{"href":"https:\/\/roveyayinevi.com.tr\/index.php\/wp-json\/wp\/v2\/product\/716689","targetHints":{"allow":["GET"]}}],"collection":[{"href":"https:\/\/roveyayinevi.com.tr\/index.php\/wp-json\/wp\/v2\/product"}],"about":[{"href":"https:\/\/roveyayinevi.com.tr\/index.php\/wp-json\/wp\/v2\/types\/product"}],"wp:attachment":[{"href":"https:\/\/roveyayinevi.com.tr\/index.php\/wp-json\/wp\/v2\/media?parent=716689"}],"wp:term":[{"taxonomy":"product_brand","embeddable":true,"href":"https:\/\/roveyayinevi.com.tr\/index.php\/wp-json\/wp\/v2\/product_brand?post=716689"},{"taxonomy":"product_cat","embeddable":true,"href":"https:\/\/roveyayinevi.com.tr\/index.php\/wp-json\/wp\/v2\/product_cat?post=716689"},{"taxonomy":"product_tag","embeddable":true,"href":"https:\/\/roveyayinevi.com.tr\/index.php\/wp-json\/wp\/v2\/product_tag?post=716689"}],"curies":[{"name":"wp","href":"https:\/\/api.w.org\/{rel}","templated":true}]}}