{"id":716687,"date":"2025-08-27T17:46:06","date_gmt":"2025-08-27T14:46:06","guid":{"rendered":"https:\/\/roveyayinevi.com.tr\/index.php\/urun\/muzigi-bogan-gurultu-ideolojinin-kiskacinda-musiki\/"},"modified":"2026-04-16T02:24:59","modified_gmt":"2026-04-15T23:24:59","slug":"muzigi-bogan-gurultu-ideolojinin-kiskacinda-musiki","status":"publish","type":"product","link":"https:\/\/roveyayinevi.com.tr\/index.php\/urun\/muzigi-bogan-gurultu-ideolojinin-kiskacinda-musiki\/","title":{"rendered":"M\u00fczi\u011fi Bo\u011fan G\u00fcr\u00fclt\u00fc &#8211;  \u0130deolojinin K\u0131skac\u0131nda \u201cMusiki\u201d"},"content":{"rendered":"<p>Osmanl\u0131&#8217;n\u0131n son d\u00f6neminden g\u00fcn\u00fcm\u00fcze \u201cT\u00fcrk musikisi\u201d tart\u0131\u015fmalar\u0131n\u0131n zengin bir materyale dayanan geni\u015f bir panoramas\u0131 ve yorumu. Tarihyaz\u0131m\u0131nda &#8220;uzun y\u00fczy\u0131l&#8221; kavram\u0131na a\u015finay\u0131z, ancak bu uzun y\u00fczy\u0131l\u0131n  daha da uzun olabilece\u011fini, bitmek bilmeyebilece\u011fini bug\u00fcnk\u00fc tart\u0131\u015fmalar\u0131m\u0131zdan hareketle daha iyi anl\u0131yoruz.   G\u00fcne\u015f Ayas, M\u00fczi\u011fi Bo\u011fan G\u00fcr\u00fclt\u00fc adl\u0131 \u00e7al\u0131\u015fmas\u0131yla, Osmanl\u0131 toplumunda geni\u015f bir sosyal zemine yay\u0131lan ve \u00e7o\u011fu zaman birle\u015ftirici bir vazife g\u00f6ren, hatta farkl\u0131 dinlere mensup insanlar\u0131n birlikte icra etti\u011fi \u201cmusiki\u201dnin, \u00f6zellikle Cumhuriyet\u2019le birlikte ideolojik bir s\u00f6ylemin par\u00e7as\u0131 haline geldi\u011fini, yeniden tan\u0131mlama giri\u015fimleri aras\u0131nda Do\u011fu-Bat\u0131-T\u00fcrkl\u00fck \u00fc\u00e7geninde kimli\u011fini yitirdi\u011fini, sular\u0131n nispeten durulmas\u0131n\u0131n \u00fcmit edildi\u011fi y\u0131llarda ise Zeki M\u00fcren gibi ikonik bir ismin kariyerinin de g\u00f6sterdi\u011fi gibi y\u00fcksek k\u00fclt\u00fcr-pop\u00fcler k\u00fclt\u00fcr tart\u0131\u015fmalar\u0131n\u0131n ortas\u0131nda kald\u0131\u011f\u0131n\u0131 ayr\u0131nt\u0131lar\u0131yla g\u00f6zler \u00f6n\u00fcne seriyor. &#8220;\u015eehrin k\u00fclt\u00fcr hayat\u0131n\u0131n ayr\u0131lmaz bir par\u00e7as\u0131 olan Osmanl\u0131 m\u00fczi\u011fi, Osmanl\u0131 \u015fehir toplumunu yatay ve dikey olarak birle\u015ftiren bir \u00fcst k\u00fclt\u00fcr diliyken, nas\u0131l oldu da \u00f6nce bir problem haline geldi, sonra da ad\u0131m ad\u0131m merkezdeki yerini kaybetti? Osmanl\u0131-T\u00fcrk m\u00fczi\u011fi&#8230; \u00e7o\u011fu zaman m\u00fczi\u011fin kendisiyle hi\u00e7 ilgisi olmayan siyasal g\u00fcndemlere hizmet eden bir ideolojik tart\u0131\u015fma konusu haline geldi. \u00d6yle d\u00f6nemler oldu ki, bu m\u00fczik, icrac\u0131lar\u0131 ve dinleyicileriyle de\u011fil, savunucular\u0131 ve d\u00fc\u015fmanlar\u0131yla an\u0131l\u0131r oldu&#8230; \u0130deolojinin k\u0131skac\u0131nda m\u00fczi\u011fin sesi duyulmaz oldu.\u201d <\/p>\n","protected":false},"excerpt":{"rendered":"<p>Osmanl\u0131&#8217;n\u0131n son d\u00f6neminden g\u00fcn\u00fcm\u00fcze \u201cT\u00fcrk musikisi\u201d tart\u0131\u015fmalar\u0131n\u0131n zengin bir materyale dayanan geni\u015f bir panoramas\u0131 ve yorumu. Tarihyaz\u0131m\u0131nda &#8220;uzun y\u00fczy\u0131l&#8221; kavram\u0131na a\u015finay\u0131z, ancak bu uzun y\u00fczy\u0131l\u0131n daha<span class=\"excerpt-hellip\"> [\u2026]<\/span><\/p>\n","protected":false},"featured_media":0,"template":"","meta":{"_monsterinsights_skip_tracking":false,"_monsterinsights_sitenote_active":false,"_monsterinsights_sitenote_note":"","_monsterinsights_sitenote_category":0},"product_brand":[],"product_cat":[14591,14556],"product_tag":[],"class_list":{"0":"post-716687","1":"product","2":"type-product","3":"status-publish","5":"product_cat-genel-kavramlar-kuram-ve-tarihce","6":"product_cat-muzik","7":"pa_cilt-ciltsiz","8":"pa_tur-kitap","9":"pa_yayinevi-ithaki-yayinlari","10":"pa_yazar-gunes-ayas","12":"first","13":"instock","14":"sale","15":"shipping-taxable","16":"purchasable","17":"product-type-simple"},"_links":{"self":[{"href":"https:\/\/roveyayinevi.com.tr\/index.php\/wp-json\/wp\/v2\/product\/716687","targetHints":{"allow":["GET"]}}],"collection":[{"href":"https:\/\/roveyayinevi.com.tr\/index.php\/wp-json\/wp\/v2\/product"}],"about":[{"href":"https:\/\/roveyayinevi.com.tr\/index.php\/wp-json\/wp\/v2\/types\/product"}],"wp:attachment":[{"href":"https:\/\/roveyayinevi.com.tr\/index.php\/wp-json\/wp\/v2\/media?parent=716687"}],"wp:term":[{"taxonomy":"product_brand","embeddable":true,"href":"https:\/\/roveyayinevi.com.tr\/index.php\/wp-json\/wp\/v2\/product_brand?post=716687"},{"taxonomy":"product_cat","embeddable":true,"href":"https:\/\/roveyayinevi.com.tr\/index.php\/wp-json\/wp\/v2\/product_cat?post=716687"},{"taxonomy":"product_tag","embeddable":true,"href":"https:\/\/roveyayinevi.com.tr\/index.php\/wp-json\/wp\/v2\/product_tag?post=716687"}],"curies":[{"name":"wp","href":"https:\/\/api.w.org\/{rel}","templated":true}]}}