{"id":716685,"date":"2025-08-27T17:46:05","date_gmt":"2025-08-27T14:46:05","guid":{"rendered":"https:\/\/roveyayinevi.com.tr\/index.php\/urun\/uzay-akimlari\/"},"modified":"2026-04-16T02:24:59","modified_gmt":"2026-04-15T23:24:59","slug":"uzay-akimlari","status":"publish","type":"product","link":"https:\/\/roveyayinevi.com.tr\/index.php\/urun\/uzay-akimlari\/","title":{"rendered":"Uzay Ak\u0131mlar\u0131"},"content":{"rendered":"<p>Florina gezegeninin y\u00fckseklerine kurulmu\u015f Y\u00fcksek Kent&#8217;te Sark&#8217;\u0131n Toprak Efendileri rahat ve bolluk i\u00e7inde ya\u015f\u0131yorlard\u0131. Y\u00fcksek Kent&#8217;in g\u00f6lgesinde de k\u00f6yl\u00fcler \u00e7al\u0131\u015farak Sarkl\u0131 efendilerini zengin eden &#8220;kirt&#8221; adl\u0131 \u00f6nemli bir maddeyi \u00fcretmeyi ba\u015fard\u0131lar. \u0130syan ise Florina i\u00e7in unutulmu\u015f bir kelimeydi. Fakat i\u015f\u00e7ilerin aras\u0131nda ya\u015fayan, haf\u0131zas\u0131n\u0131 yitirmi\u015f Rik isimli bir adam, kendisine iletilmesi i\u00e7in verilen mesaj\u0131 hat\u0131rlay\u0131nca gezegende i\u015fler tersine d\u00f6nmeye ba\u015flayacakt\u0131: Florina&#8217;daki herkes \u00f6lecek. Toprak Efendileri ve Trantor \u0130mparatorlu\u011fu casuslar\u0131 Rik&#8217;in pe\u015fine d\u00fc\u015ferken Uzay Ak\u0131mlar\u0131 da Florina&#8217;ya y\u0131k\u0131m getirecekti. <\/p>\n","protected":false},"excerpt":{"rendered":"<p>Florina gezegeninin y\u00fckseklerine kurulmu\u015f Y\u00fcksek Kent&#8217;te Sark&#8217;\u0131n Toprak Efendileri rahat ve bolluk i\u00e7inde ya\u015f\u0131yorlard\u0131. Y\u00fcksek Kent&#8217;in g\u00f6lgesinde de k\u00f6yl\u00fcler \u00e7al\u0131\u015farak Sarkl\u0131 efendilerini zengin eden &#8220;kirt&#8221; adl\u0131<span class=\"excerpt-hellip\"> [\u2026]<\/span><\/p>\n","protected":false},"featured_media":0,"template":"","meta":{"_monsterinsights_skip_tracking":false,"_monsterinsights_sitenote_active":false,"_monsterinsights_sitenote_note":"","_monsterinsights_sitenote_category":0},"product_brand":[],"product_cat":[13005,37328],"product_tag":[],"class_list":{"0":"post-716685","1":"product","2":"type-product","3":"status-publish","5":"product_cat-bilim-muhendislik","6":"product_cat-diger-bilim-muhendislik","7":"pa_cilt-ciltsiz","8":"pa_tur-kitap","9":"pa_yayinevi-ithaki-yayinlari","10":"pa_yazar-isaac-asimov","12":"first","13":"instock","14":"sale","15":"shipping-taxable","16":"purchasable","17":"product-type-simple"},"_links":{"self":[{"href":"https:\/\/roveyayinevi.com.tr\/index.php\/wp-json\/wp\/v2\/product\/716685","targetHints":{"allow":["GET"]}}],"collection":[{"href":"https:\/\/roveyayinevi.com.tr\/index.php\/wp-json\/wp\/v2\/product"}],"about":[{"href":"https:\/\/roveyayinevi.com.tr\/index.php\/wp-json\/wp\/v2\/types\/product"}],"wp:attachment":[{"href":"https:\/\/roveyayinevi.com.tr\/index.php\/wp-json\/wp\/v2\/media?parent=716685"}],"wp:term":[{"taxonomy":"product_brand","embeddable":true,"href":"https:\/\/roveyayinevi.com.tr\/index.php\/wp-json\/wp\/v2\/product_brand?post=716685"},{"taxonomy":"product_cat","embeddable":true,"href":"https:\/\/roveyayinevi.com.tr\/index.php\/wp-json\/wp\/v2\/product_cat?post=716685"},{"taxonomy":"product_tag","embeddable":true,"href":"https:\/\/roveyayinevi.com.tr\/index.php\/wp-json\/wp\/v2\/product_tag?post=716685"}],"curies":[{"name":"wp","href":"https:\/\/api.w.org\/{rel}","templated":true}]}}