{"id":716684,"date":"2025-08-27T17:46:04","date_gmt":"2025-08-27T14:46:04","guid":{"rendered":"https:\/\/roveyayinevi.com.tr\/index.php\/urun\/yumurtalarini-kollamak\/"},"modified":"2026-04-16T02:24:59","modified_gmt":"2026-04-15T23:24:59","slug":"yumurtalarini-kollamak","status":"publish","type":"product","link":"https:\/\/roveyayinevi.com.tr\/index.php\/urun\/yumurtalarini-kollamak\/","title":{"rendered":"Yumurtalar\u0131n\u0131 Kollamak"},"content":{"rendered":"<p>Uyurken bile refleksleri devrede olan kediler vard\u0131r. O kediler ne kadar \u201cdalg\u0131n\u201dsa Yumurtalar\u0131n\u0131 Kollamak ba\u015fl\u0131kl\u0131 \u201cyeni dalg\u0131nl\u0131k kurslar\u0131\u201dnda okurlar\u0131na o kadar dalg\u0131nl\u0131k vaat ediyor Enis Batur. Kitap sayfalar\u0131ndan duvar yaz\u0131lar\u0131na s\u0131\u00e7rayan bir dikkatle kedimetinler ili\u015ftiriyor. Her \u015feyin her \u015feye ba\u011fland\u0131\u011f\u0131 denemelerinde dam\u0131t\u0131yor, aktar\u0131yor, \u00e7\u0131kar\u0131yor, ba\u011fda\u015ft\u0131r\u0131yor, ili\u015ftiriyor, uyan\u0131k kalma iradesine sesleniyor okurun(un). Her \u015feyin \u00fcst \u00fcste y\u0131\u011f\u0131ld\u0131\u011f\u0131 g\u00fcn\u00fcm\u00fczde, yumurtalar\u0131 kollamak i\u00e7in, bir may\u0131n tarlas\u0131nda ne kadar dalg\u0131n olunabilirse o kadar dalg\u0131n olunabilece\u011fini, aksi takdirde eb\u2019lenece\u011fimizi s\u00f6yl\u00fcyor.  <\/p>\n","protected":false},"excerpt":{"rendered":"<p>Uyurken bile refleksleri devrede olan kediler vard\u0131r. O kediler ne kadar \u201cdalg\u0131n\u201dsa Yumurtalar\u0131n\u0131 Kollamak ba\u015fl\u0131kl\u0131 \u201cyeni dalg\u0131nl\u0131k kurslar\u0131\u201dnda okurlar\u0131na o kadar dalg\u0131nl\u0131k vaat ediyor Enis Batur.<span class=\"excerpt-hellip\"> [\u2026]<\/span><\/p>\n","protected":false},"featured_media":0,"template":"","meta":{"_monsterinsights_skip_tracking":false,"_monsterinsights_sitenote_active":false,"_monsterinsights_sitenote_note":"","_monsterinsights_sitenote_category":0},"product_brand":[],"product_cat":[12777,12291],"product_tag":[],"class_list":{"0":"post-716684","1":"product","2":"type-product","3":"status-publish","5":"product_cat-deneme","6":"product_cat-edebiyat","7":"pa_cilt-ciltsiz","8":"pa_tur-kitap","9":"pa_yayinevi-kirmizi-kedi-yayinevi","10":"pa_yazar-enis-batur","12":"first","13":"instock","14":"sale","15":"shipping-taxable","16":"purchasable","17":"product-type-simple"},"_links":{"self":[{"href":"https:\/\/roveyayinevi.com.tr\/index.php\/wp-json\/wp\/v2\/product\/716684","targetHints":{"allow":["GET"]}}],"collection":[{"href":"https:\/\/roveyayinevi.com.tr\/index.php\/wp-json\/wp\/v2\/product"}],"about":[{"href":"https:\/\/roveyayinevi.com.tr\/index.php\/wp-json\/wp\/v2\/types\/product"}],"wp:attachment":[{"href":"https:\/\/roveyayinevi.com.tr\/index.php\/wp-json\/wp\/v2\/media?parent=716684"}],"wp:term":[{"taxonomy":"product_brand","embeddable":true,"href":"https:\/\/roveyayinevi.com.tr\/index.php\/wp-json\/wp\/v2\/product_brand?post=716684"},{"taxonomy":"product_cat","embeddable":true,"href":"https:\/\/roveyayinevi.com.tr\/index.php\/wp-json\/wp\/v2\/product_cat?post=716684"},{"taxonomy":"product_tag","embeddable":true,"href":"https:\/\/roveyayinevi.com.tr\/index.php\/wp-json\/wp\/v2\/product_tag?post=716684"}],"curies":[{"name":"wp","href":"https:\/\/api.w.org\/{rel}","templated":true}]}}