{"id":716683,"date":"2025-08-27T17:46:03","date_gmt":"2025-08-27T14:46:03","guid":{"rendered":"https:\/\/roveyayinevi.com.tr\/index.php\/urun\/sana-giden-yol\/"},"modified":"2026-02-03T02:39:15","modified_gmt":"2026-02-02T23:39:15","slug":"sana-giden-yol","status":"publish","type":"product","link":"https:\/\/roveyayinevi.com.tr\/index.php\/urun\/sana-giden-yol\/","title":{"rendered":"Sana Giden Yol"},"content":{"rendered":"<p>Lise mezuniyet hediyesi olarak abisi Emi Price\u2019a kendi dairesini b\u0131rakm\u0131\u015ft\u0131 ancak abisinin tek bir \u015fart\u0131 vard\u0131: Bu yeni dairede Emi\u2019nin efsanevi bir \u015feyler yapmas\u0131n\u0131 istiyordu. Bu s\u0131rada Emi set tasar\u0131mc\u0131l\u0131\u011f\u0131 i\u00e7in staj\u0131na devam ediyor ve rekabet dolu film end\u00fcstrisinde kendine bir yol \u00e7izmeye \u00e7al\u0131\u015f\u0131yordu. Fakat hayat\u0131n\u0131n geri kalan\u0131 s\u00f6z konusu oldu\u011funda, ortalama bir ergenden daha fazlas\u0131 olarak g\u00f6remiyordu kendini. Bir g\u00fcn en yak\u0131n arkada\u015f\u0131 Charlotte ile beraber, \u00fcnl\u00fc bir Hollywood y\u0131ld\u0131z\u0131n\u0131n \u00f6l\u00fcm\u00fcnden sonra, evindeki e\u015fyalar\u0131n a\u00e7\u0131k art\u0131rmas\u0131nda kimsenin varl\u0131\u011f\u0131ndan haberdar olmad\u0131\u011f\u0131 bir mektup ellerine ge\u00e7ti. \u015eimdi Emi\u2019nin mektupta yazanlar\u0131 yerine getirmek ve bu \u00fcnl\u00fc y\u0131ld\u0131z\u0131n hayat\u0131nda geride b\u0131rakt\u0131\u011f\u0131 a\u00e7\u0131k u\u00e7lar\u0131 birle\u015ftirmek i\u00e7in kabu\u011fundan s\u0131yr\u0131lmas\u0131 gerekecekti. Sonucunda ise onlarca sene sakl\u0131 kalm\u0131\u015f s\u0131rlarla ve ger\u00e7ekten inan\u0131lmaz bir \u015fey ke\u015ffetmeyle kar\u015f\u0131 kar\u015f\u0131ya kalacakt\u0131. \u201cHik\u00e2ye o kadar \u00f6zlem, duygu ve zorluklarla dolu ki, kitab\u0131 okurken ger\u00e7ekten film izliyormu\u015f hissi veriyor.\u201dPublishers Weekly \u201cBu hassas, \u00e7ok katmanl\u0131 roman, hayat\u0131n ini\u015f ve \u00e7\u0131k\u0131\u015flar\u0131n\u0131 ger\u00e7ek\u00e7i bir \u015fekilde betimliyor. Kitap sizi i\u00e7ine alacak.\u201d Kirkus \u201cEfsanevi bir a\u015fk hik\u00e2yesi.\u201d Booklist <\/p>\n","protected":false},"excerpt":{"rendered":"<p>Lise mezuniyet hediyesi olarak abisi Emi Price\u2019a kendi dairesini b\u0131rakm\u0131\u015ft\u0131 ancak abisinin tek bir \u015fart\u0131 vard\u0131: Bu yeni dairede Emi\u2019nin efsanevi bir \u015feyler yapmas\u0131n\u0131 istiyordu. Bu<span class=\"excerpt-hellip\"> [\u2026]<\/span><\/p>\n","protected":false},"featured_media":0,"template":"","meta":{"_monsterinsights_skip_tracking":false,"_monsterinsights_sitenote_active":false,"_monsterinsights_sitenote_note":"","_monsterinsights_sitenote_category":0},"product_brand":[],"product_cat":[14643,12291],"product_tag":[],"class_list":{"0":"post-716683","1":"product","2":"type-product","3":"status-publish","5":"product_cat-ask","6":"product_cat-edebiyat","7":"pa_cilt-ciltsiz","8":"pa_tur-kitap","9":"pa_yayinevi-yabanci-yayinevi","10":"pa_yazar-nina-lacour","12":"first","13":"instock","14":"sale","15":"shipping-taxable","16":"purchasable","17":"product-type-simple"},"_links":{"self":[{"href":"https:\/\/roveyayinevi.com.tr\/index.php\/wp-json\/wp\/v2\/product\/716683","targetHints":{"allow":["GET"]}}],"collection":[{"href":"https:\/\/roveyayinevi.com.tr\/index.php\/wp-json\/wp\/v2\/product"}],"about":[{"href":"https:\/\/roveyayinevi.com.tr\/index.php\/wp-json\/wp\/v2\/types\/product"}],"wp:attachment":[{"href":"https:\/\/roveyayinevi.com.tr\/index.php\/wp-json\/wp\/v2\/media?parent=716683"}],"wp:term":[{"taxonomy":"product_brand","embeddable":true,"href":"https:\/\/roveyayinevi.com.tr\/index.php\/wp-json\/wp\/v2\/product_brand?post=716683"},{"taxonomy":"product_cat","embeddable":true,"href":"https:\/\/roveyayinevi.com.tr\/index.php\/wp-json\/wp\/v2\/product_cat?post=716683"},{"taxonomy":"product_tag","embeddable":true,"href":"https:\/\/roveyayinevi.com.tr\/index.php\/wp-json\/wp\/v2\/product_tag?post=716683"}],"curies":[{"name":"wp","href":"https:\/\/api.w.org\/{rel}","templated":true}]}}