{"id":716680,"date":"2025-08-27T17:46:02","date_gmt":"2025-08-27T14:46:02","guid":{"rendered":"https:\/\/roveyayinevi.com.tr\/index.php\/urun\/sosyal-politika-ve-calisma-iliskilerinde-guncel-sorunlar\/"},"modified":"2026-04-16T02:24:59","modified_gmt":"2026-04-15T23:24:59","slug":"sosyal-politika-ve-calisma-iliskilerinde-guncel-sorunlar","status":"publish","type":"product","link":"https:\/\/roveyayinevi.com.tr\/index.php\/urun\/sosyal-politika-ve-calisma-iliskilerinde-guncel-sorunlar\/","title":{"rendered":"Sosyal Politika ve \u00c7al\u0131\u015fma \u0130li\u015fkilerinde G\u00fcncel Sorunlar"},"content":{"rendered":"<p>Toplumsal Tabakala\u015fma Ba\u011flam\u0131nda T\u00fcketim Ba\u011flanma Stillerinin \u0130\u015f Performans\u0131 \u00dczerine Etkisi Beyin G\u00f6\u00e7\u00fc: Nedenleri,Etkileri ve T\u00fcrkiye Bir Sosyal Politika Sabiti Olarak Sosyal \u0130\u00e7erme: Avrupa Birli\u011fi&#8217;nin Sosyal \u0130\u00e7erme Stratejileri \u00dczerine Bir \u0130nceleme T\u00fcrkiye&#8217;nin \u00c7ocuk \u0130\u015f\u00e7ili\u011fi ile M\u00fccadele Politika ve Programlar\u0131n\u0131n Kar\u015f\u0131la\u015ft\u0131rmal\u0131 \u0130ncelemesi Yabanc\u0131 \u0130\u015fg\u00fcc\u00fc \u00dczerine Bir Saha \u00c7al\u0131\u015fmas\u0131: Yeni Hayat\u0131n \u0130n\u015fas\u0131nda Hem Yabanc\u0131 Hem de \u0130\u015fg\u00fcc\u00fc Bir Uyu\u015fmazl\u0131k \u00c7\u00f6z\u00fcm Y\u00f6netimi Olarak Arabuluculuk T\u00fcrkiye&#8217;de Serbest B\u00f6lgeler ve \u0130stihdam Kad\u0131n Giri\u015fimcili\u011fi ve \u0130stihdam &#8220;Bayan Eleman Aran\u0131yor&#8221;: T\u00fcrkiye&#8217;de Kad\u0131n \u0130stihdam\u0131nda Ya\u015fanan Sorunlar ve \u00d6zel \u0130stihdam B\u00fcrolar\u0131 \u00d6rne\u011fi <\/p>\n","protected":false},"excerpt":{"rendered":"<p>Toplumsal Tabakala\u015fma Ba\u011flam\u0131nda T\u00fcketim Ba\u011flanma Stillerinin \u0130\u015f Performans\u0131 \u00dczerine Etkisi Beyin G\u00f6\u00e7\u00fc: Nedenleri,Etkileri ve T\u00fcrkiye Bir Sosyal Politika Sabiti Olarak Sosyal \u0130\u00e7erme: Avrupa Birli\u011fi&#8217;nin Sosyal \u0130\u00e7erme<span class=\"excerpt-hellip\"> [\u2026]<\/span><\/p>\n","protected":false},"featured_media":0,"template":"","meta":{"_monsterinsights_skip_tracking":false,"_monsterinsights_sitenote_active":false,"_monsterinsights_sitenote_note":"","_monsterinsights_sitenote_category":0},"product_brand":[],"product_cat":[13059,12337],"product_tag":[],"class_list":{"0":"post-716680","1":"product","2":"type-product","3":"status-publish","5":"product_cat-diger-politika-siyaset","6":"product_cat-politika-siyaset","7":"pa_cilt-ciltsiz","8":"pa_tur-kitap","9":"pa_yayinevi-gazi-kitabevi","10":"pa_yazar-mete-kaan-namal","12":"first","13":"instock","14":"sale","15":"shipping-taxable","16":"purchasable","17":"product-type-simple"},"_links":{"self":[{"href":"https:\/\/roveyayinevi.com.tr\/index.php\/wp-json\/wp\/v2\/product\/716680","targetHints":{"allow":["GET"]}}],"collection":[{"href":"https:\/\/roveyayinevi.com.tr\/index.php\/wp-json\/wp\/v2\/product"}],"about":[{"href":"https:\/\/roveyayinevi.com.tr\/index.php\/wp-json\/wp\/v2\/types\/product"}],"wp:attachment":[{"href":"https:\/\/roveyayinevi.com.tr\/index.php\/wp-json\/wp\/v2\/media?parent=716680"}],"wp:term":[{"taxonomy":"product_brand","embeddable":true,"href":"https:\/\/roveyayinevi.com.tr\/index.php\/wp-json\/wp\/v2\/product_brand?post=716680"},{"taxonomy":"product_cat","embeddable":true,"href":"https:\/\/roveyayinevi.com.tr\/index.php\/wp-json\/wp\/v2\/product_cat?post=716680"},{"taxonomy":"product_tag","embeddable":true,"href":"https:\/\/roveyayinevi.com.tr\/index.php\/wp-json\/wp\/v2\/product_tag?post=716680"}],"curies":[{"name":"wp","href":"https:\/\/api.w.org\/{rel}","templated":true}]}}