{"id":716675,"date":"2025-08-27T17:45:58","date_gmt":"2025-08-27T14:45:58","guid":{"rendered":"https:\/\/roveyayinevi.com.tr\/index.php\/urun\/defnenin-hazineleri\/"},"modified":"2026-03-12T02:33:24","modified_gmt":"2026-03-11T23:33:24","slug":"defnenin-hazineleri","status":"publish","type":"product","link":"https:\/\/roveyayinevi.com.tr\/index.php\/urun\/defnenin-hazineleri\/","title":{"rendered":"Defne&#8217;nin Hazineleri"},"content":{"rendered":"<p>Yaz tatilinde ho\u015f\u00e7a vakit ge\u00e7irmek isteyen gen\u00e7lerin yoluhazine avc\u0131lar\u0131 ile kesi\u015fecek mi?Mavi Tavus Ku\u015fu Moza\u011fi efsanesi mi yoksa ger\u00e7ek mi?Kay\u0131p olan hazine mi yoksa insanl\u0131k m\u0131?Casmin&#8217;in saklad\u0131\u011f\u0131 s\u0131r k\u00fc\u00e7\u00fck sand\u0131kta gizlenmi\u015f ya Semir&#8217;in s\u0131rr\u0131?Gen\u00e7ler tarihi de\u011ferlere sahip \u00e7\u0131karak insanl\u0131\u011f\u0131n onurunu koruyacaklar m\u0131?Yaz\u0131n en s\u0131cak g\u00fcnlerinde bile g\u00fcr\u00fcl g\u00fcr\u00fcl akan \u015felaleleriyle , yemye\u015fil do\u011fas\u0131 ve su sesleriyle do\u011fal bir serinli\u011fe sahiptir buralar. Adeta cennete d\u00f6n\u00fc\u015fm\u00fc\u015f bu topraklar\u0131 g\u00f6rmeye d\u00fcnyan\u0131n her yerinden insanlar gelmektedir. Bu turistik cennete el de\u011fmemi\u015f haliyle b\u00fct\u00fcn insanlar\u0131n ke\u015ffini bekleyen adeta bir hazinedir.Hatay Antakya&#8217;da ge\u00e7en bu s\u00fcr\u00fckleyici macera  bizi zaman t\u00fcneline yolculu\u011fa \u00e7\u0131kar\u0131yor, unuttuklar\u0131m\u0131z\u0131 hat\u0131rlat\u0131yor, g\u00f6rmedi\u011fimiz ayr\u0131nt\u0131lar\u0131 bize sunuyor.Ge\u00e7mi\u015fe \u0131\u015f\u0131k olup gelece\u011fimizi ayd\u0131nlatmada yeti\u015fkinlerin sorumlulu\u011funu vurgularken , gen\u00e7lere ne kadar g\u00fcvendi\u011fimizi tarihe not d\u00fc\u015f\u00fcyor.<\/p>\n","protected":false},"excerpt":{"rendered":"<p>Yaz tatilinde ho\u015f\u00e7a vakit ge\u00e7irmek isteyen gen\u00e7lerin yoluhazine avc\u0131lar\u0131 ile kesi\u015fecek mi?Mavi Tavus Ku\u015fu Moza\u011fi efsanesi mi yoksa ger\u00e7ek mi?Kay\u0131p olan hazine mi yoksa insanl\u0131k m\u0131?Casmin&#8217;in<span class=\"excerpt-hellip\"> [\u2026]<\/span><\/p>\n","protected":false},"featured_media":0,"template":"","meta":{"_monsterinsights_skip_tracking":false,"_monsterinsights_sitenote_active":false,"_monsterinsights_sitenote_note":"","_monsterinsights_sitenote_category":0},"product_brand":[],"product_cat":[12291,12711],"product_tag":[],"class_list":{"0":"post-716675","1":"product","2":"type-product","3":"status-publish","5":"product_cat-edebiyat","6":"product_cat-roman-oyku","7":"pa_cilt-ciltsiz","8":"pa_tur-kitap","9":"pa_yayinevi-kirmizi-cati-yayinlari","10":"pa_yazar-haldun-aciksozlu","12":"first","13":"instock","14":"sale","15":"shipping-taxable","16":"purchasable","17":"product-type-simple"},"_links":{"self":[{"href":"https:\/\/roveyayinevi.com.tr\/index.php\/wp-json\/wp\/v2\/product\/716675","targetHints":{"allow":["GET"]}}],"collection":[{"href":"https:\/\/roveyayinevi.com.tr\/index.php\/wp-json\/wp\/v2\/product"}],"about":[{"href":"https:\/\/roveyayinevi.com.tr\/index.php\/wp-json\/wp\/v2\/types\/product"}],"wp:attachment":[{"href":"https:\/\/roveyayinevi.com.tr\/index.php\/wp-json\/wp\/v2\/media?parent=716675"}],"wp:term":[{"taxonomy":"product_brand","embeddable":true,"href":"https:\/\/roveyayinevi.com.tr\/index.php\/wp-json\/wp\/v2\/product_brand?post=716675"},{"taxonomy":"product_cat","embeddable":true,"href":"https:\/\/roveyayinevi.com.tr\/index.php\/wp-json\/wp\/v2\/product_cat?post=716675"},{"taxonomy":"product_tag","embeddable":true,"href":"https:\/\/roveyayinevi.com.tr\/index.php\/wp-json\/wp\/v2\/product_tag?post=716675"}],"curies":[{"name":"wp","href":"https:\/\/api.w.org\/{rel}","templated":true}]}}