{"id":716674,"date":"2025-08-27T17:45:57","date_gmt":"2025-08-27T14:45:57","guid":{"rendered":"https:\/\/roveyayinevi.com.tr\/index.php\/urun\/insanciklar-4\/"},"modified":"2026-04-16T02:24:59","modified_gmt":"2026-04-15T23:24:59","slug":"insanciklar-4","status":"publish","type":"product","link":"https:\/\/roveyayinevi.com.tr\/index.php\/urun\/insanciklar-4\/","title":{"rendered":"\u0130nsanc\u0131klar"},"content":{"rendered":"<p>\u201c\u0130nsanc\u0131klar\u201d, Dostoyevski\u2019nin 24 ya\u015f\u0131nda istihk\u00e2m subayl\u0131\u011f\u0131ndan istifa ettikten sonra yazd\u0131\u011f\u0131 ilk romand\u0131r. Dostoyevski bu romanda, 1800\u2019lerin St. Petersburg\u2019undaki fakir memur s\u0131n\u0131f\u0131n\u0131n sefaletini ac\u0131mas\u0131z bir realizmle tasvir eder ve bu insanlar\u0131n \u00e7aresizliklerini, umutsuzluklar\u0131n\u0131 \u00e7ok dokunakl\u0131 \u00fcslupla anlat\u0131r. \u201c\u0130nsanc\u0131klar\u201d, sadece se\u00e7kin \u00e7evrelerin ya\u015fad\u0131\u011f\u0131 \u201cs\u00f6zde\u201d hayat\u0131n ger\u00e7eklerini fakirlerin g\u00f6z\u00fcnden t\u00fcm topluma yans\u0131tm\u0131\u015ft\u0131r. Bu \u00f6zelli\u011finden dolay\u0131 da o d\u00f6nemdeki toplumsal roman \u00f6rneklerinin ilklerindedir. <\/p>\n","protected":false},"excerpt":{"rendered":"<p>\u201c\u0130nsanc\u0131klar\u201d, Dostoyevski\u2019nin 24 ya\u015f\u0131nda istihk\u00e2m subayl\u0131\u011f\u0131ndan istifa ettikten sonra yazd\u0131\u011f\u0131 ilk romand\u0131r. Dostoyevski bu romanda, 1800\u2019lerin St. Petersburg\u2019undaki fakir memur s\u0131n\u0131f\u0131n\u0131n sefaletini ac\u0131mas\u0131z bir realizmle tasvir<span class=\"excerpt-hellip\"> [\u2026]<\/span><\/p>\n","protected":false},"featured_media":0,"template":"","meta":{"_monsterinsights_skip_tracking":false,"_monsterinsights_sitenote_active":false,"_monsterinsights_sitenote_note":"","_monsterinsights_sitenote_category":0},"product_brand":[],"product_cat":[12291,12711],"product_tag":[],"class_list":{"0":"post-716674","1":"product","2":"type-product","3":"status-publish","5":"product_cat-edebiyat","6":"product_cat-roman-oyku","7":"pa_cilt-ciltsiz","8":"pa_tur-kitap","9":"pa_yayinevi-fark-yayinlari","10":"pa_yazar-fyodor-mihaylovic-dostoyevski","12":"first","13":"instock","14":"sale","15":"shipping-taxable","16":"purchasable","17":"product-type-simple"},"_links":{"self":[{"href":"https:\/\/roveyayinevi.com.tr\/index.php\/wp-json\/wp\/v2\/product\/716674","targetHints":{"allow":["GET"]}}],"collection":[{"href":"https:\/\/roveyayinevi.com.tr\/index.php\/wp-json\/wp\/v2\/product"}],"about":[{"href":"https:\/\/roveyayinevi.com.tr\/index.php\/wp-json\/wp\/v2\/types\/product"}],"wp:attachment":[{"href":"https:\/\/roveyayinevi.com.tr\/index.php\/wp-json\/wp\/v2\/media?parent=716674"}],"wp:term":[{"taxonomy":"product_brand","embeddable":true,"href":"https:\/\/roveyayinevi.com.tr\/index.php\/wp-json\/wp\/v2\/product_brand?post=716674"},{"taxonomy":"product_cat","embeddable":true,"href":"https:\/\/roveyayinevi.com.tr\/index.php\/wp-json\/wp\/v2\/product_cat?post=716674"},{"taxonomy":"product_tag","embeddable":true,"href":"https:\/\/roveyayinevi.com.tr\/index.php\/wp-json\/wp\/v2\/product_tag?post=716674"}],"curies":[{"name":"wp","href":"https:\/\/api.w.org\/{rel}","templated":true}]}}