{"id":716673,"date":"2025-08-27T17:45:56","date_gmt":"2025-08-27T14:45:56","guid":{"rendered":"https:\/\/roveyayinevi.com.tr\/index.php\/urun\/colde-tek-basina\/"},"modified":"2026-04-16T02:24:59","modified_gmt":"2026-04-15T23:24:59","slug":"colde-tek-basina","status":"publish","type":"product","link":"https:\/\/roveyayinevi.com.tr\/index.php\/urun\/colde-tek-basina\/","title":{"rendered":"\u00c7\u00f6lde Tek Ba\u015f\u0131na"},"content":{"rendered":"<p>Amerikal\u0131 do\u011fa yazar\u0131 Edward Abbey&#8217;nin \u00c7\u00f6lde Tek Ba\u015f\u0131na (Desert Solitaire) adl\u0131 eseri A.B.D&#8217;de yay\u0131mland\u0131\u011f\u0131 tarihin 50. y\u0131l\u0131nda T\u00fcrk okuruyla bulu\u015fuyor.Aldo Leopold&#8217;un Bir Kum Y\u00f6resi Almana\u011f\u0131 ve Henry Davis Thoreau&#8217;nun Walden adl\u0131 eseriyle s\u0131kl\u0131kla k\u0131yaslanan bu e\u015fsiz do\u011fal alanlar\u0131n de\u011ferine dair yepyeni ufuklar a\u00e7\u0131yor.<\/p>\n","protected":false},"excerpt":{"rendered":"<p>Amerikal\u0131 do\u011fa yazar\u0131 Edward Abbey&#8217;nin \u00c7\u00f6lde Tek Ba\u015f\u0131na (Desert Solitaire) adl\u0131 eseri A.B.D&#8217;de yay\u0131mland\u0131\u011f\u0131 tarihin 50. y\u0131l\u0131nda T\u00fcrk okuruyla bulu\u015fuyor.Aldo Leopold&#8217;un Bir Kum Y\u00f6resi Almana\u011f\u0131 ve<span class=\"excerpt-hellip\"> [\u2026]<\/span><\/p>\n","protected":false},"featured_media":0,"template":"","meta":{"_monsterinsights_skip_tracking":false,"_monsterinsights_sitenote_active":false,"_monsterinsights_sitenote_note":"","_monsterinsights_sitenote_category":0},"product_brand":[],"product_cat":[12891,12291],"product_tag":[],"class_list":{"0":"post-716673","1":"product","2":"type-product","3":"status-publish","5":"product_cat-amerikan-edebiyati","6":"product_cat-edebiyat","7":"pa_cilt-ciltsiz","8":"pa_tur-kitap","9":"pa_yayinevi-bilgesu-yayincilik","10":"pa_yazar-edward-abbey","12":"first","13":"instock","14":"sale","15":"shipping-taxable","16":"purchasable","17":"product-type-simple"},"_links":{"self":[{"href":"https:\/\/roveyayinevi.com.tr\/index.php\/wp-json\/wp\/v2\/product\/716673","targetHints":{"allow":["GET"]}}],"collection":[{"href":"https:\/\/roveyayinevi.com.tr\/index.php\/wp-json\/wp\/v2\/product"}],"about":[{"href":"https:\/\/roveyayinevi.com.tr\/index.php\/wp-json\/wp\/v2\/types\/product"}],"wp:attachment":[{"href":"https:\/\/roveyayinevi.com.tr\/index.php\/wp-json\/wp\/v2\/media?parent=716673"}],"wp:term":[{"taxonomy":"product_brand","embeddable":true,"href":"https:\/\/roveyayinevi.com.tr\/index.php\/wp-json\/wp\/v2\/product_brand?post=716673"},{"taxonomy":"product_cat","embeddable":true,"href":"https:\/\/roveyayinevi.com.tr\/index.php\/wp-json\/wp\/v2\/product_cat?post=716673"},{"taxonomy":"product_tag","embeddable":true,"href":"https:\/\/roveyayinevi.com.tr\/index.php\/wp-json\/wp\/v2\/product_tag?post=716673"}],"curies":[{"name":"wp","href":"https:\/\/api.w.org\/{rel}","templated":true}]}}