{"id":716671,"date":"2025-08-27T17:45:55","date_gmt":"2025-08-27T14:45:55","guid":{"rendered":"https:\/\/roveyayinevi.com.tr\/index.php\/urun\/gecmisten-kacis\/"},"modified":"2026-04-16T02:24:59","modified_gmt":"2026-04-15T23:24:59","slug":"gecmisten-kacis","status":"publish","type":"product","link":"https:\/\/roveyayinevi.com.tr\/index.php\/urun\/gecmisten-kacis\/","title":{"rendered":"Ge\u00e7mi\u015ften Ka\u00e7\u0131\u015f"},"content":{"rendered":"<p>\u201cT\u00fcm saatleri durdurmak, t\u00fcm takvim yapraklar\u0131n\u0131 duvara \u00e7ivilemek ve zaman\u0131 tamamen durdurmak isterdim. \u00d6l\u00fcmle dans eden ben\u2026 Evet ben\u2026 \u0130lk defa ya\u015faman\u0131n \u00f6lmekten daha k\u0131ymetli oldu\u011funu \u00f6\u011frendim.\u201d\u201cGe\u00e7mi\u015ften ka\u00e7\u0131\u015f m\u00fcmk\u00fcn m\u00fc? Hayat\u0131m\u0131zdaki her \u015feyi terk etmek; yeniden do\u011fmak m\u0131d\u0131r, yoksa ge\u00e7mi\u015fin g\u00f6lgesi alt\u0131nda yalanc\u0131 bir umutla ya\u015famak m\u0131d\u0131r?\u201dBu romanda; bir bedende \u00fc\u00e7 farkl\u0131 ismi, \u00fc\u00e7 farkl\u0131 ya\u015fam\u0131, \u00fc\u00e7 farkl\u0131 karakteri ya\u015fatmak zorunda kalm\u0131\u015f bir insan\u0131n ge\u00e7mi\u015fin batakl\u0131\u011f\u0131ndan \u00e7\u0131k\u0131p umuda yolculu\u011funa \u015fahit olacaks\u0131n\u0131z.Zeki Marako\u011flu\u2019nun \u201cA\u015fk\u0131n Pe\u015finde\u201d adl\u0131 ilk kitab\u0131na \u0131\u015f\u0131k tutan bu roman, olaylara farkl\u0131 bir bak\u0131\u015f a\u00e7\u0131s\u0131yla yepyeni bir soluk getirmektedir. Eser, ba\u011f\u0131ms\u0131z bak\u0131\u015f a\u00e7\u0131s\u0131yla \u201cA\u015fk\u0131n Pe\u015finde\u201d kitab\u0131n\u0131 okuyanlara s\u00fcrpriz niteli\u011finde bir son hediye etmektedir.<\/p>\n","protected":false},"excerpt":{"rendered":"<p>\u201cT\u00fcm saatleri durdurmak, t\u00fcm takvim yapraklar\u0131n\u0131 duvara \u00e7ivilemek ve zaman\u0131 tamamen durdurmak isterdim. \u00d6l\u00fcmle dans eden ben\u2026 Evet ben\u2026 \u0130lk defa ya\u015faman\u0131n \u00f6lmekten daha k\u0131ymetli oldu\u011funu<span class=\"excerpt-hellip\"> [\u2026]<\/span><\/p>\n","protected":false},"featured_media":0,"template":"","meta":{"_monsterinsights_skip_tracking":false,"_monsterinsights_sitenote_active":false,"_monsterinsights_sitenote_note":"","_monsterinsights_sitenote_category":0},"product_brand":[],"product_cat":[12291,12711],"product_tag":[],"class_list":{"0":"post-716671","1":"product","2":"type-product","3":"status-publish","5":"product_cat-edebiyat","6":"product_cat-roman-oyku","7":"pa_cilt-ciltsiz","8":"pa_tur-kitap","9":"pa_yayinevi-vaveyla-yayincilik","10":"pa_yazar-zeki-marakoglu","12":"first","13":"instock","14":"sale","15":"shipping-taxable","16":"purchasable","17":"product-type-simple"},"_links":{"self":[{"href":"https:\/\/roveyayinevi.com.tr\/index.php\/wp-json\/wp\/v2\/product\/716671","targetHints":{"allow":["GET"]}}],"collection":[{"href":"https:\/\/roveyayinevi.com.tr\/index.php\/wp-json\/wp\/v2\/product"}],"about":[{"href":"https:\/\/roveyayinevi.com.tr\/index.php\/wp-json\/wp\/v2\/types\/product"}],"wp:attachment":[{"href":"https:\/\/roveyayinevi.com.tr\/index.php\/wp-json\/wp\/v2\/media?parent=716671"}],"wp:term":[{"taxonomy":"product_brand","embeddable":true,"href":"https:\/\/roveyayinevi.com.tr\/index.php\/wp-json\/wp\/v2\/product_brand?post=716671"},{"taxonomy":"product_cat","embeddable":true,"href":"https:\/\/roveyayinevi.com.tr\/index.php\/wp-json\/wp\/v2\/product_cat?post=716671"},{"taxonomy":"product_tag","embeddable":true,"href":"https:\/\/roveyayinevi.com.tr\/index.php\/wp-json\/wp\/v2\/product_tag?post=716671"}],"curies":[{"name":"wp","href":"https:\/\/api.w.org\/{rel}","templated":true}]}}