{"id":716670,"date":"2025-08-27T17:45:54","date_gmt":"2025-08-27T14:45:54","guid":{"rendered":"https:\/\/roveyayinevi.com.tr\/index.php\/urun\/turkiyede-ve-dunyada-uyusturucu-ile-mucadele\/"},"modified":"2026-04-16T02:24:59","modified_gmt":"2026-04-15T23:24:59","slug":"turkiyede-ve-dunyada-uyusturucu-ile-mucadele","status":"publish","type":"product","link":"https:\/\/roveyayinevi.com.tr\/index.php\/urun\/turkiyede-ve-dunyada-uyusturucu-ile-mucadele\/","title":{"rendered":"T\u00fcrkiye&#8217;de ve D\u00fcnyada Uyu\u015fturucu ile M\u00fccadele"},"content":{"rendered":"<p>Ruh ve beden dengesini kuramam\u0131\u015f toplumlar\u0131n sapmalar\u0131ndan biridir uyu\u015fturucu. Bir\u00e7ok par\u00e7an\u0131n birle\u015fmesi ile ancak d\u00fczeltilebilir hayat\u0131n k\u0131r\u0131lmas\u0131. Bu nedenle ayn\u0131 anda bir\u00e7ok kurumun ahenk i\u00e7inde \u00e7al\u0131\u015fmas\u0131, ihtiya\u00e7 halinde koordinasyonun etkin \u015fekilde kurulabilmesi hepsinden \u00f6nemlisi insana de\u011fer verip, y\u00f6netim sisteminin merkez haline getirilmesi ve uyu\u015fturucuya meyletmesinin \u00f6n\u00fcne ge\u00e7ecek tedbirlerin al\u0131nmas\u0131 ile etkin m\u00fccadele y\u00f6ntemi geli\u015ftirilebilir. <\/p>\n","protected":false},"excerpt":{"rendered":"<p>Ruh ve beden dengesini kuramam\u0131\u015f toplumlar\u0131n sapmalar\u0131ndan biridir uyu\u015fturucu. Bir\u00e7ok par\u00e7an\u0131n birle\u015fmesi ile ancak d\u00fczeltilebilir hayat\u0131n k\u0131r\u0131lmas\u0131. Bu nedenle ayn\u0131 anda bir\u00e7ok kurumun ahenk i\u00e7inde \u00e7al\u0131\u015fmas\u0131,<span class=\"excerpt-hellip\"> [\u2026]<\/span><\/p>\n","protected":false},"featured_media":0,"template":"","meta":{"_monsterinsights_skip_tracking":false,"_monsterinsights_sitenote_active":false,"_monsterinsights_sitenote_note":"","_monsterinsights_sitenote_category":0},"product_brand":[],"product_cat":[14787,13488],"product_tag":[],"class_list":{"0":"post-716670","1":"product","2":"type-product","3":"status-publish","5":"product_cat-diger-toplum-ve-insan","6":"product_cat-toplum-ve-insan","7":"pa_cilt-ciltsiz","8":"pa_tur-kitap","9":"pa_yayinevi-tiav","10":"pa_yazar-omer-ulu","12":"first","13":"instock","14":"sale","15":"shipping-taxable","16":"purchasable","17":"product-type-simple"},"_links":{"self":[{"href":"https:\/\/roveyayinevi.com.tr\/index.php\/wp-json\/wp\/v2\/product\/716670","targetHints":{"allow":["GET"]}}],"collection":[{"href":"https:\/\/roveyayinevi.com.tr\/index.php\/wp-json\/wp\/v2\/product"}],"about":[{"href":"https:\/\/roveyayinevi.com.tr\/index.php\/wp-json\/wp\/v2\/types\/product"}],"wp:attachment":[{"href":"https:\/\/roveyayinevi.com.tr\/index.php\/wp-json\/wp\/v2\/media?parent=716670"}],"wp:term":[{"taxonomy":"product_brand","embeddable":true,"href":"https:\/\/roveyayinevi.com.tr\/index.php\/wp-json\/wp\/v2\/product_brand?post=716670"},{"taxonomy":"product_cat","embeddable":true,"href":"https:\/\/roveyayinevi.com.tr\/index.php\/wp-json\/wp\/v2\/product_cat?post=716670"},{"taxonomy":"product_tag","embeddable":true,"href":"https:\/\/roveyayinevi.com.tr\/index.php\/wp-json\/wp\/v2\/product_tag?post=716670"}],"curies":[{"name":"wp","href":"https:\/\/api.w.org\/{rel}","templated":true}]}}