{"id":716669,"date":"2025-08-27T17:45:54","date_gmt":"2025-08-27T14:45:54","guid":{"rendered":"https:\/\/roveyayinevi.com.tr\/index.php\/urun\/insan-olmak-3\/"},"modified":"2026-04-16T02:24:59","modified_gmt":"2026-04-15T23:24:59","slug":"insan-olmak-3","status":"publish","type":"product","link":"https:\/\/roveyayinevi.com.tr\/index.php\/urun\/insan-olmak-3\/","title":{"rendered":"\u0130nsan Olmak"},"content":{"rendered":"<p>\u0130nsan\u0131n milyonlarca y\u0131ll\u0131k yolculu\u011funun \u00f6yk\u00fcs\u00fcn\u00fc anlatt\u0131klar\u0131 kitaplar\u0131nda, Mary ve John Gribbin, bir Afrika kuyruksuz maymununun k\u0131tay\u0131 terk etmesiyle ba\u015flayan bu belirleyici de\u011fi\u015fim ile evrensel de\u011fi\u015fim dinami\u011fi aras\u0131ndaki ba\u011flant\u0131y\u0131 ele al\u0131yor. Bizi di\u011fer kuyruksuz maymunlardan ay\u0131ran\u0131n sadece DNA\u2019m\u0131zdaki y\u00fczde birlik de\u011fi\u015fim olmad\u0131\u011f\u0131n\u0131 vurgulayan yazarlar, iklim de\u011fi\u015fikli\u011finin de bu farkl\u0131la\u015fmada ba\u015fat rol oynad\u0131\u011f\u0131n\u0131n alt\u0131n\u0131 \u00e7iziyorlar. Milyonlarca y\u0131ld\u0131r d\u00fcnyadaki canl\u0131lar\u0131 etkilemi\u015f olan k\u00fcresel iklim de\u011fi\u015fikli\u011fi bizi biz yapan \u00f6zelliklerimizi kazand\u0131rman\u0131n yan\u0131s\u0131ra, gelece\u011fimizi de \u015fekillendirecek. \u201cGribbinler, insan davran\u0131\u015flar\u0131n\u0131 b\u00fct\u00fcnsel olarak kavrayan k\u0131\u015fk\u0131rt\u0131c\u0131 sosyobiyoloji kuram\u0131n\u0131n problemlerini herkesin anlayabilece\u011fi \u015fekilde a\u00e7\u0131kl\u0131yorlar.\u201d Prof. E. O. Wilson, Harvard \u00dcniversitesi <\/p>\n","protected":false},"excerpt":{"rendered":"<p>\u0130nsan\u0131n milyonlarca y\u0131ll\u0131k yolculu\u011funun \u00f6yk\u00fcs\u00fcn\u00fc anlatt\u0131klar\u0131 kitaplar\u0131nda, Mary ve John Gribbin, bir Afrika kuyruksuz maymununun k\u0131tay\u0131 terk etmesiyle ba\u015flayan bu belirleyici de\u011fi\u015fim ile evrensel de\u011fi\u015fim dinami\u011fi<span class=\"excerpt-hellip\"> [\u2026]<\/span><\/p>\n","protected":false},"featured_media":0,"template":"","meta":{"_monsterinsights_skip_tracking":false,"_monsterinsights_sitenote_active":false,"_monsterinsights_sitenote_note":"","_monsterinsights_sitenote_category":0},"product_brand":[],"product_cat":[13005,37328],"product_tag":[],"class_list":{"0":"post-716669","1":"product","2":"type-product","3":"status-publish","5":"product_cat-bilim-muhendislik","6":"product_cat-diger-bilim-muhendislik","7":"pa_cilt-ciltsiz","8":"pa_tur-kitap","9":"pa_yayinevi-alfa-yayinlari","10":"pa_yazar-mary-john-gribbin","12":"first","13":"instock","14":"sale","15":"shipping-taxable","16":"purchasable","17":"product-type-simple"},"_links":{"self":[{"href":"https:\/\/roveyayinevi.com.tr\/index.php\/wp-json\/wp\/v2\/product\/716669","targetHints":{"allow":["GET"]}}],"collection":[{"href":"https:\/\/roveyayinevi.com.tr\/index.php\/wp-json\/wp\/v2\/product"}],"about":[{"href":"https:\/\/roveyayinevi.com.tr\/index.php\/wp-json\/wp\/v2\/types\/product"}],"wp:attachment":[{"href":"https:\/\/roveyayinevi.com.tr\/index.php\/wp-json\/wp\/v2\/media?parent=716669"}],"wp:term":[{"taxonomy":"product_brand","embeddable":true,"href":"https:\/\/roveyayinevi.com.tr\/index.php\/wp-json\/wp\/v2\/product_brand?post=716669"},{"taxonomy":"product_cat","embeddable":true,"href":"https:\/\/roveyayinevi.com.tr\/index.php\/wp-json\/wp\/v2\/product_cat?post=716669"},{"taxonomy":"product_tag","embeddable":true,"href":"https:\/\/roveyayinevi.com.tr\/index.php\/wp-json\/wp\/v2\/product_tag?post=716669"}],"curies":[{"name":"wp","href":"https:\/\/api.w.org\/{rel}","templated":true}]}}