{"id":716660,"date":"2025-08-27T17:45:48","date_gmt":"2025-08-27T14:45:48","guid":{"rendered":"https:\/\/roveyayinevi.com.tr\/index.php\/urun\/babamin-masasi\/"},"modified":"2026-04-16T02:24:59","modified_gmt":"2026-04-15T23:24:59","slug":"babamin-masasi","status":"publish","type":"product","link":"https:\/\/roveyayinevi.com.tr\/index.php\/urun\/babamin-masasi\/","title":{"rendered":"Babam\u0131n Masas\u0131"},"content":{"rendered":"<p>Nihan babas\u0131n\u0131n \u00e7al\u0131\u015fma odas\u0131na girer, onun masas\u0131ndaki e\u015fyalar\u0131 teker teker incelerdi. Kalemler, defterler, foto\u011fraflar, not k\u00e2\u011f\u0131tlar\u0131, \u00e7al\u0131\u015fma lambas\u0131 ve daha bir\u00e7ok \u015fey vard\u0131 babas\u0131n\u0131n masas\u0131nda. O g\u00fcn ise Nihan masaya eklenen yeni bir \u015feyler oldu\u011funu g\u00f6rd\u00fc. Bunlar a\u011fabeyinin okulda yapt\u0131\u011f\u0131 resim ve ablas\u0131n\u0131n ald\u0131\u011f\u0131 \u00f6d\u00fcld\u00fc. Nihan onlar\u0131 g\u00f6rd\u00fc\u011f\u00fcnde masada kendisine de ait bir \u015fey olmas\u0131n\u0131 istedi. En az \u00f6d\u00fcl kadar de\u011ferli ve resim kadar kendi eme\u011fi olmal\u0131yd\u0131. Acaba ne yapmal\u0131yd\u0131?&#8221;Babam\u0131n Masas\u0131&#8221; sevgimizi ifade etme yollar\u0131n\u0131n, aile i\u00e7i ileti\u015fimin ve sat\u0131n al\u0131nan e\u015fyadan ziyade el eme\u011fi hediyenin \u00f6nemine dair reng\u00e2renk ve s\u0131cac\u0131k bir \u00f6yk\u00fc.<\/p>\n","protected":false},"excerpt":{"rendered":"<p>Nihan babas\u0131n\u0131n \u00e7al\u0131\u015fma odas\u0131na girer, onun masas\u0131ndaki e\u015fyalar\u0131 teker teker incelerdi. Kalemler, defterler, foto\u011fraflar, not k\u00e2\u011f\u0131tlar\u0131, \u00e7al\u0131\u015fma lambas\u0131 ve daha bir\u00e7ok \u015fey vard\u0131 babas\u0131n\u0131n masas\u0131nda. O<span class=\"excerpt-hellip\"> [\u2026]<\/span><\/p>\n","protected":false},"featured_media":0,"template":"","meta":{"_monsterinsights_skip_tracking":false,"_monsterinsights_sitenote_active":false,"_monsterinsights_sitenote_note":"","_monsterinsights_sitenote_category":0},"product_brand":[],"product_cat":[12913,12274],"product_tag":[],"class_list":{"0":"post-716660","1":"product","2":"type-product","3":"status-publish","5":"product_cat-3-6-yas-kitaplari","6":"product_cat-cocuk-ve-genclik-kitaplari","7":"pa_cilt-ciltsiz","8":"pa_tur-kitap","9":"pa_yayinevi-timas-cocuk","10":"pa_yazar-esin-bacaci-taner","12":"first","13":"instock","14":"sale","15":"shipping-taxable","16":"purchasable","17":"product-type-simple"},"_links":{"self":[{"href":"https:\/\/roveyayinevi.com.tr\/index.php\/wp-json\/wp\/v2\/product\/716660","targetHints":{"allow":["GET"]}}],"collection":[{"href":"https:\/\/roveyayinevi.com.tr\/index.php\/wp-json\/wp\/v2\/product"}],"about":[{"href":"https:\/\/roveyayinevi.com.tr\/index.php\/wp-json\/wp\/v2\/types\/product"}],"wp:attachment":[{"href":"https:\/\/roveyayinevi.com.tr\/index.php\/wp-json\/wp\/v2\/media?parent=716660"}],"wp:term":[{"taxonomy":"product_brand","embeddable":true,"href":"https:\/\/roveyayinevi.com.tr\/index.php\/wp-json\/wp\/v2\/product_brand?post=716660"},{"taxonomy":"product_cat","embeddable":true,"href":"https:\/\/roveyayinevi.com.tr\/index.php\/wp-json\/wp\/v2\/product_cat?post=716660"},{"taxonomy":"product_tag","embeddable":true,"href":"https:\/\/roveyayinevi.com.tr\/index.php\/wp-json\/wp\/v2\/product_tag?post=716660"}],"curies":[{"name":"wp","href":"https:\/\/api.w.org\/{rel}","templated":true}]}}