{"id":716659,"date":"2025-08-27T17:45:47","date_gmt":"2025-08-27T14:45:47","guid":{"rendered":"https:\/\/roveyayinevi.com.tr\/index.php\/urun\/cizirtili-konser-salonu-can-avar\/"},"modified":"2026-04-16T02:24:59","modified_gmt":"2026-04-15T23:24:59","slug":"cizirtili-konser-salonu-can-avar","status":"publish","type":"product","link":"https:\/\/roveyayinevi.com.tr\/index.php\/urun\/cizirtili-konser-salonu-can-avar\/","title":{"rendered":"C\u0131z\u0131rt\u0131l\u0131 Konser Salonu &#8211; Can Avar"},"content":{"rendered":"<p>Can Avar\u2026 Asl\u0131nda s\u0131radan bir \u00e7ocuk\u2026 Her g\u00fcn d\u00fcnyay\u0131 kurtarmas\u0131n\u0131 saymazsak tabii!Kurt adamlar, hayaletler, mumyalar, vampirler, uzayl\u0131lar, kimin oldu\u011fu belli olmayan g\u00f6lgeler\u2026 Hepsiyle tek ba\u015f\u0131na sava\u015f\u0131yor\u2026 Bizler de onun sayesinde yata\u011f\u0131m\u0131zda rahat uyuyabiliyoruz. Ah! Bir de b\u00fcy\u00fcklerini bu ba\u015far\u0131lar\u0131na inand\u0131rabilse\u2026 Mesela annesini evlerinin bir ejderha taraf\u0131ndan \u0131s\u0131r\u0131ld\u0131\u011f\u0131na ikna edebilse ya da y\u0131llard\u0131r kedi diye besledikleri hayvan\u0131n asl\u0131nda bir rakun oldu\u011funu herkes \u00f6\u011frense\u2026 Anlayaca\u011f\u0131n\u0131z Can\u2019\u0131n b\u00fcy\u00fcklere anlatmak istedi\u011fi \u00e7ok \u015fey var!Can yine kendini \u00fcrk\u00fcn\u00e7 bir maceran\u0131n i\u00e7inde buluyor! Bu sefer bir m\u00fczik grubuna musallat olan k\u00f6t\u00fc g\u00fc\u00e7lerle sava\u015f\u0131yor\u2026 Korku ve Hayal de onunla birlikteler, birlikte m\u00fczik d\u00fcnyas\u0131nda da dola\u015f\u0131yorlar. Can ve arkada\u015flar\u0131, k\u00f6t\u00fc g\u00fc\u00e7leri yenebilecekler mi? Sevimli bak\u0131\u015flar\u0131 olan hain ahtapotun, seyreden ac\u0131mas\u0131z yarat\u0131\u011f\u0131n ve s\u00fcrpriz korku kutusunun etkisinden kurtulabilecekler mi? K\u00fcrdan Adam\u2019\u0131 yenip insanlar\u0131n \u00f6nyarg\u0131lar\u0131n\u0131 k\u0131rabilecekler mi? Anlayaca\u011f\u0131n\u0131z yine bi\u2019 dolu acayiplik, gariplik ve biraz da i\u011fren\u00e7 \u015fey bu kitapta sizleri bekliyor!<\/p>\n","protected":false},"excerpt":{"rendered":"<p>Can Avar\u2026 Asl\u0131nda s\u0131radan bir \u00e7ocuk\u2026 Her g\u00fcn d\u00fcnyay\u0131 kurtarmas\u0131n\u0131 saymazsak tabii!Kurt adamlar, hayaletler, mumyalar, vampirler, uzayl\u0131lar, kimin oldu\u011fu belli olmayan g\u00f6lgeler\u2026 Hepsiyle tek ba\u015f\u0131na sava\u015f\u0131yor\u2026<span class=\"excerpt-hellip\"> [\u2026]<\/span><\/p>\n","protected":false},"featured_media":0,"template":"","meta":{"_monsterinsights_skip_tracking":false,"_monsterinsights_sitenote_active":false,"_monsterinsights_sitenote_note":"","_monsterinsights_sitenote_category":0},"product_brand":[],"product_cat":[12274,12284],"product_tag":[],"class_list":{"0":"post-716659","1":"product","2":"type-product","3":"status-publish","5":"product_cat-cocuk-ve-genclik-kitaplari","6":"product_cat-hikayeler","7":"pa_cilt-ciltli","8":"pa_tur-kitap","9":"pa_yayinevi-timas-cocuk","10":"pa_yazar-haktan-kaan-icel","12":"first","13":"instock","14":"sale","15":"shipping-taxable","16":"purchasable","17":"product-type-simple"},"_links":{"self":[{"href":"https:\/\/roveyayinevi.com.tr\/index.php\/wp-json\/wp\/v2\/product\/716659","targetHints":{"allow":["GET"]}}],"collection":[{"href":"https:\/\/roveyayinevi.com.tr\/index.php\/wp-json\/wp\/v2\/product"}],"about":[{"href":"https:\/\/roveyayinevi.com.tr\/index.php\/wp-json\/wp\/v2\/types\/product"}],"wp:attachment":[{"href":"https:\/\/roveyayinevi.com.tr\/index.php\/wp-json\/wp\/v2\/media?parent=716659"}],"wp:term":[{"taxonomy":"product_brand","embeddable":true,"href":"https:\/\/roveyayinevi.com.tr\/index.php\/wp-json\/wp\/v2\/product_brand?post=716659"},{"taxonomy":"product_cat","embeddable":true,"href":"https:\/\/roveyayinevi.com.tr\/index.php\/wp-json\/wp\/v2\/product_cat?post=716659"},{"taxonomy":"product_tag","embeddable":true,"href":"https:\/\/roveyayinevi.com.tr\/index.php\/wp-json\/wp\/v2\/product_tag?post=716659"}],"curies":[{"name":"wp","href":"https:\/\/api.w.org\/{rel}","templated":true}]}}