{"id":716658,"date":"2025-08-27T17:45:46","date_gmt":"2025-08-27T14:45:46","guid":{"rendered":"https:\/\/roveyayinevi.com.tr\/index.php\/urun\/deli-olmak-isten-degil-entel-dantel-isler-ciltli\/"},"modified":"2026-04-16T02:24:59","modified_gmt":"2026-04-15T23:24:59","slug":"deli-olmak-isten-degil-entel-dantel-isler-ciltli","status":"publish","type":"product","link":"https:\/\/roveyayinevi.com.tr\/index.php\/urun\/deli-olmak-isten-degil-entel-dantel-isler-ciltli\/","title":{"rendered":"Deli Olmak \u0130\u015ften De\u011fil &#8211; Entel Dantel \u0130\u015fler (Ciltli)"},"content":{"rendered":"<p>Nesli ile S\u00fcsl\u00fc iki kafa dengi kuzen. Kendilerini her g\u00fcn acayip bir maceran\u0131n i\u00e7inde buluyorlar.Babas\u0131na gelen trafik cezas\u0131na \u00fcz\u00fclen Nesli, cezay\u0131 ortadan kald\u0131rmay\u0131 akl\u0131na koyunca S\u00fcsl\u00fc ile birlikte solu\u011fu en yak\u0131n trafik polisinin yan\u0131nda al\u0131yor.Bir yandan anneleriyle aralar\u0131nda benzerlik y\u00f6n\u00fcnden ters orant\u0131 oldu\u011funu d\u00fc\u015f\u00fcnen m\u00fcthi\u015f kuzenler, bu tersli\u011fi ortadan kald\u0131rmak i\u00e7in ge\u00e7ici olarak annelerini de\u011fi\u015fmeye karar veriyorlar ve birbirlerinin evinin yolunu tutuyorlar.Yeni adresinde S\u00fcsl\u00fc, sa\u00e7lar\u0131n\u0131n uzamas\u0131n\u0131 h\u0131zland\u0131rmak i\u00e7in onlar\u0131 kesip sardunya saks\u0131s\u0131na dikiyor, Nesli\u2019yi ise gitti\u011fi yerde bir t\u00fcrl\u00fc uyku tutmuyor. \u00c7\u00fcnk\u00fc penceresine acayip bir \u0131\u015f\u0131k vuruyor ve bu \u0131\u015f\u0131k onu pe\u015finden bah\u00e7eye kadar s\u00fcr\u00fckl\u00fcyor.\u0130ki kafadar kuzenin gizemli ve komik maceralar\u0131 merakla okunmay\u0131 bekliyor!<\/p>\n","protected":false},"excerpt":{"rendered":"<p>Nesli ile S\u00fcsl\u00fc iki kafa dengi kuzen. Kendilerini her g\u00fcn acayip bir maceran\u0131n i\u00e7inde buluyorlar.Babas\u0131na gelen trafik cezas\u0131na \u00fcz\u00fclen Nesli, cezay\u0131 ortadan kald\u0131rmay\u0131 akl\u0131na koyunca S\u00fcsl\u00fc<span class=\"excerpt-hellip\"> [\u2026]<\/span><\/p>\n","protected":false},"featured_media":0,"template":"","meta":{"_monsterinsights_skip_tracking":false,"_monsterinsights_sitenote_active":false,"_monsterinsights_sitenote_note":"","_monsterinsights_sitenote_category":0},"product_brand":[],"product_cat":[12274,12284],"product_tag":[],"class_list":{"0":"post-716658","1":"product","2":"type-product","3":"status-publish","5":"product_cat-cocuk-ve-genclik-kitaplari","6":"product_cat-hikayeler","7":"pa_cilt-ciltli","8":"pa_tur-kitap","9":"pa_yayinevi-timas-cocuk","10":"pa_yazar-nehir-aydin-gokduman","12":"first","13":"instock","14":"sale","15":"shipping-taxable","16":"purchasable","17":"product-type-simple"},"_links":{"self":[{"href":"https:\/\/roveyayinevi.com.tr\/index.php\/wp-json\/wp\/v2\/product\/716658","targetHints":{"allow":["GET"]}}],"collection":[{"href":"https:\/\/roveyayinevi.com.tr\/index.php\/wp-json\/wp\/v2\/product"}],"about":[{"href":"https:\/\/roveyayinevi.com.tr\/index.php\/wp-json\/wp\/v2\/types\/product"}],"wp:attachment":[{"href":"https:\/\/roveyayinevi.com.tr\/index.php\/wp-json\/wp\/v2\/media?parent=716658"}],"wp:term":[{"taxonomy":"product_brand","embeddable":true,"href":"https:\/\/roveyayinevi.com.tr\/index.php\/wp-json\/wp\/v2\/product_brand?post=716658"},{"taxonomy":"product_cat","embeddable":true,"href":"https:\/\/roveyayinevi.com.tr\/index.php\/wp-json\/wp\/v2\/product_cat?post=716658"},{"taxonomy":"product_tag","embeddable":true,"href":"https:\/\/roveyayinevi.com.tr\/index.php\/wp-json\/wp\/v2\/product_tag?post=716658"}],"curies":[{"name":"wp","href":"https:\/\/api.w.org\/{rel}","templated":true}]}}