{"id":716652,"date":"2025-08-27T17:45:42","date_gmt":"2025-08-27T14:45:42","guid":{"rendered":"https:\/\/roveyayinevi.com.tr\/index.php\/urun\/muhasebe-imgesi-ve-gercekligi\/"},"modified":"2026-04-16T02:24:59","modified_gmt":"2026-04-15T23:24:59","slug":"muhasebe-imgesi-ve-gercekligi","status":"publish","type":"product","link":"https:\/\/roveyayinevi.com.tr\/index.php\/urun\/muhasebe-imgesi-ve-gercekligi\/","title":{"rendered":"Muhasebe  \u0130mgesi ve Ger\u00e7ekli\u011fi"},"content":{"rendered":"<p>Muhasebe \u0130mgesi ve Ger\u00e7ekli\u011fi kitab\u0131nda yazarlar\u0131n kendi \u00e7al\u0131\u015fmalar\u0131, hem de ayn\u0131 konular ve sorunlar \u00fczerinde kuramsal d\u00fc\u015f\u00fcnce ve \u00e7\u00f6z\u00fcmler \u00fcretmi\u015f b\u00fcy\u00fck ustalar\u0131n \u00e7al\u0131\u015fmalar\u0131ndan yararlan\u0131lm\u0131\u015f, daha do\u011frusu b\u00fcy\u00fck ustalar\u0131n ufuk ve \u00e7\u0131\u011f\u0131 a\u00e7\u0131c\u0131 \u00e7al\u0131\u015fmalar\u0131 yazarlar i\u00e7in temel dayanak noktas\u0131 ve \u00f6zendirici esin kayna\u011f\u0131 olmu\u015ftur. \u0130\u00e7indekiler;B\u00f6l\u00fcm Sosyo &#8211; Politik ve Ekonomi Ortamda MuhasebeMuhasebe Kurallar\u0131n\u0131n Olu\u015fumu Tek Boyutlu MuhasebeMuhasebenin K\u00f6t\u00fc Kullan\u0131lmas\u0131 T\u00fcrkiye&#8217;de  25 Banka&#8217;n\u0131n \u0130flas\u0131 Olay\u0131nda Muhasebin K\u00f6t\u00fc Kullan\u0131lmas\u0131ADB&#8217;de Enron&#8217;un \u00c7\u00f6k\u00fc\u015f\u00fc Olay\u0131nda Muhasenin K\u00f6t\u00fcye Kullan\u0131lmas\u0131Muhasebinin K\u00f6t\u00fcye Kullan\u0131lmas\u0131na Kar\u015f\u0131n Sava\u015f\u0131m\u00c7ok Boyutlu Muhasebenin Olabilirli\u011fi \u00dczerine<\/p>\n","protected":false},"excerpt":{"rendered":"<p>Muhasebe \u0130mgesi ve Ger\u00e7ekli\u011fi kitab\u0131nda yazarlar\u0131n kendi \u00e7al\u0131\u015fmalar\u0131, hem de ayn\u0131 konular ve sorunlar \u00fczerinde kuramsal d\u00fc\u015f\u00fcnce ve \u00e7\u00f6z\u00fcmler \u00fcretmi\u015f b\u00fcy\u00fck ustalar\u0131n \u00e7al\u0131\u015fmalar\u0131ndan yararlan\u0131lm\u0131\u015f, daha do\u011frusu<span class=\"excerpt-hellip\"> [\u2026]<\/span><\/p>\n","protected":false},"featured_media":0,"template":"","meta":{"_monsterinsights_skip_tracking":false,"_monsterinsights_sitenote_active":false,"_monsterinsights_sitenote_note":"","_monsterinsights_sitenote_category":0},"product_brand":[],"product_cat":[13043,14381],"product_tag":[],"class_list":{"0":"post-716652","1":"product","2":"type-product","3":"status-publish","5":"product_cat-ekonomi","6":"product_cat-isletme-muhasebe-maliye","7":"pa_cilt-ciltsiz","8":"pa_tur-kitap","9":"pa_yayinevi-gazi-kitabevi","10":"pa_yazar-canol-kandemir-senol-kandemir","12":"first","13":"instock","14":"sale","15":"shipping-taxable","16":"purchasable","17":"product-type-simple"},"_links":{"self":[{"href":"https:\/\/roveyayinevi.com.tr\/index.php\/wp-json\/wp\/v2\/product\/716652","targetHints":{"allow":["GET"]}}],"collection":[{"href":"https:\/\/roveyayinevi.com.tr\/index.php\/wp-json\/wp\/v2\/product"}],"about":[{"href":"https:\/\/roveyayinevi.com.tr\/index.php\/wp-json\/wp\/v2\/types\/product"}],"wp:attachment":[{"href":"https:\/\/roveyayinevi.com.tr\/index.php\/wp-json\/wp\/v2\/media?parent=716652"}],"wp:term":[{"taxonomy":"product_brand","embeddable":true,"href":"https:\/\/roveyayinevi.com.tr\/index.php\/wp-json\/wp\/v2\/product_brand?post=716652"},{"taxonomy":"product_cat","embeddable":true,"href":"https:\/\/roveyayinevi.com.tr\/index.php\/wp-json\/wp\/v2\/product_cat?post=716652"},{"taxonomy":"product_tag","embeddable":true,"href":"https:\/\/roveyayinevi.com.tr\/index.php\/wp-json\/wp\/v2\/product_tag?post=716652"}],"curies":[{"name":"wp","href":"https:\/\/api.w.org\/{rel}","templated":true}]}}