{"id":716651,"date":"2025-08-27T17:45:41","date_gmt":"2025-08-27T14:45:41","guid":{"rendered":"https:\/\/roveyayinevi.com.tr\/index.php\/urun\/uluslararasi-finansal-raporlama-standardi-sigorta-sozlesmeleri\/"},"modified":"2026-04-16T02:24:59","modified_gmt":"2026-04-15T23:24:59","slug":"uluslararasi-finansal-raporlama-standardi-sigorta-sozlesmeleri","status":"publish","type":"product","link":"https:\/\/roveyayinevi.com.tr\/index.php\/urun\/uluslararasi-finansal-raporlama-standardi-sigorta-sozlesmeleri\/","title":{"rendered":"Uluslararas\u0131 Finansal Raporlama Standard\u0131 Sigorta S\u00f6zle\u015fmeleri"},"content":{"rendered":"<p>Hayat sigorta s\u00f6zle\u015fmelerinin muhasebele\u015ftirilmesi ve raporlamas\u0131 konusunda bug\u00fcne kadar s\u0131n\u0131rl\u0131 say\u0131da \u00e7al\u0131\u015fma yap\u0131lm\u0131\u015ft\u0131r. 18 May\u0131s 2017 tarihinde Uluslararas\u0131 Muhasebe Standartlar\u0131 Kurulu taraf\u0131ndan yay\u0131lan UFRS17 Sigorta S\u00f6zle\u015fmeleri Standard\u0131 kapsam\u0131nda konuyu ele alan bunu T\u00fcrk Muhasebe Sistemi \u00e7er\u00e7evesinde yans\u0131malar\u0131n\u0131 inceleyen, Dr. Mustafa O\u011fuz&#8217;un haz\u0131rlam\u0131\u015f oldu\u011fu bu eserde, T\u00fcrk Muhasebe sahas\u0131ndaki eksiklikler ele al\u0131nm\u0131\u015ft\u0131r.   \u0130\u00e7indekiler: Giri\u015f Sigorta ve Sigortac\u0131l\u0131kla \u0130lgili Temel Bilgiler Hayat Sigortas\u0131 ve Hayat Sigorta \u015eirketlerinde Genel Muhasebe Sistemi UFRS 17 Sigorta S\u00f6zle\u015fmeleri Standard\u0131 Sigorta S\u00f6zle\u015fmelerinin Muhasebele\u015fritilmesi ve Rapor\u015fanmas\u0131na \u0130li\u015fkin UFRS\/TFRS 4 ve UFRS Standartlar\u0131n\u0131n Kar\u015f\u0131la\u015ft\u0131r\u0131lmas\u0131 6.Hayat Sigorta S\u00f6zle\u015fmelerinin UFRS 17 Kapsam\u0131nda \u00d6l\u00e7\u00fcm\u00fcMuhaseeler\u015ftirilmesi ve Raporlanmas\u0131na \u0130li\u015fkin Uygulamalar<\/p>\n","protected":false},"excerpt":{"rendered":"<p>Hayat sigorta s\u00f6zle\u015fmelerinin muhasebele\u015ftirilmesi ve raporlamas\u0131 konusunda bug\u00fcne kadar s\u0131n\u0131rl\u0131 say\u0131da \u00e7al\u0131\u015fma yap\u0131lm\u0131\u015ft\u0131r. 18 May\u0131s 2017 tarihinde Uluslararas\u0131 Muhasebe Standartlar\u0131 Kurulu taraf\u0131ndan yay\u0131lan UFRS17 Sigorta S\u00f6zle\u015fmeleri<span class=\"excerpt-hellip\"> [\u2026]<\/span><\/p>\n","protected":false},"featured_media":0,"template":"","meta":{"_monsterinsights_skip_tracking":false,"_monsterinsights_sitenote_active":false,"_monsterinsights_sitenote_note":"","_monsterinsights_sitenote_category":0},"product_brand":[],"product_cat":[13043,14381],"product_tag":[],"class_list":{"0":"post-716651","1":"product","2":"type-product","3":"status-publish","5":"product_cat-ekonomi","6":"product_cat-isletme-muhasebe-maliye","7":"pa_cilt-ciltsiz","8":"pa_tur-kitap","9":"pa_yayinevi-gazi-kitabevi","10":"pa_yazar-mustafa-oguz","12":"first","13":"instock","14":"sale","15":"shipping-taxable","16":"purchasable","17":"product-type-simple"},"_links":{"self":[{"href":"https:\/\/roveyayinevi.com.tr\/index.php\/wp-json\/wp\/v2\/product\/716651","targetHints":{"allow":["GET"]}}],"collection":[{"href":"https:\/\/roveyayinevi.com.tr\/index.php\/wp-json\/wp\/v2\/product"}],"about":[{"href":"https:\/\/roveyayinevi.com.tr\/index.php\/wp-json\/wp\/v2\/types\/product"}],"wp:attachment":[{"href":"https:\/\/roveyayinevi.com.tr\/index.php\/wp-json\/wp\/v2\/media?parent=716651"}],"wp:term":[{"taxonomy":"product_brand","embeddable":true,"href":"https:\/\/roveyayinevi.com.tr\/index.php\/wp-json\/wp\/v2\/product_brand?post=716651"},{"taxonomy":"product_cat","embeddable":true,"href":"https:\/\/roveyayinevi.com.tr\/index.php\/wp-json\/wp\/v2\/product_cat?post=716651"},{"taxonomy":"product_tag","embeddable":true,"href":"https:\/\/roveyayinevi.com.tr\/index.php\/wp-json\/wp\/v2\/product_tag?post=716651"}],"curies":[{"name":"wp","href":"https:\/\/api.w.org\/{rel}","templated":true}]}}