{"id":716646,"date":"2025-08-27T17:45:38","date_gmt":"2025-08-27T14:45:38","guid":{"rendered":"https:\/\/roveyayinevi.com.tr\/index.php\/urun\/yalitim-ve-sosyal-temaslar\/"},"modified":"2026-04-16T02:24:59","modified_gmt":"2026-04-15T23:24:59","slug":"yalitim-ve-sosyal-temaslar","status":"publish","type":"product","link":"https:\/\/roveyayinevi.com.tr\/index.php\/urun\/yalitim-ve-sosyal-temaslar\/","title":{"rendered":"Yal\u0131t\u0131m ve Sosyal Temaslar"},"content":{"rendered":"<p>\u201cKi\u015finin ait oldu\u011fu grubun \u00fcyelerinden mutlak yal\u0131t\u0131m\u0131 d\u00fc\u015f\u00fcn\u00fclemez. Biyolojik a\u00e7\u0131dan bak\u0131ld\u0131\u011f\u0131nda dahi, yeni bir varl\u0131k i\u00e7in \u00f6n ko\u015ful, \u00fcst seviye hayvan t\u00fcrlerinden iki ferdin bir araya gelmesidir. S\u00f6z konusu insan ise salt fizyolojik olarak ya\u015fam\u0131n\u0131 s\u00fcrd\u00fcrebilmek i\u00e7in dahi yavru, ebeveynlerinin be\u015f veya alt\u0131 y\u0131ll\u0131k bak\u0131m\u0131na muhta\u00e7t\u0131r. Sadece biyolojik a\u00e7\u0131dan de\u011fil, sosyolojik a\u00e7\u0131dan da tam yal\u0131t\u0131lm\u0131\u015fl\u0131k kavramsal olarak \u00e7eli\u015fkilidir. Aristoteles\u2019i izleyen sosyologlar, insan do\u011fas\u0131n\u0131n sosyal ili\u015fkiler i\u00e7inde geli\u015fti\u011fi, sosyal ili\u015fkiler d\u0131\u015f\u0131nda ise zay\u0131flad\u0131\u011f\u0131 g\u00f6r\u00fc\u015f\u00fcnde onunla hemfikirdirler. O halde denilebilir ki yal\u0131t\u0131m gerek sosyal gerek biyolojik a\u00e7\u0131dan, mutlak de\u011fil, g\u00f6relidir\u201d.\u201cEn temel sosyal s\u00fcre\u00e7, etkile\u015fimdir. Bu etkile\u015fim (a) insanlar aras\u0131nda ve (b) gruplar aras\u0131nda ger\u00e7ekle\u015fir. Etkile\u015fimin en basit par\u00e7as\u0131, ya da ilk a\u015famas\u0131, temast\u0131r. Temas, etkile\u015fimin birinci evresi ve sonraki evrelere haz\u0131rl\u0131k olarak d\u00fc\u015f\u00fcn\u00fclebilir. \u00c7ok daha zor bir konu olan sosyal etkile\u015fim mekanizmalar\u0131na ge\u00e7meden \u00f6nce, sosyal temas fenomeninin analizini yapmak gerekir\u201d.Amerikan sosyolojisinin kurucu isimlerinden olan Robert E. Park\u2019\u0131n T\u00fcrk\u00e7edeki k\u00fclliyat\u0131 geni\u015fliyor. Bu \u00e7al\u0131\u015fmada bireylerin ve toplumlar\u0131n birbirleriyle izole ve\/veya temas halinde olmalar\u0131 iki ayr\u0131 ba\u015fl\u0131k alt\u0131nda ele al\u0131n\u0131yor. Biyolojiden psikolojiye, co\u011frafyadan sosyolojiye uzanan geni\u015f bir okuma listesi e\u015fli\u011finde\u2026<\/p>\n","protected":false},"excerpt":{"rendered":"<p>\u201cKi\u015finin ait oldu\u011fu grubun \u00fcyelerinden mutlak yal\u0131t\u0131m\u0131 d\u00fc\u015f\u00fcn\u00fclemez. Biyolojik a\u00e7\u0131dan bak\u0131ld\u0131\u011f\u0131nda dahi, yeni bir varl\u0131k i\u00e7in \u00f6n ko\u015ful, \u00fcst seviye hayvan t\u00fcrlerinden iki ferdin bir araya<span class=\"excerpt-hellip\"> [\u2026]<\/span><\/p>\n","protected":false},"featured_media":0,"template":"","meta":{"_monsterinsights_skip_tracking":false,"_monsterinsights_sitenote_active":false,"_monsterinsights_sitenote_note":"","_monsterinsights_sitenote_category":0},"product_brand":[],"product_cat":[12324,27533],"product_tag":[],"class_list":{"0":"post-716646","1":"product","2":"type-product","3":"status-publish","5":"product_cat-sosyoloji","6":"product_cat-sosyolojiye-giris","7":"pa_cilt-ciltsiz","8":"pa_tur-kitap","9":"pa_yayinevi-pinhan-yayincilik","10":"pa_yazar-robert-ezra-park","12":"first","13":"instock","14":"sale","15":"shipping-taxable","16":"purchasable","17":"product-type-simple"},"_links":{"self":[{"href":"https:\/\/roveyayinevi.com.tr\/index.php\/wp-json\/wp\/v2\/product\/716646","targetHints":{"allow":["GET"]}}],"collection":[{"href":"https:\/\/roveyayinevi.com.tr\/index.php\/wp-json\/wp\/v2\/product"}],"about":[{"href":"https:\/\/roveyayinevi.com.tr\/index.php\/wp-json\/wp\/v2\/types\/product"}],"wp:attachment":[{"href":"https:\/\/roveyayinevi.com.tr\/index.php\/wp-json\/wp\/v2\/media?parent=716646"}],"wp:term":[{"taxonomy":"product_brand","embeddable":true,"href":"https:\/\/roveyayinevi.com.tr\/index.php\/wp-json\/wp\/v2\/product_brand?post=716646"},{"taxonomy":"product_cat","embeddable":true,"href":"https:\/\/roveyayinevi.com.tr\/index.php\/wp-json\/wp\/v2\/product_cat?post=716646"},{"taxonomy":"product_tag","embeddable":true,"href":"https:\/\/roveyayinevi.com.tr\/index.php\/wp-json\/wp\/v2\/product_tag?post=716646"}],"curies":[{"name":"wp","href":"https:\/\/api.w.org\/{rel}","templated":true}]}}