{"id":716645,"date":"2025-08-27T17:45:38","date_gmt":"2025-08-27T14:45:38","guid":{"rendered":"https:\/\/roveyayinevi.com.tr\/index.php\/urun\/diplomatik-vahset-cemal-kasikci-cinayetinin-karanlik-sirlari\/"},"modified":"2026-04-16T02:24:58","modified_gmt":"2026-04-15T23:24:58","slug":"diplomatik-vahset-cemal-kasikci-cinayetinin-karanlik-sirlari","status":"publish","type":"product","link":"https:\/\/roveyayinevi.com.tr\/index.php\/urun\/diplomatik-vahset-cemal-kasikci-cinayetinin-karanlik-sirlari\/","title":{"rendered":"Diplomatik Vah\u015fet &#8211; Cemal Ka\u015f\u0131k\u00e7\u0131 Cinayetinin Karanl\u0131k S\u0131rlar\u0131"},"content":{"rendered":"<p>Diplomatik Vah\u015fet, Cemal Ka\u015f\u0131k\u00e7\u0131 cinayetininkaranl\u0131k s\u0131rlar\u0131n\u0131 g\u00f6zler \u00f6n\u00fcne seriyor!Cemal Ka\u015f\u0131k\u00e7\u0131\u2019n\u0131n \u00f6l\u00fcm\u00fcnden \u00f6nceki yedi bu\u00e7uk dakikada, konsoloslukta neler ya\u015fand\u0131?Cinayet nas\u0131l planland\u0131, cinayeti sahada kimler uygulad\u0131?Ka\u015f\u0131k\u00e7\u0131\u2019n\u0131n cesedi nas\u0131l par\u00e7aland\u0131 ve yok edildi?Cinayet \u00e2n\u0131 ve \u00f6ncesinde infaz timi ba\u015fkonsoloslukta neler konu\u015ftu?Suudi \u0130stihbarat \u015eefi\u2019nin birlikte ke\u015fif yapt\u0131\u011f\u0131 \u2018gizemli\u2019 ki\u015fi kim?Gizli servis ba\u015fkanlar\u0131 M\u0130T kararg\u00e2h\u0131nda neler konu\u015ftu?Cemal Ka\u015f\u0131k\u00e7\u0131\u2019n\u0131n cesedi \u015fu anda nerede?Suikastta rol alan 15+3 ki\u015finin kimlikleri ve \u00f6zellikleri neler?Ve en \u00f6nemlisi: Ka\u015f\u0131k\u00e7\u0131\u2019n\u0131n \u00f6ld\u00fcr\u00fclmesi talimat\u0131n\u0131 kim, neden verdi?Ka\u015f\u0131k\u00e7\u0131 cinayetinin bilinmeyenlerini T\u00fcrkiye ve uluslararas\u0131 kamuoyuna duyuran \u00fc\u00e7 ara\u015ft\u0131rmac\u0131 gazeteci, d\u00fcnyay\u0131 sarsan suikast\u0131 ayd\u0131nlatacak en kritik sorular\u0131n pe\u015fine d\u00fc\u015f\u00fcyor.Bu \u00f6nemli sorular\u0131n cevab\u0131 niteli\u011findeki ses kay\u0131tlar\u0131 ve belgeler, ilk kez Diplomatik Vah\u015fet\u2019te.Diplomatik Vah\u015fet, sadece bir suikast\u0131n anatomisi de\u011fil, ara\u015ft\u0131rmac\u0131 gazetecili\u011fin de en iyi \u00f6rneklerinden.<\/p>\n","protected":false},"excerpt":{"rendered":"<p>Diplomatik Vah\u015fet, Cemal Ka\u015f\u0131k\u00e7\u0131 cinayetininkaranl\u0131k s\u0131rlar\u0131n\u0131 g\u00f6zler \u00f6n\u00fcne seriyor!Cemal Ka\u015f\u0131k\u00e7\u0131\u2019n\u0131n \u00f6l\u00fcm\u00fcnden \u00f6nceki yedi bu\u00e7uk dakikada, konsoloslukta neler ya\u015fand\u0131?Cinayet nas\u0131l planland\u0131, cinayeti sahada kimler uygulad\u0131?Ka\u015f\u0131k\u00e7\u0131\u2019n\u0131n cesedi nas\u0131l<span class=\"excerpt-hellip\"> [\u2026]<\/span><\/p>\n","protected":false},"featured_media":0,"template":"","meta":{"_monsterinsights_skip_tracking":false,"_monsterinsights_sitenote_active":false,"_monsterinsights_sitenote_note":"","_monsterinsights_sitenote_category":0},"product_brand":[],"product_cat":[13590,12337],"product_tag":[],"class_list":{"0":"post-716645","1":"product","2":"type-product","3":"status-publish","5":"product_cat-arastirma-inceleme-politika-siyaset","6":"product_cat-politika-siyaset","7":"pa_cilt-ciltsiz","8":"pa_tur-kitap","9":"pa_yayinevi-turkuvaz-kitap","10":"pa_yazar-kolektif","12":"first","13":"instock","14":"sale","15":"shipping-taxable","16":"purchasable","17":"product-type-simple"},"_links":{"self":[{"href":"https:\/\/roveyayinevi.com.tr\/index.php\/wp-json\/wp\/v2\/product\/716645","targetHints":{"allow":["GET"]}}],"collection":[{"href":"https:\/\/roveyayinevi.com.tr\/index.php\/wp-json\/wp\/v2\/product"}],"about":[{"href":"https:\/\/roveyayinevi.com.tr\/index.php\/wp-json\/wp\/v2\/types\/product"}],"wp:attachment":[{"href":"https:\/\/roveyayinevi.com.tr\/index.php\/wp-json\/wp\/v2\/media?parent=716645"}],"wp:term":[{"taxonomy":"product_brand","embeddable":true,"href":"https:\/\/roveyayinevi.com.tr\/index.php\/wp-json\/wp\/v2\/product_brand?post=716645"},{"taxonomy":"product_cat","embeddable":true,"href":"https:\/\/roveyayinevi.com.tr\/index.php\/wp-json\/wp\/v2\/product_cat?post=716645"},{"taxonomy":"product_tag","embeddable":true,"href":"https:\/\/roveyayinevi.com.tr\/index.php\/wp-json\/wp\/v2\/product_tag?post=716645"}],"curies":[{"name":"wp","href":"https:\/\/api.w.org\/{rel}","templated":true}]}}