{"id":716643,"date":"2025-08-27T17:45:37","date_gmt":"2025-08-27T14:45:37","guid":{"rendered":"https:\/\/roveyayinevi.com.tr\/index.php\/urun\/bilimin-isiginda-felsefe\/"},"modified":"2026-04-16T02:24:58","modified_gmt":"2026-04-15T23:24:58","slug":"bilimin-isiginda-felsefe","status":"publish","type":"product","link":"https:\/\/roveyayinevi.com.tr\/index.php\/urun\/bilimin-isiginda-felsefe\/","title":{"rendered":"Bilimin I\u015f\u0131\u011f\u0131nda Felsefe"},"content":{"rendered":"<p>Bilimin I\u015f\u0131\u011f\u0131nda Felsefe, Nusret H\u0131z\u0131r\u2019\u0131n \u00f6l\u00fcm\u00fcn\u00fcn ard\u0131ndan, \u00f6\u011frencisi ve yak\u0131n dostu F\u00fcsun Akatl\u0131\u2019n\u0131n, hocas\u0131n\u0131n evrak\u0131 metrukesinden derledi\u011fi iki ayr\u0131 kitab\u0131n birle\u015fimi. \u0130lki, a\u011f\u0131rl\u0131kla H\u0131z\u0131r\u2019\u0131n hayattayken bir kitapta toplamay\u0131 tasarlad\u0131\u011f\u0131 yaz\u0131lardan olu\u015fan, yine ayn\u0131 adla daha \u00f6nce yay\u0131mlanm\u0131\u015f Bilimin I\u015f\u0131\u011f\u0131nda Felsefe; di\u011feri, do\u00e7entlik tezi \u00f6zeti ile \u201cBir Uygarl\u0131k Tarihine Giri\u015f Notlar\u0131\u201d ba\u015fl\u0131kl\u0131 ders \u00f6zetleri yan\u0131nda, Akatl\u0131\u2019n\u0131n akademik dergiler, ses bantlar\u0131 ve dosyalardan taray\u0131p \u00e7\u0131kard\u0131\u011f\u0131 metinlerden meydana gelen Geride Kalanlar.Nusret H\u0131z\u0131r, T\u00fcrkiye\u2019de modern anlamda bir felsefe e\u011fitiminin yerle\u015fmesi ve geli\u015fmesinde katk\u0131lar\u0131 ve tan\u0131kl\u0131klar\u0131yla \u00f6nemli bir yer tutan tarihsel bir ki\u015filiktir. Felsefeyi ele al\u0131\u015f bi\u00e7imi, d\u00fc\u015f\u00fcnme tarz\u0131 ve tavr\u0131, bilgiye ve bilime yakla\u015f\u0131m\u0131yla \u00e7a\u011fda\u015flar\u0131 aras\u0131ndan sivrilen \u00f6rnek al\u0131nas\u0131 bir felsefeci ve bilim insan\u0131d\u0131r. \u00dcstelik, \u201cbelli bir alan\u0131n sorunlar\u0131na dalm\u0131\u015f ve ba\u015fka alanlara kapal\u0131 kalm\u0131\u015f, s\u00f6yleyecek s\u00f6z\u00fc uzmanl\u0131k alan\u0131yla s\u0131n\u0131rl\u0131 bir bilimci ya da felsefeci de\u011fil, \u00e7ok y\u00f6nl\u00fc bir k\u00fclt\u00fcr adam\u0131\u201dd\u0131r.<\/p>\n","protected":false},"excerpt":{"rendered":"<p>Bilimin I\u015f\u0131\u011f\u0131nda Felsefe, Nusret H\u0131z\u0131r\u2019\u0131n \u00f6l\u00fcm\u00fcn\u00fcn ard\u0131ndan, \u00f6\u011frencisi ve yak\u0131n dostu F\u00fcsun Akatl\u0131\u2019n\u0131n, hocas\u0131n\u0131n evrak\u0131 metrukesinden derledi\u011fi iki ayr\u0131 kitab\u0131n birle\u015fimi. \u0130lki, a\u011f\u0131rl\u0131kla H\u0131z\u0131r\u2019\u0131n hayattayken bir<span class=\"excerpt-hellip\"> [\u2026]<\/span><\/p>\n","protected":false},"featured_media":0,"template":"","meta":{"_monsterinsights_skip_tracking":false,"_monsterinsights_sitenote_active":false,"_monsterinsights_sitenote_note":"","_monsterinsights_sitenote_category":0},"product_brand":[],"product_cat":[16038,12388],"product_tag":[],"class_list":{"0":"post-716643","1":"product","2":"type-product","3":"status-publish","5":"product_cat-arastirma-inceleme-referans-felsefe","6":"product_cat-felsefe","7":"pa_cilt-ciltsiz","8":"pa_tur-kitap","9":"pa_yayinevi-kirmizi-kedi-yayinevi","10":"pa_yazar-nusret-hizir","12":"first","13":"instock","14":"sale","15":"shipping-taxable","16":"purchasable","17":"product-type-simple"},"_links":{"self":[{"href":"https:\/\/roveyayinevi.com.tr\/index.php\/wp-json\/wp\/v2\/product\/716643","targetHints":{"allow":["GET"]}}],"collection":[{"href":"https:\/\/roveyayinevi.com.tr\/index.php\/wp-json\/wp\/v2\/product"}],"about":[{"href":"https:\/\/roveyayinevi.com.tr\/index.php\/wp-json\/wp\/v2\/types\/product"}],"wp:attachment":[{"href":"https:\/\/roveyayinevi.com.tr\/index.php\/wp-json\/wp\/v2\/media?parent=716643"}],"wp:term":[{"taxonomy":"product_brand","embeddable":true,"href":"https:\/\/roveyayinevi.com.tr\/index.php\/wp-json\/wp\/v2\/product_brand?post=716643"},{"taxonomy":"product_cat","embeddable":true,"href":"https:\/\/roveyayinevi.com.tr\/index.php\/wp-json\/wp\/v2\/product_cat?post=716643"},{"taxonomy":"product_tag","embeddable":true,"href":"https:\/\/roveyayinevi.com.tr\/index.php\/wp-json\/wp\/v2\/product_tag?post=716643"}],"curies":[{"name":"wp","href":"https:\/\/api.w.org\/{rel}","templated":true}]}}