{"id":716641,"date":"2025-08-27T17:45:35","date_gmt":"2025-08-27T14:45:35","guid":{"rendered":"https:\/\/roveyayinevi.com.tr\/index.php\/urun\/tosun-sultan-ve-hin-vezir\/"},"modified":"2026-04-16T02:24:58","modified_gmt":"2026-04-15T23:24:58","slug":"tosun-sultan-ve-hin-vezir","status":"publish","type":"product","link":"https:\/\/roveyayinevi.com.tr\/index.php\/urun\/tosun-sultan-ve-hin-vezir\/","title":{"rendered":"Tosun Sultan ve Hin Vezir"},"content":{"rendered":"<p>Tosun Sultan ile e\u015fi Semiz Hatun bir sarayda ya\u015f\u0131yorlar elbette. Ne var ki hazine suyunu \u00e7ekmi\u015f! \u0130\u015fte bu y\u00fczden ak\u0131ll\u0131 m\u0131 ak\u0131ll\u0131 Hin Vezir hem vezir hem de \u015faklaban. Kap\u0131 n\u00f6bet\u00e7isi Ta\u015fkafa da ayn\u0131 zamanda bir cellat! Saray ahalisinin, ama en \u00e7ok da Tosun Sultan ile Hin Vezir\u2019in ba\u015flar\u0131ndan her g\u00fcn komik maceralar ge\u00e7iyor. \u00dcstelik bu maceralarda bulmacalar gizli! Bakal\u0131m siz de onlar\u0131n hik\u00e2yelerini okurken bulmacalar\u0131n yan\u0131tlar\u0131n\u0131 Tosun Sultan\u2019la birlikte bulabilecek misiniz? Hepsini sonra arkada\u015flar\u0131n\u0131za anlat\u0131p e\u011flenceli zaman ge\u00e7irmeyi de unutmay\u0131n! <\/p>\n","protected":false},"excerpt":{"rendered":"<p>Tosun Sultan ile e\u015fi Semiz Hatun bir sarayda ya\u015f\u0131yorlar elbette. Ne var ki hazine suyunu \u00e7ekmi\u015f! \u0130\u015fte bu y\u00fczden ak\u0131ll\u0131 m\u0131 ak\u0131ll\u0131 Hin Vezir hem vezir<span class=\"excerpt-hellip\"> [\u2026]<\/span><\/p>\n","protected":false},"featured_media":0,"template":"","meta":{"_monsterinsights_skip_tracking":false,"_monsterinsights_sitenote_active":false,"_monsterinsights_sitenote_note":"","_monsterinsights_sitenote_category":0},"product_brand":[],"product_cat":[12492,12274],"product_tag":[],"class_list":{"0":"post-716641","1":"product","2":"type-product","3":"status-publish","5":"product_cat-bilmece-bulmaca","6":"product_cat-cocuk-ve-genclik-kitaplari","7":"pa_cilt-ciltsiz","8":"pa_tur-kitap","9":"pa_yayinevi-kirmizi-kedi-yayinevi","10":"pa_yazar-suleyman-nebioglu","12":"first","13":"instock","14":"sale","15":"shipping-taxable","16":"purchasable","17":"product-type-simple"},"_links":{"self":[{"href":"https:\/\/roveyayinevi.com.tr\/index.php\/wp-json\/wp\/v2\/product\/716641","targetHints":{"allow":["GET"]}}],"collection":[{"href":"https:\/\/roveyayinevi.com.tr\/index.php\/wp-json\/wp\/v2\/product"}],"about":[{"href":"https:\/\/roveyayinevi.com.tr\/index.php\/wp-json\/wp\/v2\/types\/product"}],"wp:attachment":[{"href":"https:\/\/roveyayinevi.com.tr\/index.php\/wp-json\/wp\/v2\/media?parent=716641"}],"wp:term":[{"taxonomy":"product_brand","embeddable":true,"href":"https:\/\/roveyayinevi.com.tr\/index.php\/wp-json\/wp\/v2\/product_brand?post=716641"},{"taxonomy":"product_cat","embeddable":true,"href":"https:\/\/roveyayinevi.com.tr\/index.php\/wp-json\/wp\/v2\/product_cat?post=716641"},{"taxonomy":"product_tag","embeddable":true,"href":"https:\/\/roveyayinevi.com.tr\/index.php\/wp-json\/wp\/v2\/product_tag?post=716641"}],"curies":[{"name":"wp","href":"https:\/\/api.w.org\/{rel}","templated":true}]}}