{"id":716639,"date":"2025-08-27T17:45:34","date_gmt":"2025-08-27T14:45:34","guid":{"rendered":"https:\/\/roveyayinevi.com.tr\/index.php\/urun\/idilikler\/"},"modified":"2026-04-16T02:24:58","modified_gmt":"2026-04-15T23:24:58","slug":"idilikler","status":"publish","type":"product","link":"https:\/\/roveyayinevi.com.tr\/index.php\/urun\/idilikler\/","title":{"rendered":"\u0130dilikler"},"content":{"rendered":"<p>Buralarda bah\u00e7e diye bir kad\u0131n                                                      g\u00f6rd\u00fcn\u00fcz m\u00fc hi\u00e7 a\u011fz\u0131 \u015fiirden  bazen bir \u00fcz\u00fcm\u00fcn buruk tanesi                                                      bazen k\u0131z\u0131lca bir nar\u0131n annesi                                                      bazen bir \u0131sl\u0131\u011f\u0131n \u00e7apk\u0131n mavisi                                                      bazen de bal\u0131 bir h\u0131nz\u0131r incirin                                                      ve can\u0131 yeni a\u00e7m\u0131\u015f bir eri\u011fin                                                      sevi\u015fmesi gibi suyla yepyeni                                                      i\u015fte \u00f6yle can\u0131m \u00e7ekiyor seni <\/p>\n","protected":false},"excerpt":{"rendered":"<p>Buralarda bah\u00e7e diye bir kad\u0131n g\u00f6rd\u00fcn\u00fcz m\u00fc hi\u00e7 a\u011fz\u0131 \u015fiirden bazen bir \u00fcz\u00fcm\u00fcn buruk tanesi bazen k\u0131z\u0131lca bir nar\u0131n annesi bazen bir \u0131sl\u0131\u011f\u0131n \u00e7apk\u0131n mavisi bazen<span class=\"excerpt-hellip\"> [\u2026]<\/span><\/p>\n","protected":false},"featured_media":0,"template":"","meta":{"_monsterinsights_skip_tracking":false,"_monsterinsights_sitenote_active":false,"_monsterinsights_sitenote_note":"","_monsterinsights_sitenote_category":0},"product_brand":[],"product_cat":[12291,12509],"product_tag":[],"class_list":{"0":"post-716639","1":"product","2":"type-product","3":"status-publish","5":"product_cat-edebiyat","6":"product_cat-siir","7":"pa_cilt-ciltsiz","8":"pa_tur-kitap","9":"pa_yayinevi-kirmizi-kedi-yayinevi","10":"pa_yazar-haydar-ergulen","12":"first","13":"instock","14":"sale","15":"shipping-taxable","16":"purchasable","17":"product-type-simple"},"_links":{"self":[{"href":"https:\/\/roveyayinevi.com.tr\/index.php\/wp-json\/wp\/v2\/product\/716639","targetHints":{"allow":["GET"]}}],"collection":[{"href":"https:\/\/roveyayinevi.com.tr\/index.php\/wp-json\/wp\/v2\/product"}],"about":[{"href":"https:\/\/roveyayinevi.com.tr\/index.php\/wp-json\/wp\/v2\/types\/product"}],"wp:attachment":[{"href":"https:\/\/roveyayinevi.com.tr\/index.php\/wp-json\/wp\/v2\/media?parent=716639"}],"wp:term":[{"taxonomy":"product_brand","embeddable":true,"href":"https:\/\/roveyayinevi.com.tr\/index.php\/wp-json\/wp\/v2\/product_brand?post=716639"},{"taxonomy":"product_cat","embeddable":true,"href":"https:\/\/roveyayinevi.com.tr\/index.php\/wp-json\/wp\/v2\/product_cat?post=716639"},{"taxonomy":"product_tag","embeddable":true,"href":"https:\/\/roveyayinevi.com.tr\/index.php\/wp-json\/wp\/v2\/product_tag?post=716639"}],"curies":[{"name":"wp","href":"https:\/\/api.w.org\/{rel}","templated":true}]}}