{"id":716638,"date":"2025-08-27T17:45:33","date_gmt":"2025-08-27T14:45:33","guid":{"rendered":"https:\/\/roveyayinevi.com.tr\/index.php\/urun\/30-dakikada-atistirmaliklar\/"},"modified":"2026-04-16T02:24:58","modified_gmt":"2026-04-15T23:24:58","slug":"30-dakikada-atistirmaliklar","status":"publish","type":"product","link":"https:\/\/roveyayinevi.com.tr\/index.php\/urun\/30-dakikada-atistirmaliklar\/","title":{"rendered":"30 Dakikada At\u0131\u015ft\u0131rmal\u0131klar"},"content":{"rendered":"<p>Sizler i\u00e7in pratik, lezzetli ve en h\u0131zl\u0131 tariflerimden olu\u015fan \u00fc\u00e7 nefis kitap haz\u0131rlad\u0131m. Mutfakta az, sevdiklerinizle bol zaman ge\u00e7irin diye!    Sadece 30 dakikada kahvalt\u0131 ve \u00e7ay sofralar\u0131n\u0131z\u0131 s\u00fcsleyecek, kendinize ve sevdiklerinize zaman ay\u0131raca\u011f\u0131n\u0131z 80 pratik at\u0131\u015ft\u0131rmal\u0131k tarifimi bir araya getirdim.   Her zaman s\u00f6ylerim; yemek birle\u015ftirir! Sizi de sevdiklerinizle ayn\u0131 sofrada birle\u015ftirmesi dile\u011fiyle!  <\/p>\n","protected":false},"excerpt":{"rendered":"<p>Sizler i\u00e7in pratik, lezzetli ve en h\u0131zl\u0131 tariflerimden olu\u015fan \u00fc\u00e7 nefis kitap haz\u0131rlad\u0131m. Mutfakta az, sevdiklerinizle bol zaman ge\u00e7irin diye! Sadece 30 dakikada kahvalt\u0131 ve \u00e7ay<span class=\"excerpt-hellip\"> [\u2026]<\/span><\/p>\n","protected":false},"featured_media":0,"template":"","meta":{"_monsterinsights_skip_tracking":false,"_monsterinsights_sitenote_active":false,"_monsterinsights_sitenote_note":"","_monsterinsights_sitenote_category":0},"product_brand":[],"product_cat":[12458,12457],"product_tag":[],"class_list":{"0":"post-716638","1":"product","2":"type-product","3":"status-publish","5":"product_cat-turk-mutfagi","6":"product_cat-yemek-kitaplari","7":"pa_cilt-ciltsiz","8":"pa_tur-kitap","9":"pa_yayinevi-inkilap-kitabevi","10":"pa_yazar-idil-yazar","12":"first","13":"instock","14":"sale","15":"shipping-taxable","16":"purchasable","17":"product-type-simple"},"_links":{"self":[{"href":"https:\/\/roveyayinevi.com.tr\/index.php\/wp-json\/wp\/v2\/product\/716638","targetHints":{"allow":["GET"]}}],"collection":[{"href":"https:\/\/roveyayinevi.com.tr\/index.php\/wp-json\/wp\/v2\/product"}],"about":[{"href":"https:\/\/roveyayinevi.com.tr\/index.php\/wp-json\/wp\/v2\/types\/product"}],"wp:attachment":[{"href":"https:\/\/roveyayinevi.com.tr\/index.php\/wp-json\/wp\/v2\/media?parent=716638"}],"wp:term":[{"taxonomy":"product_brand","embeddable":true,"href":"https:\/\/roveyayinevi.com.tr\/index.php\/wp-json\/wp\/v2\/product_brand?post=716638"},{"taxonomy":"product_cat","embeddable":true,"href":"https:\/\/roveyayinevi.com.tr\/index.php\/wp-json\/wp\/v2\/product_cat?post=716638"},{"taxonomy":"product_tag","embeddable":true,"href":"https:\/\/roveyayinevi.com.tr\/index.php\/wp-json\/wp\/v2\/product_tag?post=716638"}],"curies":[{"name":"wp","href":"https:\/\/api.w.org\/{rel}","templated":true}]}}