{"id":716637,"date":"2025-08-27T17:45:32","date_gmt":"2025-08-27T14:45:32","guid":{"rendered":"https:\/\/roveyayinevi.com.tr\/index.php\/urun\/kopan-agasinin-vasiyeti\/"},"modified":"2026-04-16T02:24:58","modified_gmt":"2026-04-15T23:24:58","slug":"kopan-agasinin-vasiyeti","status":"publish","type":"product","link":"https:\/\/roveyayinevi.com.tr\/index.php\/urun\/kopan-agasinin-vasiyeti\/","title":{"rendered":"Kopan A\u011fas\u0131&#8217;n\u0131n Vasiyeti"},"content":{"rendered":"<p>&#8220;Be\u015f T\u00fcrk yi\u011fidi Macar grubunun \u00f6n\u00fcnde durdu&#8230; Macarlar k\u00fclahlar\u0131n\u0131 sallayarak T\u00fcrklere yer a\u00e7\u0131yor, onlarsa Macar yi\u011fitlerin huzursuz atlar\u0131n\u0131 hayranl\u0131kla izliyorlard\u0131&#8230; \u015eimdi d\u00fc\u015fman de\u011fil, sadece rakiptiler, yi\u011fittiler, serhat ya\u015fam\u0131n\u0131n g\u00fczellikleri ve ha\u015fin \u015fartlar\u0131 i\u00e7inde adeta arkada\u015f idiler&#8230;&#8221; Tarihi hikaye bir d\u00fcello ile ba\u015flar: Laszl\u00f6 Babocsai, \u00f6len babas\u0131n\u0131n \u00f6c\u00fcn\u00fc almak i\u00e7in Kopan Kalesi&#8217;nin efendisi Oglu&#8217;yu \u00f6ld\u00fcr\u00fcr. T\u00fcrk zabit Oglu, ya\u015fam\u0131n\u0131n son dakikalar\u0131nda rakibine bar\u0131\u015f elini uzat\u0131r ve ondan Macar anneden do\u011fma k\u0131z\u0131 Zsuzsa&#8217;n\u0131n sorumlulu\u011funu \u00fcstlenmesini ister. Istvan Fekete 1586&#8217;da Macaristan&#8217;da ge\u00e7en bu romantik ve maceral\u0131 hikayesinde, T\u00fcrk fetih d\u00f6nemini, serhat \u00e7arp\u0131\u015fmalar\u0131n\u0131n tehlikelerle dolu ve heyecanl\u0131 g\u00fcnlerini g\u00f6zlerimizin \u00f6n\u00fcne seriyor. Yazar\u0131n ilk roman denemesi olan 1937 tarihli Kopan A\u011fas\u0131&#8217;n\u0131n Vasiyeti&#8217;nden sinemaya uyarlanan film ayn\u0131 zamanda ilk renkli Macar filmi olma \u00f6zelli\u011fini de ta\u015f\u0131yor.<\/p>\n","protected":false},"excerpt":{"rendered":"<p>&#8220;Be\u015f T\u00fcrk yi\u011fidi Macar grubunun \u00f6n\u00fcnde durdu&#8230; Macarlar k\u00fclahlar\u0131n\u0131 sallayarak T\u00fcrklere yer a\u00e7\u0131yor, onlarsa Macar yi\u011fitlerin huzursuz atlar\u0131n\u0131 hayranl\u0131kla izliyorlard\u0131&#8230; \u015eimdi d\u00fc\u015fman de\u011fil, sadece rakiptiler, yi\u011fittiler,<span class=\"excerpt-hellip\"> [\u2026]<\/span><\/p>\n","protected":false},"featured_media":0,"template":"","meta":{"_monsterinsights_skip_tracking":false,"_monsterinsights_sitenote_active":false,"_monsterinsights_sitenote_note":"","_monsterinsights_sitenote_category":0},"product_brand":[],"product_cat":[12291,12711],"product_tag":[],"class_list":{"0":"post-716637","1":"product","2":"type-product","3":"status-publish","5":"product_cat-edebiyat","6":"product_cat-roman-oyku","7":"pa_cilt-ciltsiz","8":"pa_tur-kitap","9":"pa_yayinevi-epsilon-yayinlari","10":"pa_yazar-istvan-fekete","12":"first","13":"instock","14":"sale","15":"shipping-taxable","16":"purchasable","17":"product-type-simple"},"_links":{"self":[{"href":"https:\/\/roveyayinevi.com.tr\/index.php\/wp-json\/wp\/v2\/product\/716637","targetHints":{"allow":["GET"]}}],"collection":[{"href":"https:\/\/roveyayinevi.com.tr\/index.php\/wp-json\/wp\/v2\/product"}],"about":[{"href":"https:\/\/roveyayinevi.com.tr\/index.php\/wp-json\/wp\/v2\/types\/product"}],"wp:attachment":[{"href":"https:\/\/roveyayinevi.com.tr\/index.php\/wp-json\/wp\/v2\/media?parent=716637"}],"wp:term":[{"taxonomy":"product_brand","embeddable":true,"href":"https:\/\/roveyayinevi.com.tr\/index.php\/wp-json\/wp\/v2\/product_brand?post=716637"},{"taxonomy":"product_cat","embeddable":true,"href":"https:\/\/roveyayinevi.com.tr\/index.php\/wp-json\/wp\/v2\/product_cat?post=716637"},{"taxonomy":"product_tag","embeddable":true,"href":"https:\/\/roveyayinevi.com.tr\/index.php\/wp-json\/wp\/v2\/product_tag?post=716637"}],"curies":[{"name":"wp","href":"https:\/\/api.w.org\/{rel}","templated":true}]}}