{"id":716633,"date":"2025-08-27T17:44:55","date_gmt":"2025-08-27T14:44:55","guid":{"rendered":"https:\/\/roveyayinevi.com.tr\/index.php\/urun\/ronesans-ve-barok\/"},"modified":"2026-04-16T02:24:58","modified_gmt":"2026-04-15T23:24:58","slug":"ronesans-ve-barok","status":"publish","type":"product","link":"https:\/\/roveyayinevi.com.tr\/index.php\/urun\/ronesans-ve-barok\/","title":{"rendered":"R\u00f6nesans ve Barok"},"content":{"rendered":"<p>&#8220;Bu inceleme R\u00f6nesans\u2019\u0131n \u00e7\u00f6z\u00fclmesini ele almaktad\u0131r. Sanat\u00e7\u0131lar\u0131n tarihine de\u011fil, \u00fcsluplar\u0131n tarihine katk\u0131da bulunmak iste\u011findedir. Amac\u0131m \u00e7\u00f6k\u00fc\u015f\u00fcn belirtilerini g\u00f6zlemlemek ve m\u00fcmk\u00fcnse \u2018gev\u015feme ve keyfilik\u2019 a\u00e7\u0131s\u0131ndan sanat\u0131n mahrem ya\u015fam\u0131n\u0131 g\u00f6zlemlememizi sa\u011flayacak yasay\u0131 bulmakt\u0131r. Sanat tarihinin as\u0131l amac\u0131n\u0131n bu oldu\u011funu san\u0131yorum.\u201d \u201cR\u00f6nesans\u2019tan Barok\u2019a ge\u00e7i\u015f Modern \u00e7a\u011f\u0131n sanatsal evriminin en ilgi \u00e7ekici ba\u015fl\u0131klar\u0131ndan biridir.\u201d <\/p>\n","protected":false},"excerpt":{"rendered":"<p>&#8220;Bu inceleme R\u00f6nesans\u2019\u0131n \u00e7\u00f6z\u00fclmesini ele almaktad\u0131r. Sanat\u00e7\u0131lar\u0131n tarihine de\u011fil, \u00fcsluplar\u0131n tarihine katk\u0131da bulunmak iste\u011findedir. Amac\u0131m \u00e7\u00f6k\u00fc\u015f\u00fcn belirtilerini g\u00f6zlemlemek ve m\u00fcmk\u00fcnse \u2018gev\u015feme ve keyfilik\u2019 a\u00e7\u0131s\u0131ndan sanat\u0131n mahrem<span class=\"excerpt-hellip\"> [\u2026]<\/span><\/p>\n","protected":false},"featured_media":0,"template":"","meta":{"_monsterinsights_skip_tracking":false,"_monsterinsights_sitenote_active":false,"_monsterinsights_sitenote_note":"","_monsterinsights_sitenote_category":0},"product_brand":[],"product_cat":[12408,14197],"product_tag":[],"class_list":{"0":"post-716633","1":"product","2":"type-product","3":"status-publish","5":"product_cat-sanat","6":"product_cat-sanat-tarihi","7":"pa_cilt-ciltsiz","8":"pa_tur-kitap","9":"pa_yayinevi-janus","10":"pa_yazar-heinrich-wolfflin","12":"first","13":"instock","14":"sale","15":"shipping-taxable","16":"purchasable","17":"product-type-simple"},"_links":{"self":[{"href":"https:\/\/roveyayinevi.com.tr\/index.php\/wp-json\/wp\/v2\/product\/716633","targetHints":{"allow":["GET"]}}],"collection":[{"href":"https:\/\/roveyayinevi.com.tr\/index.php\/wp-json\/wp\/v2\/product"}],"about":[{"href":"https:\/\/roveyayinevi.com.tr\/index.php\/wp-json\/wp\/v2\/types\/product"}],"wp:attachment":[{"href":"https:\/\/roveyayinevi.com.tr\/index.php\/wp-json\/wp\/v2\/media?parent=716633"}],"wp:term":[{"taxonomy":"product_brand","embeddable":true,"href":"https:\/\/roveyayinevi.com.tr\/index.php\/wp-json\/wp\/v2\/product_brand?post=716633"},{"taxonomy":"product_cat","embeddable":true,"href":"https:\/\/roveyayinevi.com.tr\/index.php\/wp-json\/wp\/v2\/product_cat?post=716633"},{"taxonomy":"product_tag","embeddable":true,"href":"https:\/\/roveyayinevi.com.tr\/index.php\/wp-json\/wp\/v2\/product_tag?post=716633"}],"curies":[{"name":"wp","href":"https:\/\/api.w.org\/{rel}","templated":true}]}}