{"id":716629,"date":"2025-08-27T17:44:53","date_gmt":"2025-08-27T14:44:53","guid":{"rendered":"https:\/\/roveyayinevi.com.tr\/index.php\/urun\/ailenin-ozel-mulkiyetin-ve-devletin-kokeni-2\/"},"modified":"2026-04-16T02:24:58","modified_gmt":"2026-04-15T23:24:58","slug":"ailenin-ozel-mulkiyetin-ve-devletin-kokeni-2","status":"publish","type":"product","link":"https:\/\/roveyayinevi.com.tr\/index.php\/urun\/ailenin-ozel-mulkiyetin-ve-devletin-kokeni-2\/","title":{"rendered":"Ailenin \u00d6zel M\u00fclkiyetin ve Devletin K\u00f6keni"},"content":{"rendered":"<p>Friedrich Engels (1820-1895): Alman sosyalist kuramc\u0131. Lutherci sanayici bir baban\u0131n o\u011fludur. Berlin\u2019de e\u011fitim g\u00f6rd\u00fc, orada Gen\u00e7 Hegelciler grubuna kat\u0131ld\u0131. Br\u00fcksel Kom\u00fcnist Federasyonu Merkez Komitesi\u2019nin sekterli\u011fini yapt\u0131, ihtil\u00e2l i\u00e7in Almanya\u2019ya d\u00f6nd\u00fc ve orada s\u00fcreli yay\u0131nlar \u00e7\u0131kard\u0131, Barmen\u2019deki i\u015f\u00e7i ayaklanmas\u0131na ve Pfalz devrimci ordusunun harek\u00e2t\u0131na kat\u0131ld\u0131. Sonras\u0131nda \u0130ngiltere\u2019ye yerle\u015fti. Eserlerinde diyalektik materyalist d\u00fc\u015f\u00fcnceyi tabiat, felsefe, bilim vb. konulara tatbik etti. Paris\u2019te tan\u0131\u015ft\u0131\u011f\u0131 Marx ile birlikte Kutsal Aile, Alman \u0130deolojisi ve Kom\u00fcnist Manifesto gibi b\u00fcy\u00fck eserler kaleme ald\u0131. Marx\u2019\u0131n eserlerine b\u00fcy\u00fck katk\u0131 sa\u011flad\u0131, ba\u015fta Kapital (II. ve III. Cilt) olmak \u00fczere baz\u0131 eserlerini de \u00f6l\u00fcm\u00fcnden sonra Engels yay\u0131mlad\u0131. \u0130ngiltere\u2019de Emek\u00e7i S\u0131n\u0131flar\u0131n Durumu kitab\u0131yla i\u015f\u00e7i sosyolojisini kurdu. Hayat\u0131n\u0131 Marx\u2019\u0131n fikirlerinin ba\u015far\u0131ya ula\u015fmas\u0131na adad\u0131. \u0130lk kez 1884 y\u0131l\u0131nda bas\u0131lan Ailenin, \u00d6zel M\u00fclkiyetin ve Devletin K\u00f6keni\u2019nde Engels, \u00f6nc\u00fc antropolog Lewis H. Morgan\u2019\u0131n yaban\u0131ll\u0131k-barbarl\u0131k-uygarl\u0131k ayr\u0131m\u0131n\u0131 kullanarak ve Marx\u2019\u0131n elyazmalar\u0131ndan hareketle,  insanl\u0131\u011f\u0131n kabileden \u00e7ekirdek aileye, soy d\u00fczeninden devlete uzanan geli\u015fimini materyalist bir tarih kavray\u0131\u015f\u0131yla ve herkese hitap eden anla\u015f\u0131l\u0131r bir \u00fcslupla inceler.<\/p>\n","protected":false},"excerpt":{"rendered":"<p>Friedrich Engels (1820-1895): Alman sosyalist kuramc\u0131. Lutherci sanayici bir baban\u0131n o\u011fludur. Berlin\u2019de e\u011fitim g\u00f6rd\u00fc, orada Gen\u00e7 Hegelciler grubuna kat\u0131ld\u0131. Br\u00fcksel Kom\u00fcnist Federasyonu Merkez Komitesi\u2019nin sekterli\u011fini yapt\u0131,<span class=\"excerpt-hellip\"> [\u2026]<\/span><\/p>\n","protected":false},"featured_media":0,"template":"","meta":{"_monsterinsights_skip_tracking":false,"_monsterinsights_sitenote_active":false,"_monsterinsights_sitenote_note":"","_monsterinsights_sitenote_category":0},"product_brand":[],"product_cat":[20351,12388],"product_tag":[],"class_list":{"0":"post-716629","1":"product","2":"type-product","3":"status-publish","5":"product_cat-dusunce","6":"product_cat-felsefe","7":"pa_cilt-ciltsiz","8":"pa_tur-kitap","9":"pa_yayinevi-is-bankasi-kultur-yayinlari","10":"pa_yazar-friedrich-engels","12":"first","13":"instock","14":"sale","15":"shipping-taxable","16":"purchasable","17":"product-type-simple"},"_links":{"self":[{"href":"https:\/\/roveyayinevi.com.tr\/index.php\/wp-json\/wp\/v2\/product\/716629","targetHints":{"allow":["GET"]}}],"collection":[{"href":"https:\/\/roveyayinevi.com.tr\/index.php\/wp-json\/wp\/v2\/product"}],"about":[{"href":"https:\/\/roveyayinevi.com.tr\/index.php\/wp-json\/wp\/v2\/types\/product"}],"wp:attachment":[{"href":"https:\/\/roveyayinevi.com.tr\/index.php\/wp-json\/wp\/v2\/media?parent=716629"}],"wp:term":[{"taxonomy":"product_brand","embeddable":true,"href":"https:\/\/roveyayinevi.com.tr\/index.php\/wp-json\/wp\/v2\/product_brand?post=716629"},{"taxonomy":"product_cat","embeddable":true,"href":"https:\/\/roveyayinevi.com.tr\/index.php\/wp-json\/wp\/v2\/product_cat?post=716629"},{"taxonomy":"product_tag","embeddable":true,"href":"https:\/\/roveyayinevi.com.tr\/index.php\/wp-json\/wp\/v2\/product_tag?post=716629"}],"curies":[{"name":"wp","href":"https:\/\/api.w.org\/{rel}","templated":true}]}}