{"id":716627,"date":"2025-08-27T17:44:51","date_gmt":"2025-08-27T14:44:51","guid":{"rendered":"https:\/\/roveyayinevi.com.tr\/index.php\/urun\/anne-bana-fil-al\/"},"modified":"2026-04-16T02:24:58","modified_gmt":"2026-04-15T23:24:58","slug":"anne-bana-fil-al","status":"publish","type":"product","link":"https:\/\/roveyayinevi.com.tr\/index.php\/urun\/anne-bana-fil-al\/","title":{"rendered":"Anne Bana Fil Al"},"content":{"rendered":"<p>\u00d6zlem A\u00e7ar&#8217;\u0131n yaz\u0131p resimledi\u011fi bu tatl\u0131 hik\u00e2yeyle hem e\u011flenecek, hem \u00f6\u011frenecek hem de hayal g\u00fcc\u00fcn\u00fcz\u00fcn s\u0131n\u0131rlar\u0131n\u0131 zorlayacaks\u0131n\u0131z!Sevimli mi sevimli, k\u00fc\u00e7\u00fck bir k\u0131z \u00e7ocu\u011fu olan Cemre  hayvanlar\u0131 \u00e7ok seviyor. En b\u00fcy\u00fck hayali ise bir fille ayn\u0131 evde ya\u015famak! Ne yaz\u0131k ki annesi izin vermiyor, her yeti\u015fkin gibi o da fillerle ayn\u0131 evde ya\u015faman\u0131n \u0130mk\u00e2ns\u0131z oldu\u011funa inan\u0131yor.&#8221;Olur mu k\u0131z\u0131m, filler evde ya\u015farlar m\u0131 hi\u00e7?&#8221; diyor ama onlar\u0131  bir s\u00fcrpriz bekliyor&#8230;Bakal\u0131m Cemre annesini ikna edip hayaline kavu\u015fabilecek mi?<\/p>\n","protected":false},"excerpt":{"rendered":"<p>\u00d6zlem A\u00e7ar&#8217;\u0131n yaz\u0131p resimledi\u011fi bu tatl\u0131 hik\u00e2yeyle hem e\u011flenecek, hem \u00f6\u011frenecek hem de hayal g\u00fcc\u00fcn\u00fcz\u00fcn s\u0131n\u0131rlar\u0131n\u0131 zorlayacaks\u0131n\u0131z!Sevimli mi sevimli, k\u00fc\u00e7\u00fck bir k\u0131z \u00e7ocu\u011fu olan Cemre hayvanlar\u0131<span class=\"excerpt-hellip\"> [\u2026]<\/span><\/p>\n","protected":false},"featured_media":0,"template":"","meta":{"_monsterinsights_skip_tracking":false,"_monsterinsights_sitenote_active":false,"_monsterinsights_sitenote_note":"","_monsterinsights_sitenote_category":0},"product_brand":[],"product_cat":[12274,12284],"product_tag":[],"class_list":{"0":"post-716627","1":"product","2":"type-product","3":"status-publish","5":"product_cat-cocuk-ve-genclik-kitaplari","6":"product_cat-hikayeler","7":"pa_cilt-ciltsiz","8":"pa_tur-kitap","9":"pa_yayinevi-ucan-fil-yayinlari","10":"pa_yazar-ozlem-acar","12":"first","13":"instock","14":"sale","15":"shipping-taxable","16":"purchasable","17":"product-type-simple"},"_links":{"self":[{"href":"https:\/\/roveyayinevi.com.tr\/index.php\/wp-json\/wp\/v2\/product\/716627","targetHints":{"allow":["GET"]}}],"collection":[{"href":"https:\/\/roveyayinevi.com.tr\/index.php\/wp-json\/wp\/v2\/product"}],"about":[{"href":"https:\/\/roveyayinevi.com.tr\/index.php\/wp-json\/wp\/v2\/types\/product"}],"wp:attachment":[{"href":"https:\/\/roveyayinevi.com.tr\/index.php\/wp-json\/wp\/v2\/media?parent=716627"}],"wp:term":[{"taxonomy":"product_brand","embeddable":true,"href":"https:\/\/roveyayinevi.com.tr\/index.php\/wp-json\/wp\/v2\/product_brand?post=716627"},{"taxonomy":"product_cat","embeddable":true,"href":"https:\/\/roveyayinevi.com.tr\/index.php\/wp-json\/wp\/v2\/product_cat?post=716627"},{"taxonomy":"product_tag","embeddable":true,"href":"https:\/\/roveyayinevi.com.tr\/index.php\/wp-json\/wp\/v2\/product_tag?post=716627"}],"curies":[{"name":"wp","href":"https:\/\/api.w.org\/{rel}","templated":true}]}}