{"id":716624,"date":"2025-08-27T17:44:49","date_gmt":"2025-08-27T14:44:49","guid":{"rendered":"https:\/\/roveyayinevi.com.tr\/index.php\/urun\/duzen-adami\/"},"modified":"2026-04-13T02:30:44","modified_gmt":"2026-04-12T23:30:44","slug":"duzen-adami","status":"publish","type":"product","link":"https:\/\/roveyayinevi.com.tr\/index.php\/urun\/duzen-adami\/","title":{"rendered":"D\u00fczen Adam\u0131"},"content":{"rendered":"<p>D\u00fczen Adam\u0131 \u00e7ocuklu\u011fundan itibaren normalli\u011fin pe\u015fine d\u00fc\u015fen Marcello\u2019nun hayat\u0131 ekseninde toplumsal al\u0131\u015fkanl\u0131klar\u0131n ikiy\u00fczl\u00fcl\u00fc\u011f\u00fcn\u00fc ortaya koyuyor. Alberto Moravia kahraman\u0131 Marcello\u2019nun tak\u0131nt\u0131 derecesindeki normallik arzusunu bir d\u00fcrt\u00fc olarak tarif ediyor: \u201cKabul g\u00f6ren genel bir kurala uyma iradesiydi, farkl\u0131 olmak su\u00e7lu olmak anlam\u0131na geldi\u011fine g\u00f6re ba\u015fkalar\u0131na benzeme iste\u011fiydi\u201d onunki  \u201cManeviyatla sanatsal b\u00fct\u00fcnl\u00fc\u011f\u00fcn nadiren rastlad\u0131\u011f\u0131m\u0131z birle\u015fimi Moravia\u2019y\u0131 Avrupa\u2019n\u0131n en iyi yazarlar\u0131 aras\u0131na yerle\u015ftiriyor.\u201d John Burnside, Guardian \u201cEn \u00f6nemli roman\u0131 D\u00fczen Adam\u0131\u2019nda Moravia, sinik f\u0131rsat\u00e7\u0131lar \u00fclkesinde cinsellikle siyaset aras\u0131ndaki karma\u015f\u0131k ili\u015fkiyi ke\u015ffediyor.\u201d Rachel Donadio, New York Times  <\/p>\n","protected":false},"excerpt":{"rendered":"<p>D\u00fczen Adam\u0131 \u00e7ocuklu\u011fundan itibaren normalli\u011fin pe\u015fine d\u00fc\u015fen Marcello\u2019nun hayat\u0131 ekseninde toplumsal al\u0131\u015fkanl\u0131klar\u0131n ikiy\u00fczl\u00fcl\u00fc\u011f\u00fcn\u00fc ortaya koyuyor. Alberto Moravia kahraman\u0131 Marcello\u2019nun tak\u0131nt\u0131 derecesindeki normallik arzusunu bir d\u00fcrt\u00fc olarak<span class=\"excerpt-hellip\"> [\u2026]<\/span><\/p>\n","protected":false},"featured_media":0,"template":"","meta":{"_monsterinsights_skip_tracking":false,"_monsterinsights_sitenote_active":false,"_monsterinsights_sitenote_note":"","_monsterinsights_sitenote_category":0},"product_brand":[],"product_cat":[12291,12711],"product_tag":[],"class_list":{"0":"post-716624","1":"product","2":"type-product","3":"status-publish","5":"product_cat-edebiyat","6":"product_cat-roman-oyku","7":"pa_cilt-ciltsiz","8":"pa_tur-kitap","9":"pa_yayinevi-kolektif-kitap","10":"pa_yazar-alberto-moravia","12":"first","13":"instock","14":"sale","15":"shipping-taxable","16":"purchasable","17":"product-type-simple"},"_links":{"self":[{"href":"https:\/\/roveyayinevi.com.tr\/index.php\/wp-json\/wp\/v2\/product\/716624","targetHints":{"allow":["GET"]}}],"collection":[{"href":"https:\/\/roveyayinevi.com.tr\/index.php\/wp-json\/wp\/v2\/product"}],"about":[{"href":"https:\/\/roveyayinevi.com.tr\/index.php\/wp-json\/wp\/v2\/types\/product"}],"wp:attachment":[{"href":"https:\/\/roveyayinevi.com.tr\/index.php\/wp-json\/wp\/v2\/media?parent=716624"}],"wp:term":[{"taxonomy":"product_brand","embeddable":true,"href":"https:\/\/roveyayinevi.com.tr\/index.php\/wp-json\/wp\/v2\/product_brand?post=716624"},{"taxonomy":"product_cat","embeddable":true,"href":"https:\/\/roveyayinevi.com.tr\/index.php\/wp-json\/wp\/v2\/product_cat?post=716624"},{"taxonomy":"product_tag","embeddable":true,"href":"https:\/\/roveyayinevi.com.tr\/index.php\/wp-json\/wp\/v2\/product_tag?post=716624"}],"curies":[{"name":"wp","href":"https:\/\/api.w.org\/{rel}","templated":true}]}}