{"id":716622,"date":"2025-08-27T17:44:48","date_gmt":"2025-08-27T14:44:48","guid":{"rendered":"https:\/\/roveyayinevi.com.tr\/index.php\/urun\/evlad-i-fatihan\/"},"modified":"2026-04-16T02:24:58","modified_gmt":"2026-04-15T23:24:58","slug":"evlad-i-fatihan","status":"publish","type":"product","link":"https:\/\/roveyayinevi.com.tr\/index.php\/urun\/evlad-i-fatihan\/","title":{"rendered":"Evlad-\u0131 Fatihan"},"content":{"rendered":"<p>&#8220;&#8230;T\u00fcrk olmak, T\u00fcrk do\u011fmak de\u011fildir. Kemal&#8217;imizin de dedi\u011fi gibi Ne mutlu T\u00fcrk&#8217;\u00fcm demektir. T\u00fcrk; yaln\u0131zca bir soy, bir budun, halk ya da ulus olabilecek denli k\u00fc\u00e7\u00fck bir \u015fey de de\u011fildir. T\u00fcrk; bir isten\u00e7 (irade), bir istek, bir bilin\u00e7tir. T\u00fcrk; BeyazAdam&#8217;a boyun e\u011fmeyen herkestir&#8230;&#8221;Havan Hasan da i\u015fte b\u00f6yle bir T\u00fcrk idi. Evl\u00e2d-\u0131 Fatihan olarak do\u011fdu, Evl\u00e2d-\u0131 Fatihan olarak \u00f6ld\u00fc. Do\u011fdu\u011fu g\u00f6\u011f\u00fc ve topra\u011f\u0131, \u015fu an ya\u015fad\u0131\u011f\u0131m\u0131z toprak ve g\u00f6k bizim olsun diye bir daha hi\u00e7 g\u00f6rmedi.&#8221;Dedemdi O&#8221; diyebilirim ama o kadar da bencil olmak istemem \u00e7\u00fcnk\u00fc O, \u0130stiklal Harbi&#8217;mize kat\u0131lan herkes gibi &#8220;Dedemiz&#8221;di; \u00e7\u00fcnk\u00fc O &#8220;Kur\u015funa Kafa Atan&#8221; o son ku\u015faktand\u0131. Velhas\u0131l, O; Evl\u00e2d-\u0131 Fatihan Havan Hasan&#8217;d\u0131&#8230;<\/p>\n","protected":false},"excerpt":{"rendered":"<p>&#8220;&#8230;T\u00fcrk olmak, T\u00fcrk do\u011fmak de\u011fildir. Kemal&#8217;imizin de dedi\u011fi gibi Ne mutlu T\u00fcrk&#8217;\u00fcm demektir. T\u00fcrk; yaln\u0131zca bir soy, bir budun, halk ya da ulus olabilecek denli k\u00fc\u00e7\u00fck<span class=\"excerpt-hellip\"> [\u2026]<\/span><\/p>\n","protected":false},"featured_media":0,"template":"","meta":{"_monsterinsights_skip_tracking":false,"_monsterinsights_sitenote_active":false,"_monsterinsights_sitenote_note":"","_monsterinsights_sitenote_category":0},"product_brand":[],"product_cat":[12291,12711],"product_tag":[],"class_list":{"0":"post-716622","1":"product","2":"type-product","3":"status-publish","5":"product_cat-edebiyat","6":"product_cat-roman-oyku","7":"pa_cilt-ciltsiz","8":"pa_tur-kitap","9":"pa_yayinevi-geoturka-yayinevi","10":"pa_yazar-umut-yalim","12":"first","13":"instock","14":"sale","15":"shipping-taxable","16":"purchasable","17":"product-type-simple"},"_links":{"self":[{"href":"https:\/\/roveyayinevi.com.tr\/index.php\/wp-json\/wp\/v2\/product\/716622","targetHints":{"allow":["GET"]}}],"collection":[{"href":"https:\/\/roveyayinevi.com.tr\/index.php\/wp-json\/wp\/v2\/product"}],"about":[{"href":"https:\/\/roveyayinevi.com.tr\/index.php\/wp-json\/wp\/v2\/types\/product"}],"wp:attachment":[{"href":"https:\/\/roveyayinevi.com.tr\/index.php\/wp-json\/wp\/v2\/media?parent=716622"}],"wp:term":[{"taxonomy":"product_brand","embeddable":true,"href":"https:\/\/roveyayinevi.com.tr\/index.php\/wp-json\/wp\/v2\/product_brand?post=716622"},{"taxonomy":"product_cat","embeddable":true,"href":"https:\/\/roveyayinevi.com.tr\/index.php\/wp-json\/wp\/v2\/product_cat?post=716622"},{"taxonomy":"product_tag","embeddable":true,"href":"https:\/\/roveyayinevi.com.tr\/index.php\/wp-json\/wp\/v2\/product_tag?post=716622"}],"curies":[{"name":"wp","href":"https:\/\/api.w.org\/{rel}","templated":true}]}}