{"id":716615,"date":"2025-08-27T17:44:43","date_gmt":"2025-08-27T14:44:43","guid":{"rendered":"https:\/\/roveyayinevi.com.tr\/index.php\/urun\/utopyadan-bilime-sosyalizmin-gelisimi\/"},"modified":"2026-04-16T02:24:58","modified_gmt":"2026-04-15T23:24:58","slug":"utopyadan-bilime-sosyalizmin-gelisimi","status":"publish","type":"product","link":"https:\/\/roveyayinevi.com.tr\/index.php\/urun\/utopyadan-bilime-sosyalizmin-gelisimi\/","title":{"rendered":"\u00dctopyadan Bilime Sosyalizmin Geli\u015fimi"},"content":{"rendered":"<p>\u201cModern sosyalizm, i\u00e7eri\u011fi bak\u0131m\u0131ndan, her \u015feyden \u00f6nce, bir yandan m\u00fclk sahipleri ile m\u00fclks\u00fczler, kapitalistler ile \u00fccretli emek\u00e7iler aras\u0131ndaki g\u00fcn\u00fcm\u00fcz toplumunda h\u00fck\u00fcm s\u00fcren s\u0131n\u0131f kar\u015f\u0131tl\u0131klar\u0131n\u0131n, di\u011fer yandan da \u00fcretimde h\u00fck\u00fcm s\u00fcren anar\u015finin kavranmas\u0131n\u0131n \u00fcr\u00fcn\u00fcd\u00fcr.\u201d Engels\u2019in bu c\u00fcmleyle ba\u015flayan eseri, Karl Marx\u2019\u0131n s\u00f6zleriyle, \u201cbir bilimsel sosyalizme giri\u015f metni olu\u015fturduklar\u0131 s\u00f6ylenebilecek olan\u201d pasajlardan olu\u015fuyor. Marksizm, Frans\u0131z ayd\u0131nlanmac\u0131l\u0131\u011f\u0131n\u0131n bir devam\u0131 m\u0131d\u0131r? \u00dctopyac\u0131 sosyalizm anlay\u0131\u015flar\u0131ndan nerelerde ayr\u0131l\u0131r, bunlar\u0131n hangi \u00f6zelliklerini sahiplenir? Felsefeye ve do\u011fa bilimlerine nas\u0131l yakla\u015f\u0131r? Materyalist tarih anlay\u0131\u015f\u0131n\u0131n ay\u0131rt edici \u00f6zellikleri nelerdir? \u0130nsanl\u0131\u011f\u0131n zorunluluk d\u00fcnyas\u0131ndan \u00f6zg\u00fcrl\u00fck d\u00fcnyas\u0131na s\u0131\u00e7ray\u0131\u015f\u0131 nas\u0131l ger\u00e7ekle\u015fecek? Proletarya hareketinin teorik ifadesi olan bilimsel sosyalizmin bu konudaki g\u00f6revi nedir? \u00dctopyadan Bilime Sosyalizmin Geli\u015fimi, Marksizmle ilgili temel sorular\u0131n pek \u00e7o\u011funu yan\u0131tlad\u0131\u011f\u0131ndan, farkl\u0131 dillere en \u00e7abuk \u00e7evrilen Marksist klasiklerden biri olmu\u015ftu. <\/p>\n","protected":false},"excerpt":{"rendered":"<p>\u201cModern sosyalizm, i\u00e7eri\u011fi bak\u0131m\u0131ndan, her \u015feyden \u00f6nce, bir yandan m\u00fclk sahipleri ile m\u00fclks\u00fczler, kapitalistler ile \u00fccretli emek\u00e7iler aras\u0131ndaki g\u00fcn\u00fcm\u00fcz toplumunda h\u00fck\u00fcm s\u00fcren s\u0131n\u0131f kar\u015f\u0131tl\u0131klar\u0131n\u0131n, di\u011fer yandan<span class=\"excerpt-hellip\"> [\u2026]<\/span><\/p>\n","protected":false},"featured_media":0,"template":"","meta":{"_monsterinsights_skip_tracking":false,"_monsterinsights_sitenote_active":false,"_monsterinsights_sitenote_note":"","_monsterinsights_sitenote_category":0},"product_brand":[],"product_cat":[13590,12337],"product_tag":[],"class_list":{"0":"post-716615","1":"product","2":"type-product","3":"status-publish","5":"product_cat-arastirma-inceleme-politika-siyaset","6":"product_cat-politika-siyaset","7":"pa_cilt-ciltsiz","8":"pa_tur-kitap","9":"pa_yayinevi-yordam-kitap","10":"pa_yazar-friedrich-engels","12":"first","13":"instock","14":"sale","15":"shipping-taxable","16":"purchasable","17":"product-type-simple"},"_links":{"self":[{"href":"https:\/\/roveyayinevi.com.tr\/index.php\/wp-json\/wp\/v2\/product\/716615","targetHints":{"allow":["GET"]}}],"collection":[{"href":"https:\/\/roveyayinevi.com.tr\/index.php\/wp-json\/wp\/v2\/product"}],"about":[{"href":"https:\/\/roveyayinevi.com.tr\/index.php\/wp-json\/wp\/v2\/types\/product"}],"wp:attachment":[{"href":"https:\/\/roveyayinevi.com.tr\/index.php\/wp-json\/wp\/v2\/media?parent=716615"}],"wp:term":[{"taxonomy":"product_brand","embeddable":true,"href":"https:\/\/roveyayinevi.com.tr\/index.php\/wp-json\/wp\/v2\/product_brand?post=716615"},{"taxonomy":"product_cat","embeddable":true,"href":"https:\/\/roveyayinevi.com.tr\/index.php\/wp-json\/wp\/v2\/product_cat?post=716615"},{"taxonomy":"product_tag","embeddable":true,"href":"https:\/\/roveyayinevi.com.tr\/index.php\/wp-json\/wp\/v2\/product_tag?post=716615"}],"curies":[{"name":"wp","href":"https:\/\/api.w.org\/{rel}","templated":true}]}}