{"id":716614,"date":"2025-08-27T17:44:42","date_gmt":"2025-08-27T14:44:42","guid":{"rendered":"https:\/\/roveyayinevi.com.tr\/index.php\/urun\/islem-tamam-4\/"},"modified":"2026-04-16T02:24:58","modified_gmt":"2026-04-15T23:24:58","slug":"islem-tamam-4","status":"publish","type":"product","link":"https:\/\/roveyayinevi.com.tr\/index.php\/urun\/islem-tamam-4\/","title":{"rendered":"\u0130\u015flem Tamam 4"},"content":{"rendered":"<p>Matematik mi? Tad\u0131ndan yenmez\u2026Toprak I\u015f\u0131k\u2019\u0131n, matemati\u011fin g\u00f6r\u00fcnd\u00fc\u011f\u00fcnden \u00e7ok daha keyifli olabilece\u011fini kan\u0131tlayan ba\u015fvuru serisi \u201c\u0130\u015flem Tamam\u201d\u0131n d\u00f6rd\u00fcnc\u00fc kitab\u0131.Mant\u0131ktan kalkulusa matemati\u011fin alanlar\u0131, Eski M\u0131s\u0131r\u2019dan R\u00f6nesans sonras\u0131na matemati\u011fin tarihsel evrimi gibi matematik bilimine dair pek \u00e7ok kuramsal ve uygulamal\u0131 bilginin s\u00fcr\u00fckleyici bir hik\u00e2yeyle bulu\u015ftu\u011fu, 10 ya\u015f ve \u00fczeri okurlar i\u00e7in e\u011flenceli bir ser\u00fcven.Toprak I\u015f\u0131k\u2019\u0131n mizahi anlat\u0131m\u0131n\u0131 Do\u011fan Gen\u00e7soy\u2019un karikat\u00fcr esintili resimleriyle bulu\u015fturan seri, \u00f6\u011frencilere matemati\u011fi sevdirmenin keyifli yollar\u0131n\u0131 sunuyor.\u0130\u015flem Tamam 4, &#8220;En g\u00fczel bir \u015fey midir ki bu matematik?\u201d sorusundan yola \u00e7\u0131karak, sonsuzluk hesaplar\u0131ndan s\u0131f\u0131ra uzanan matematik evrenindeki irili ufakl\u0131 b\u00fct\u00fcn galaksileri sayfalar\u0131na ta\u015f\u0131yor.D\u00fcnya kazan, okuyan kep\u00e7e, b\u00fcy\u00fck matematik\u00e7ilerin ya\u015fam \u00f6yk\u00fcleriyle s\u00fcslenmi\u015f e\u011flenceli mi e\u011flenceli bir gezintinin rehberli\u011fini \u00fcstlenen kitap, \u00e7ok gezenin mi, \u00e7ok okuyan\u0131n m\u0131 daha fazla bildi\u011fi tart\u0131\u015fmas\u0131n\u0131 g\u00fcndeme ta\u015f\u0131yarak, en \u00e7ok okuyarak gezenlerin \u00f6\u011frenece\u011finin de alt\u0131n\u0131 \u00e7iziyor.Do\u011fru dille ve y\u00f6ntemle anlat\u0131lan matemati\u011fin, kat\u0131ks\u0131z bir e\u011flenceye d\u00f6n\u00fc\u015febilece\u011fini savunan I\u015f\u0131k, \u201c\u0130\u015flem Tamam\u201dda ya\u015fatt\u0131\u011f\u0131 benzersiz matematik deneyimi ile okurlar\u0131 say\u0131lar\u0131n b\u00fcy\u00fcl\u00fc d\u00fcnyas\u0131nda sihirli bir yolculu\u011fa \u00e7\u0131kar\u0131yor.\u201cMatemati\u011fi sevsin ya da sevmesin, s\u0131k\u0131c\u0131 bulsun ya da bulmas\u0131n t\u00fcm \u00e7ocuklara g\u00f6n\u00fcl rahatl\u0131\u011f\u0131yla \u00f6nerebilece\u011finiz bir eser \u0130\u015flem Tamam. \u00d6te yandan s\u0131k\u0131c\u0131 bulanlar\u0131n, bu d\u00fc\u015f\u00fcncelerini g\u00f6zden ge\u00e7irmeleri i\u00e7in g\u00fczel bir f\u0131rsat oldu\u011fu da kesin. Do\u011fan Gen\u00e7soy\u2019un g\u00fczel \u00e7izimleri bu f\u0131rsat\u0131 daha da \u00e7ekici hale getiriyor.\u201d<\/p>\n","protected":false},"excerpt":{"rendered":"<p>Matematik mi? Tad\u0131ndan yenmez\u2026Toprak I\u015f\u0131k\u2019\u0131n, matemati\u011fin g\u00f6r\u00fcnd\u00fc\u011f\u00fcnden \u00e7ok daha keyifli olabilece\u011fini kan\u0131tlayan ba\u015fvuru serisi \u201c\u0130\u015flem Tamam\u201d\u0131n d\u00f6rd\u00fcnc\u00fc kitab\u0131.Mant\u0131ktan kalkulusa matemati\u011fin alanlar\u0131, Eski M\u0131s\u0131r\u2019dan R\u00f6nesans sonras\u0131na matemati\u011fin<span class=\"excerpt-hellip\"> [\u2026]<\/span><\/p>\n","protected":false},"featured_media":0,"template":"","meta":{"_monsterinsights_skip_tracking":false,"_monsterinsights_sitenote_active":false,"_monsterinsights_sitenote_note":"","_monsterinsights_sitenote_category":0},"product_brand":[],"product_cat":[12274,15842],"product_tag":[],"class_list":{"0":"post-716614","1":"product","2":"type-product","3":"status-publish","5":"product_cat-cocuk-ve-genclik-kitaplari","6":"product_cat-egitici-kitaplar","7":"pa_cilt-ciltsiz","8":"pa_tur-kitap","9":"pa_yayinevi-tudem-yayinlari","10":"pa_yazar-toprak-isik","12":"first","13":"instock","14":"sale","15":"shipping-taxable","16":"purchasable","17":"product-type-simple"},"_links":{"self":[{"href":"https:\/\/roveyayinevi.com.tr\/index.php\/wp-json\/wp\/v2\/product\/716614","targetHints":{"allow":["GET"]}}],"collection":[{"href":"https:\/\/roveyayinevi.com.tr\/index.php\/wp-json\/wp\/v2\/product"}],"about":[{"href":"https:\/\/roveyayinevi.com.tr\/index.php\/wp-json\/wp\/v2\/types\/product"}],"wp:attachment":[{"href":"https:\/\/roveyayinevi.com.tr\/index.php\/wp-json\/wp\/v2\/media?parent=716614"}],"wp:term":[{"taxonomy":"product_brand","embeddable":true,"href":"https:\/\/roveyayinevi.com.tr\/index.php\/wp-json\/wp\/v2\/product_brand?post=716614"},{"taxonomy":"product_cat","embeddable":true,"href":"https:\/\/roveyayinevi.com.tr\/index.php\/wp-json\/wp\/v2\/product_cat?post=716614"},{"taxonomy":"product_tag","embeddable":true,"href":"https:\/\/roveyayinevi.com.tr\/index.php\/wp-json\/wp\/v2\/product_tag?post=716614"}],"curies":[{"name":"wp","href":"https:\/\/api.w.org\/{rel}","templated":true}]}}