{"id":716613,"date":"2025-08-27T17:44:42","date_gmt":"2025-08-27T14:44:42","guid":{"rendered":"https:\/\/roveyayinevi.com.tr\/index.php\/urun\/aslan-firarda\/"},"modified":"2026-04-16T02:24:58","modified_gmt":"2026-04-15T23:24:58","slug":"aslan-firarda","status":"publish","type":"product","link":"https:\/\/roveyayinevi.com.tr\/index.php\/urun\/aslan-firarda\/","title":{"rendered":"Aslan Firarda"},"content":{"rendered":"<p>Aman dikkat! \u015eehrin ortas\u0131nda bir aslan var! \u015eapkada Eriyen Bay Karp\u2019tan tan\u0131d\u0131\u011f\u0131m\u0131z Kanadal\u0131 yazar Cary Fagan\u2019\u0131n yeni kitab\u0131Aslan Firarda, al\u0131\u015f\u0131lagelmi\u015f dostluk hik\u00e2yelerini bir kenara b\u0131rak\u0131yor; y\u00fcz elli kiloluk bir aslan ile ufak bir k\u0131z \u00e7ocu\u011funun kalpleri yumu\u015fatan arkada\u015fl\u0131klar\u0131na odaklan\u0131yor.Fagan\u2019\u0131n, k\u00fc\u00e7\u00fckl\u00fck an\u0131lar\u0131ndan esinlenerek kaleme ald\u0131\u011f\u0131 bu naif \u00f6yk\u00fc, bir tren kazas\u0131 sonucu, ait oldu\u011fu sirkten kopup Toronto \u015fehrindeki b\u00fcy\u00fck parka s\u0131\u011f\u0131nmak zorunda kalan yavru bir aslan ile onu evcille\u015ftirmeye \u00e7al\u0131\u015fan iki cesur \u00e7ocu\u011fun ba\u015f\u0131ndan ge\u00e7en olaylar\u0131 konu ediniyor.10 ya\u015f ve \u00fczeri okurlar\u0131n\u0131, 1920\u2019lerin Kanada\u2019s\u0131nda ge\u00e7en nostaljik bir yolculu\u011fa \u00e7\u0131karan Aslan Firarda, g\u00fcn\u00fcm\u00fcz \u00e7ocuklar\u0131n\u0131n evcil hayvan besleme merak\u0131na ele\u015ftirel bir yakla\u015f\u0131m getirerek, bir hayvan\u0131 sahiplenmek ile onunla dostluk kurmak aras\u0131ndaki ince \u00e7izgiyi ba\u015far\u0131yla vurguluyor.Y\u0131l 1925. Sirklerin ve b\u00fcy\u00fck sahne g\u00f6sterilerinin h\u00e2l\u00e2 \u00e7ok reva\u00e7ta oldu\u011fu bir d\u00f6nem. Kanada\u2019n\u0131n en b\u00fcy\u00fck kenti Toronto, muhte\u015fem bir sirke ev sahipli\u011fi yapmaya haz\u0131rlan\u0131yor; fakat&#8230; New York\u2019tan gelmekte olan bir trenin devrilmesi, b\u00fct\u00fcn planlar\u0131 alt\u00fcst ediyor. Dahas\u0131, oradan ka\u00e7an vah\u015fi bir aslan, \u015fehrin g\u00f6be\u011findeki parka s\u0131\u011f\u0131n\u0131yor. \u015eimdi iki \u00e7ocuk, onu kurtarmak i\u00e7in seferber&#8230;Cary Fagan\u2019\u0131n ak\u0131c\u0131 ve duru \u00fcslubuyla dikkat \u00e7eken Aslan Firarda, birisine ya da bir \u015feye ger\u00e7ekten de\u011fer vermenin, onu \u00f6zg\u00fcr b\u0131rakmakla e\u015fde\u011fer oldu\u011funun alt\u0131n\u0131 \u00e7iziyor.Okurlar\u0131n\u0131, hayvan haklar\u0131 ve hayvan sevgisi \u00fczerine d\u00fc\u015f\u00fcnmeye sevk eden yazar, onlar\u0131 bir yandan da \u00f6nemli bir soruyla ba\u015f ba\u015fa b\u0131rak\u0131yor: \u201cNeden bir insan, bir hayvandan daha \u00f6nemli olsun?\u201d<\/p>\n","protected":false},"excerpt":{"rendered":"<p>Aman dikkat! \u015eehrin ortas\u0131nda bir aslan var! \u015eapkada Eriyen Bay Karp\u2019tan tan\u0131d\u0131\u011f\u0131m\u0131z Kanadal\u0131 yazar Cary Fagan\u2019\u0131n yeni kitab\u0131Aslan Firarda, al\u0131\u015f\u0131lagelmi\u015f dostluk hik\u00e2yelerini bir kenara b\u0131rak\u0131yor; y\u00fcz<span class=\"excerpt-hellip\"> [\u2026]<\/span><\/p>\n","protected":false},"featured_media":0,"template":"","meta":{"_monsterinsights_skip_tracking":false,"_monsterinsights_sitenote_active":false,"_monsterinsights_sitenote_note":"","_monsterinsights_sitenote_category":0},"product_brand":[],"product_cat":[12274,12284],"product_tag":[],"class_list":{"0":"post-716613","1":"product","2":"type-product","3":"status-publish","5":"product_cat-cocuk-ve-genclik-kitaplari","6":"product_cat-hikayeler","7":"pa_cilt-ciltsiz","8":"pa_tur-kitap","9":"pa_yayinevi-tudem-yayinlari","10":"pa_yazar-cary-fagan","12":"first","13":"instock","14":"sale","15":"shipping-taxable","16":"purchasable","17":"product-type-simple"},"_links":{"self":[{"href":"https:\/\/roveyayinevi.com.tr\/index.php\/wp-json\/wp\/v2\/product\/716613","targetHints":{"allow":["GET"]}}],"collection":[{"href":"https:\/\/roveyayinevi.com.tr\/index.php\/wp-json\/wp\/v2\/product"}],"about":[{"href":"https:\/\/roveyayinevi.com.tr\/index.php\/wp-json\/wp\/v2\/types\/product"}],"wp:attachment":[{"href":"https:\/\/roveyayinevi.com.tr\/index.php\/wp-json\/wp\/v2\/media?parent=716613"}],"wp:term":[{"taxonomy":"product_brand","embeddable":true,"href":"https:\/\/roveyayinevi.com.tr\/index.php\/wp-json\/wp\/v2\/product_brand?post=716613"},{"taxonomy":"product_cat","embeddable":true,"href":"https:\/\/roveyayinevi.com.tr\/index.php\/wp-json\/wp\/v2\/product_cat?post=716613"},{"taxonomy":"product_tag","embeddable":true,"href":"https:\/\/roveyayinevi.com.tr\/index.php\/wp-json\/wp\/v2\/product_tag?post=716613"}],"curies":[{"name":"wp","href":"https:\/\/api.w.org\/{rel}","templated":true}]}}