{"id":716611,"date":"2025-08-27T17:44:40","date_gmt":"2025-08-27T14:44:40","guid":{"rendered":"https:\/\/roveyayinevi.com.tr\/index.php\/urun\/escobar-el-patron\/"},"modified":"2026-04-16T02:24:58","modified_gmt":"2026-04-15T23:24:58","slug":"escobar-el-patron","status":"publish","type":"product","link":"https:\/\/roveyayinevi.com.tr\/index.php\/urun\/escobar-el-patron\/","title":{"rendered":"Escobar &#8211; El Patron"},"content":{"rendered":"<p>\u201cT\u00fcm imparatorluklar kan ve ate\u015fle kurulur.\u201d Pablo EscobarG\u00fcc\u00fcn\u00fcn doru\u011fundaki Escobar, ABD\u2019ye iade edilmekten kurtulmak i\u00e7in Kolombiya h\u00fck\u00fcmetine teslim olur. Tam te\u015fekk\u00fcll\u00fc hapishanesi La Catedral\u2019e yerle\u015fip d\u00fcnyan\u0131n gelmi\u015f ge\u00e7mi\u015f en b\u00fcy\u00fck uyu\u015fturucu baronu olarak bu hapishaneyi bir \u00fcs gibi kullan\u0131r. Ancak Kolombiya ve ABD anla\u015f\u0131p, onun sonunu getirmekte kararl\u0131d\u0131r. <\/p>\n","protected":false},"excerpt":{"rendered":"<p>\u201cT\u00fcm imparatorluklar kan ve ate\u015fle kurulur.\u201d Pablo EscobarG\u00fcc\u00fcn\u00fcn doru\u011fundaki Escobar, ABD\u2019ye iade edilmekten kurtulmak i\u00e7in Kolombiya h\u00fck\u00fcmetine teslim olur. Tam te\u015fekk\u00fcll\u00fc hapishanesi La Catedral\u2019e yerle\u015fip d\u00fcnyan\u0131n<span class=\"excerpt-hellip\"> [\u2026]<\/span><\/p>\n","protected":false},"featured_media":0,"template":"","meta":{"_monsterinsights_skip_tracking":false,"_monsterinsights_sitenote_active":false,"_monsterinsights_sitenote_note":"","_monsterinsights_sitenote_category":0},"product_brand":[],"product_cat":[14009,12291],"product_tag":[],"class_list":{"0":"post-716611","1":"product","2":"type-product","3":"status-publish","5":"product_cat-biyografi-otobiyografi-edebiyat","6":"product_cat-edebiyat","7":"pa_cilt-ciltsiz","8":"pa_tur-kitap","9":"pa_yayinevi-kara-karga-yayinlari","10":"pa_yazar-guido-piccoli-giuseppe-palumbo","12":"first","13":"instock","14":"sale","15":"shipping-taxable","16":"purchasable","17":"product-type-simple"},"_links":{"self":[{"href":"https:\/\/roveyayinevi.com.tr\/index.php\/wp-json\/wp\/v2\/product\/716611","targetHints":{"allow":["GET"]}}],"collection":[{"href":"https:\/\/roveyayinevi.com.tr\/index.php\/wp-json\/wp\/v2\/product"}],"about":[{"href":"https:\/\/roveyayinevi.com.tr\/index.php\/wp-json\/wp\/v2\/types\/product"}],"wp:attachment":[{"href":"https:\/\/roveyayinevi.com.tr\/index.php\/wp-json\/wp\/v2\/media?parent=716611"}],"wp:term":[{"taxonomy":"product_brand","embeddable":true,"href":"https:\/\/roveyayinevi.com.tr\/index.php\/wp-json\/wp\/v2\/product_brand?post=716611"},{"taxonomy":"product_cat","embeddable":true,"href":"https:\/\/roveyayinevi.com.tr\/index.php\/wp-json\/wp\/v2\/product_cat?post=716611"},{"taxonomy":"product_tag","embeddable":true,"href":"https:\/\/roveyayinevi.com.tr\/index.php\/wp-json\/wp\/v2\/product_tag?post=716611"}],"curies":[{"name":"wp","href":"https:\/\/api.w.org\/{rel}","templated":true}]}}