{"id":716610,"date":"2025-08-27T17:44:39","date_gmt":"2025-08-27T14:44:39","guid":{"rendered":"https:\/\/roveyayinevi.com.tr\/index.php\/urun\/cocuklar-icin-muzik\/"},"modified":"2026-04-16T02:24:58","modified_gmt":"2026-04-15T23:24:58","slug":"cocuklar-icin-muzik","status":"publish","type":"product","link":"https:\/\/roveyayinevi.com.tr\/index.php\/urun\/cocuklar-icin-muzik\/","title":{"rendered":"\u00c7ocuklar \u0130\u00e7in M\u00fczik"},"content":{"rendered":"<p>Tiz sesli Trudi ve kal\u0131n sesli Barry t\u00fcm \u00e7ocuklar\u0131 bekliyor. Trudi ve Barry, \u00e7ocuklar\u0131 m\u00fcziksel bir yolculu\u011fa \u00e7\u0131kar\u0131yor. Onlar\u0131n yard\u0131mlar\u0131yla, \u00e7ocuklar hem m\u00fczi\u011fin b\u00fcy\u00fcl\u00fc d\u00fcnyas\u0131na e\u011flenceli bir ad\u0131m atacak hem de notalar, ritim, nota yaz\u0131m\u0131 gibi pek \u00e7ok konuda bilgi sahibi olacaklar. Oyunlar, e\u011flenceli bilgiler ve reng\u00e2renk \u00e7izimleriyle, \u00c7ocuklar \u0130\u00e7in M\u00fczik, m\u00fczi\u011fi e\u011flenceli bir deneyim h\u00e2line getirecek ve \u00e7ocuklar\u0131n pek \u00e7ok pop\u00fcler enstr\u00fcman, m\u00fczik t\u00fcr\u00fc ve orkestralar\u0131 tan\u0131mas\u0131n\u0131 sa\u011flayacak. \u00c7ocuklar \u0130\u00e7in M\u00fczik, \u00e7ocuklar\u0131 m\u00fczi\u011fin b\u00fcy\u00fcl\u00fc d\u00fcnyas\u0131yla tan\u0131\u015ft\u0131r\u0131yor. <\/p>\n","protected":false},"excerpt":{"rendered":"<p>Tiz sesli Trudi ve kal\u0131n sesli Barry t\u00fcm \u00e7ocuklar\u0131 bekliyor. Trudi ve Barry, \u00e7ocuklar\u0131 m\u00fcziksel bir yolculu\u011fa \u00e7\u0131kar\u0131yor. Onlar\u0131n yard\u0131mlar\u0131yla, \u00e7ocuklar hem m\u00fczi\u011fin b\u00fcy\u00fcl\u00fc d\u00fcnyas\u0131na e\u011flenceli<span class=\"excerpt-hellip\"> [\u2026]<\/span><\/p>\n","protected":false},"featured_media":0,"template":"","meta":{"_monsterinsights_skip_tracking":false,"_monsterinsights_sitenote_active":false,"_monsterinsights_sitenote_note":"","_monsterinsights_sitenote_category":0},"product_brand":[],"product_cat":[12274,12284],"product_tag":[],"class_list":{"0":"post-716610","1":"product","2":"type-product","3":"status-publish","5":"product_cat-cocuk-ve-genclik-kitaplari","6":"product_cat-hikayeler","7":"pa_cilt-ciltsiz","8":"pa_tur-kitap","9":"pa_yayinevi-1001-cicek-kitaplar","10":"pa_yazar-rebecca-rumens-syratt","12":"first","13":"instock","14":"sale","15":"shipping-taxable","16":"purchasable","17":"product-type-simple"},"_links":{"self":[{"href":"https:\/\/roveyayinevi.com.tr\/index.php\/wp-json\/wp\/v2\/product\/716610","targetHints":{"allow":["GET"]}}],"collection":[{"href":"https:\/\/roveyayinevi.com.tr\/index.php\/wp-json\/wp\/v2\/product"}],"about":[{"href":"https:\/\/roveyayinevi.com.tr\/index.php\/wp-json\/wp\/v2\/types\/product"}],"wp:attachment":[{"href":"https:\/\/roveyayinevi.com.tr\/index.php\/wp-json\/wp\/v2\/media?parent=716610"}],"wp:term":[{"taxonomy":"product_brand","embeddable":true,"href":"https:\/\/roveyayinevi.com.tr\/index.php\/wp-json\/wp\/v2\/product_brand?post=716610"},{"taxonomy":"product_cat","embeddable":true,"href":"https:\/\/roveyayinevi.com.tr\/index.php\/wp-json\/wp\/v2\/product_cat?post=716610"},{"taxonomy":"product_tag","embeddable":true,"href":"https:\/\/roveyayinevi.com.tr\/index.php\/wp-json\/wp\/v2\/product_tag?post=716610"}],"curies":[{"name":"wp","href":"https:\/\/api.w.org\/{rel}","templated":true}]}}