{"id":716605,"date":"2025-08-27T17:44:36","date_gmt":"2025-08-27T14:44:36","guid":{"rendered":"https:\/\/roveyayinevi.com.tr\/index.php\/urun\/kuslar-hikayesi\/"},"modified":"2026-04-16T02:24:58","modified_gmt":"2026-04-15T23:24:58","slug":"kuslar-hikayesi","status":"publish","type":"product","link":"https:\/\/roveyayinevi.com.tr\/index.php\/urun\/kuslar-hikayesi\/","title":{"rendered":"Ku\u015flar Hikayesi"},"content":{"rendered":"<p>Daha k\u00fct\u00fcphanemin olmad\u0131\u011f\u0131 zamanlar lise ikinci s\u0131n\u0131fta ilk tasavvuf kitab\u0131m sevgili babam\u0131n alm\u0131\u015f oldu\u011fu Gazzal\u00ee\u2019nin Kimy\u00e2-y\u0131 Sa\u00e2det\u2019iydi. Ne Gazzal\u00ee\u2019yi tan\u0131yordum, ne de bu kitab\u0131n ad\u0131n\u0131 anl\u0131yordum o g\u00fcnler. Ancak Mutluluk Kimyas\u0131\u2019n\u0131 \u00e7ok sevmi\u015ftim. Y\u0131llar sonra bu b\u00fcy\u00fck d\u00fc\u015f\u00fcn\u00fcr\u00fcn k\u00fc\u00e7\u00fck karde\u015fi Gazzal\u00ee\u2019nin \u00e7ok ilgi duydu\u011fum bir alan olan \u201cmetafizik yolculuklar\u201d konusunda kaleme alm\u0131\u015f oldu\u011fu Ku\u015flar Risalesi\u2019ni okumak, g\u00fczel dilimize \u00e7evirmek yine \u00e7ok zevk alarak yapt\u0131\u011f\u0131m \u00e7al\u0131\u015fmalardan biri oldu. \u0130mam Gazzal\u00ee\u2019nin de tasavvufa karde\u015fi Ahmed\u2019in etkisiyle girdi\u011fi ve karde\u015fi hakk\u0131nda: \u201cBiz arad\u0131k, o buldu\u201d dedi\u011fi aktar\u0131l\u0131r. \u201c\u0130nsan ruhu\u201d ya da di\u011fer bir ifadeyle \u201cnefs-i nat\u0131ka\u201d karanl\u0131klar \u00fclkesindeki gurbetinde, ten karanl\u0131\u011f\u0131nda s\u00fcrg\u00fcnde oldu\u011funun fark\u0131na vard\u0131\u011f\u0131nda, g\u00f6ksel asl\u0131na d\u00f6ner ve k\u0131lavuz melekle g\u00f6r\u00fc\u015f\u00fcr. K\u0131lavuz melek ona s\u00f6z konusu as\u0131l yurduna d\u00f6n\u00fc\u015f\u00fc esnas\u0131nda yol boyunca kar\u015f\u0131la\u015faca\u011f\u0131 zorluklar\u0131 ve engelleri tek tek anlat\u0131r. \u201cKu\u015f Risaleleri\u201d diye adland\u0131r\u0131lan baz\u0131 eserler de ger\u00e7ekte i\u015fte ruhun bu bilgilenmeden sonra kar\u015f\u0131la\u015faca\u011f\u0131 engelleri dile getirmek i\u00e7in sembolik dilde kaleme al\u0131nm\u0131\u015f birtak\u0131m kitaplard\u0131r. Gazzal\u00ee\u2019den etkilenmi\u015f olsa da tarz\u0131 \u0130bn Sin\u00e2\u2019dan \u00e7ok Gazzal\u00ee\u2019ninkine daha yak\u0131nd\u0131r. Dolay\u0131s\u0131yla Mant\u0131ku\u2019t-Tayr\u2019daki hikayenin tasarlan\u0131\u015f\u0131 Gazzal\u00ee\u2019nin risalesindekinin ayn\u0131d\u0131r. Bu y\u00fczden Gazzal\u00ee\u2019nin Ku\u015flar Hikayesi \u00f6nem kazanmaktad\u0131r. Elinizdeki kitap, Metafizik Yolculuklar adl\u0131 kapsaml\u0131 bir \u00e7al\u0131\u015fmam\u0131n bir b\u00f6l\u00fcm\u00fc olacak kadar k\u00fc\u00e7\u00fck iken geni\u015fleyip bu hali ald\u0131. Kendim daha iyi \u00f6\u011frenmek i\u00e7in okurken yazd\u0131m ve bu sayfalar olu\u015ftu.<\/p>\n","protected":false},"excerpt":{"rendered":"<p>Daha k\u00fct\u00fcphanemin olmad\u0131\u011f\u0131 zamanlar lise ikinci s\u0131n\u0131fta ilk tasavvuf kitab\u0131m sevgili babam\u0131n alm\u0131\u015f oldu\u011fu Gazzal\u00ee\u2019nin Kimy\u00e2-y\u0131 Sa\u00e2det\u2019iydi. Ne Gazzal\u00ee\u2019yi tan\u0131yordum, ne de bu kitab\u0131n ad\u0131n\u0131 anl\u0131yordum<span class=\"excerpt-hellip\"> [\u2026]<\/span><\/p>\n","protected":false},"featured_media":0,"template":"","meta":{"_monsterinsights_skip_tracking":false,"_monsterinsights_sitenote_active":false,"_monsterinsights_sitenote_note":"","_monsterinsights_sitenote_category":0},"product_brand":[],"product_cat":[12718,12719,12720],"product_tag":[],"class_list":{"0":"post-716605","1":"product","2":"type-product","3":"status-publish","5":"product_cat-din","6":"product_cat-islam","7":"product_cat-tasavvuf-mezhepler-tarikatlar","8":"pa_cilt-ciltsiz","9":"pa_tur-kitap","10":"pa_yayinevi-pinhan-yayincilik","11":"pa_yazar-ahmed-i-gazzali","13":"first","14":"instock","15":"sale","16":"shipping-taxable","17":"purchasable","18":"product-type-simple"},"_links":{"self":[{"href":"https:\/\/roveyayinevi.com.tr\/index.php\/wp-json\/wp\/v2\/product\/716605","targetHints":{"allow":["GET"]}}],"collection":[{"href":"https:\/\/roveyayinevi.com.tr\/index.php\/wp-json\/wp\/v2\/product"}],"about":[{"href":"https:\/\/roveyayinevi.com.tr\/index.php\/wp-json\/wp\/v2\/types\/product"}],"wp:attachment":[{"href":"https:\/\/roveyayinevi.com.tr\/index.php\/wp-json\/wp\/v2\/media?parent=716605"}],"wp:term":[{"taxonomy":"product_brand","embeddable":true,"href":"https:\/\/roveyayinevi.com.tr\/index.php\/wp-json\/wp\/v2\/product_brand?post=716605"},{"taxonomy":"product_cat","embeddable":true,"href":"https:\/\/roveyayinevi.com.tr\/index.php\/wp-json\/wp\/v2\/product_cat?post=716605"},{"taxonomy":"product_tag","embeddable":true,"href":"https:\/\/roveyayinevi.com.tr\/index.php\/wp-json\/wp\/v2\/product_tag?post=716605"}],"curies":[{"name":"wp","href":"https:\/\/api.w.org\/{rel}","templated":true}]}}