{"id":716603,"date":"2025-08-27T17:44:35","date_gmt":"2025-08-27T14:44:35","guid":{"rendered":"https:\/\/roveyayinevi.com.tr\/index.php\/urun\/ataturk-ve-merhamet\/"},"modified":"2026-04-16T02:24:58","modified_gmt":"2026-04-15T23:24:58","slug":"ataturk-ve-merhamet","status":"publish","type":"product","link":"https:\/\/roveyayinevi.com.tr\/index.php\/urun\/ataturk-ve-merhamet\/","title":{"rendered":"Atat\u00fcrk ve Merhamet"},"content":{"rendered":"<p>Bir kimsenin veya bir ba\u015fka canl\u0131n\u0131n kar\u015f\u0131la\u015ft\u0131\u011f\u0131 k\u00f6t\u00fc durumdan dolay\u0131 duyulan \u00fcz\u00fcnt\u00fcye merhamet denir.   Peki, kimlere merhamet etmeliyiz?   Bizden daha k\u00f6t\u00fc durumda olan insanlara, korunmaya muhta\u00e7 hayvanlara asla s\u0131rt\u0131m\u0131z\u0131 d\u00f6nmemeliyiz.   Serinin \u00fc\u00e7\u00fcnc\u00fc kitab\u0131, \u00e7ocuklar\u0131n i\u00e7indeki merhamet duygusunu \u00f6ne \u00e7\u0131karmak i\u00e7in harika bir ad\u0131m.   \u201c\u00c7\u00fcnk\u00fc biz merhametli, sevgi dolu \u00e7ocuklar\u0131z.Atat\u00fcrk de kendisi gibi merhametli ve ba\u015fkalar\u0131na yard\u0131m eden insanlar\u0131 \u00e7ok severmi\u015f.\u201d <\/p>\n","protected":false},"excerpt":{"rendered":"<p>Bir kimsenin veya bir ba\u015fka canl\u0131n\u0131n kar\u015f\u0131la\u015ft\u0131\u011f\u0131 k\u00f6t\u00fc durumdan dolay\u0131 duyulan \u00fcz\u00fcnt\u00fcye merhamet denir. Peki, kimlere merhamet etmeliyiz? Bizden daha k\u00f6t\u00fc durumda olan insanlara, korunmaya muhta\u00e7<span class=\"excerpt-hellip\"> [\u2026]<\/span><\/p>\n","protected":false},"featured_media":0,"template":"","meta":{"_monsterinsights_skip_tracking":false,"_monsterinsights_sitenote_active":false,"_monsterinsights_sitenote_note":"","_monsterinsights_sitenote_category":0},"product_brand":[],"product_cat":[12274,15842],"product_tag":[],"class_list":{"0":"post-716603","1":"product","2":"type-product","3":"status-publish","5":"product_cat-cocuk-ve-genclik-kitaplari","6":"product_cat-egitici-kitaplar","7":"pa_cilt-ciltsiz","8":"pa_tur-kitap","9":"pa_yayinevi-masalperest-ozel-urun","10":"pa_yazar-aysen-oy","12":"first","13":"instock","14":"sale","15":"shipping-taxable","16":"purchasable","17":"product-type-simple"},"_links":{"self":[{"href":"https:\/\/roveyayinevi.com.tr\/index.php\/wp-json\/wp\/v2\/product\/716603","targetHints":{"allow":["GET"]}}],"collection":[{"href":"https:\/\/roveyayinevi.com.tr\/index.php\/wp-json\/wp\/v2\/product"}],"about":[{"href":"https:\/\/roveyayinevi.com.tr\/index.php\/wp-json\/wp\/v2\/types\/product"}],"wp:attachment":[{"href":"https:\/\/roveyayinevi.com.tr\/index.php\/wp-json\/wp\/v2\/media?parent=716603"}],"wp:term":[{"taxonomy":"product_brand","embeddable":true,"href":"https:\/\/roveyayinevi.com.tr\/index.php\/wp-json\/wp\/v2\/product_brand?post=716603"},{"taxonomy":"product_cat","embeddable":true,"href":"https:\/\/roveyayinevi.com.tr\/index.php\/wp-json\/wp\/v2\/product_cat?post=716603"},{"taxonomy":"product_tag","embeddable":true,"href":"https:\/\/roveyayinevi.com.tr\/index.php\/wp-json\/wp\/v2\/product_tag?post=716603"}],"curies":[{"name":"wp","href":"https:\/\/api.w.org\/{rel}","templated":true}]}}