{"id":716602,"date":"2025-08-27T17:44:34","date_gmt":"2025-08-27T14:44:34","guid":{"rendered":"https:\/\/roveyayinevi.com.tr\/index.php\/urun\/hepsi-renkli-2\/"},"modified":"2026-04-16T02:24:58","modified_gmt":"2026-04-15T23:24:58","slug":"hepsi-renkli-2","status":"publish","type":"product","link":"https:\/\/roveyayinevi.com.tr\/index.php\/urun\/hepsi-renkli-2\/","title":{"rendered":"Hepsi Renkli 2"},"content":{"rendered":"<p>Bebe\u011finizi kitaplar\u0131n d\u00fcnyas\u0131na sokmaya haz\u0131r m\u0131s\u0131n\u0131z? Bu kitapla bebe\u011finizi hem nesneler ve renklerle tan\u0131\u015ft\u0131racak, hem de ileride edinece\u011fi kitap okuma al\u0131\u015fkanl\u0131\u011f\u0131n\u0131n ilk tohumlar\u0131n\u0131 atm\u0131\u015f olacaks\u0131n\u0131z\u2026<\/p>\n","protected":false},"excerpt":{"rendered":"<p>Bebe\u011finizi kitaplar\u0131n d\u00fcnyas\u0131na sokmaya haz\u0131r m\u0131s\u0131n\u0131z? Bu kitapla bebe\u011finizi hem nesneler ve renklerle tan\u0131\u015ft\u0131racak, hem de ileride edinece\u011fi kitap okuma al\u0131\u015fkanl\u0131\u011f\u0131n\u0131n ilk tohumlar\u0131n\u0131 atm\u0131\u015f olacaks\u0131n\u0131z\u2026<\/p>\n","protected":false},"featured_media":0,"template":"","meta":{"_monsterinsights_skip_tracking":false,"_monsterinsights_sitenote_active":false,"_monsterinsights_sitenote_note":"","_monsterinsights_sitenote_category":0},"product_brand":[],"product_cat":[15192,12274],"product_tag":[],"class_list":{"0":"post-716602","1":"product","2":"type-product","3":"status-publish","5":"product_cat-1-3-yas-kitaplari","6":"product_cat-cocuk-ve-genclik-kitaplari","7":"pa_cilt-ciltsiz","8":"pa_tur-kitap","9":"pa_yayinevi-masalperest","10":"pa_yazar-kolektif","12":"first","13":"instock","14":"sale","15":"shipping-taxable","16":"purchasable","17":"product-type-simple"},"_links":{"self":[{"href":"https:\/\/roveyayinevi.com.tr\/index.php\/wp-json\/wp\/v2\/product\/716602","targetHints":{"allow":["GET"]}}],"collection":[{"href":"https:\/\/roveyayinevi.com.tr\/index.php\/wp-json\/wp\/v2\/product"}],"about":[{"href":"https:\/\/roveyayinevi.com.tr\/index.php\/wp-json\/wp\/v2\/types\/product"}],"wp:attachment":[{"href":"https:\/\/roveyayinevi.com.tr\/index.php\/wp-json\/wp\/v2\/media?parent=716602"}],"wp:term":[{"taxonomy":"product_brand","embeddable":true,"href":"https:\/\/roveyayinevi.com.tr\/index.php\/wp-json\/wp\/v2\/product_brand?post=716602"},{"taxonomy":"product_cat","embeddable":true,"href":"https:\/\/roveyayinevi.com.tr\/index.php\/wp-json\/wp\/v2\/product_cat?post=716602"},{"taxonomy":"product_tag","embeddable":true,"href":"https:\/\/roveyayinevi.com.tr\/index.php\/wp-json\/wp\/v2\/product_tag?post=716602"}],"curies":[{"name":"wp","href":"https:\/\/api.w.org\/{rel}","templated":true}]}}