{"id":716601,"date":"2025-08-27T17:44:34","date_gmt":"2025-08-27T14:44:34","guid":{"rendered":"https:\/\/roveyayinevi.com.tr\/index.php\/urun\/ataturk-ve-cocuk-sevgisi\/"},"modified":"2026-04-16T02:24:58","modified_gmt":"2026-04-15T23:24:58","slug":"ataturk-ve-cocuk-sevgisi","status":"publish","type":"product","link":"https:\/\/roveyayinevi.com.tr\/index.php\/urun\/ataturk-ve-cocuk-sevgisi\/","title":{"rendered":"Atat\u00fcrk ve \u00c7ocuk Sevgisi"},"content":{"rendered":"<p>\u201c\u0130\u00e7imizi mutlulukla dolduran her \u015feyin i\u00e7inde sevgi vard\u0131r.Atat\u00fcrk deyince benim i\u00e7imi mutluluk kaplar. Onun i\u00e7ini de \u00e7ocuklar deyince mutluluk kaplard\u0131.Ya\u015fas\u0131n! Atat\u00fcrk\u2019le ortak bir sevgimiz var, onun ad\u0131 da \u00e7ocuk sevgisi.Ben Atat\u00fcrk\u2019\u00fc \u00e7ok severim, ya siz \u00e7ocuklar?\u201d   Atat\u00fcrk\u2019\u00fc tan\u0131mak, onun fikir ve ilkeleri e\u015fli\u011finde, ayd\u0131nl\u0131k bir gelece\u011fe do\u011fru sa\u011flam ad\u0131mlarla ilerleyebilmek i\u00e7in bu seri harika bir ba\u015flang\u0131\u00e7\u2026 <\/p>\n","protected":false},"excerpt":{"rendered":"<p>\u201c\u0130\u00e7imizi mutlulukla dolduran her \u015feyin i\u00e7inde sevgi vard\u0131r.Atat\u00fcrk deyince benim i\u00e7imi mutluluk kaplar. Onun i\u00e7ini de \u00e7ocuklar deyince mutluluk kaplard\u0131.Ya\u015fas\u0131n! Atat\u00fcrk\u2019le ortak bir sevgimiz var, onun<span class=\"excerpt-hellip\"> [\u2026]<\/span><\/p>\n","protected":false},"featured_media":0,"template":"","meta":{"_monsterinsights_skip_tracking":false,"_monsterinsights_sitenote_active":false,"_monsterinsights_sitenote_note":"","_monsterinsights_sitenote_category":0},"product_brand":[],"product_cat":[12274,15842],"product_tag":[],"class_list":{"0":"post-716601","1":"product","2":"type-product","3":"status-publish","5":"product_cat-cocuk-ve-genclik-kitaplari","6":"product_cat-egitici-kitaplar","7":"pa_cilt-ciltsiz","8":"pa_tur-kitap","9":"pa_yayinevi-masalperest-ozel-urun","10":"pa_yazar-aysen-oy","12":"first","13":"instock","14":"sale","15":"shipping-taxable","16":"purchasable","17":"product-type-simple"},"_links":{"self":[{"href":"https:\/\/roveyayinevi.com.tr\/index.php\/wp-json\/wp\/v2\/product\/716601","targetHints":{"allow":["GET"]}}],"collection":[{"href":"https:\/\/roveyayinevi.com.tr\/index.php\/wp-json\/wp\/v2\/product"}],"about":[{"href":"https:\/\/roveyayinevi.com.tr\/index.php\/wp-json\/wp\/v2\/types\/product"}],"wp:attachment":[{"href":"https:\/\/roveyayinevi.com.tr\/index.php\/wp-json\/wp\/v2\/media?parent=716601"}],"wp:term":[{"taxonomy":"product_brand","embeddable":true,"href":"https:\/\/roveyayinevi.com.tr\/index.php\/wp-json\/wp\/v2\/product_brand?post=716601"},{"taxonomy":"product_cat","embeddable":true,"href":"https:\/\/roveyayinevi.com.tr\/index.php\/wp-json\/wp\/v2\/product_cat?post=716601"},{"taxonomy":"product_tag","embeddable":true,"href":"https:\/\/roveyayinevi.com.tr\/index.php\/wp-json\/wp\/v2\/product_tag?post=716601"}],"curies":[{"name":"wp","href":"https:\/\/api.w.org\/{rel}","templated":true}]}}