{"id":716597,"date":"2025-08-27T17:44:31","date_gmt":"2025-08-27T14:44:31","guid":{"rendered":"https:\/\/roveyayinevi.com.tr\/index.php\/urun\/kalbindeki-cesaret\/"},"modified":"2026-04-16T02:24:58","modified_gmt":"2026-04-15T23:24:58","slug":"kalbindeki-cesaret","status":"publish","type":"product","link":"https:\/\/roveyayinevi.com.tr\/index.php\/urun\/kalbindeki-cesaret\/","title":{"rendered":"Kalbindeki Cesaret"},"content":{"rendered":"<p>Aden heyecanlanm\u0131\u015ft\u0131. \u201cCesaret ne demek?\u201ddiye sordu.\u201cCesaret, korkular\u0131na ra\u011fmen hayallerinin pe\u015finden gitmen demektir.\u201d dedi Edi.\u201cCesaret, hayallerinin pe\u015fine d\u00fc\u015ft\u00fc\u011f\u00fcnde yolda  kalmaman i\u00e7in gereken yak\u0131t gibidir.\u201d Kalbindeki Cesaret hayat\u0131 anlama ve kendini tan\u0131ma yolunda sevgiden ilham alanlar\u0131n \u00f6yk\u00fcs\u00fcd\u00fcr&#8230;<\/p>\n","protected":false},"excerpt":{"rendered":"<p>Aden heyecanlanm\u0131\u015ft\u0131. \u201cCesaret ne demek?\u201ddiye sordu.\u201cCesaret, korkular\u0131na ra\u011fmen hayallerinin pe\u015finden gitmen demektir.\u201d dedi Edi.\u201cCesaret, hayallerinin pe\u015fine d\u00fc\u015ft\u00fc\u011f\u00fcnde yolda kalmaman i\u00e7in gereken yak\u0131t gibidir.\u201d Kalbindeki Cesaret hayat\u0131<span class=\"excerpt-hellip\"> [\u2026]<\/span><\/p>\n","protected":false},"featured_media":0,"template":"","meta":{"_monsterinsights_skip_tracking":false,"_monsterinsights_sitenote_active":false,"_monsterinsights_sitenote_note":"","_monsterinsights_sitenote_category":0},"product_brand":[],"product_cat":[12913,12274],"product_tag":[],"class_list":{"0":"post-716597","1":"product","2":"type-product","3":"status-publish","5":"product_cat-3-6-yas-kitaplari","6":"product_cat-cocuk-ve-genclik-kitaplari","7":"pa_cilt-ciltsiz","8":"pa_tur-kitap","9":"pa_yayinevi-altin-kitaplar","10":"pa_yazar-canev-tatar","12":"first","13":"instock","14":"sale","15":"shipping-taxable","16":"purchasable","17":"product-type-simple"},"_links":{"self":[{"href":"https:\/\/roveyayinevi.com.tr\/index.php\/wp-json\/wp\/v2\/product\/716597","targetHints":{"allow":["GET"]}}],"collection":[{"href":"https:\/\/roveyayinevi.com.tr\/index.php\/wp-json\/wp\/v2\/product"}],"about":[{"href":"https:\/\/roveyayinevi.com.tr\/index.php\/wp-json\/wp\/v2\/types\/product"}],"wp:attachment":[{"href":"https:\/\/roveyayinevi.com.tr\/index.php\/wp-json\/wp\/v2\/media?parent=716597"}],"wp:term":[{"taxonomy":"product_brand","embeddable":true,"href":"https:\/\/roveyayinevi.com.tr\/index.php\/wp-json\/wp\/v2\/product_brand?post=716597"},{"taxonomy":"product_cat","embeddable":true,"href":"https:\/\/roveyayinevi.com.tr\/index.php\/wp-json\/wp\/v2\/product_cat?post=716597"},{"taxonomy":"product_tag","embeddable":true,"href":"https:\/\/roveyayinevi.com.tr\/index.php\/wp-json\/wp\/v2\/product_tag?post=716597"}],"curies":[{"name":"wp","href":"https:\/\/api.w.org\/{rel}","templated":true}]}}