{"id":716595,"date":"2025-08-27T17:44:29","date_gmt":"2025-08-27T14:44:29","guid":{"rendered":"https:\/\/roveyayinevi.com.tr\/index.php\/urun\/kurk-mantolu-madonna-3\/"},"modified":"2026-04-16T02:24:57","modified_gmt":"2026-04-15T23:24:57","slug":"kurk-mantolu-madonna-3","status":"publish","type":"product","link":"https:\/\/roveyayinevi.com.tr\/index.php\/urun\/kurk-mantolu-madonna-3\/","title":{"rendered":"K\u00fcrk Mantolu Madonna"},"content":{"rendered":"<p>25 \u015eubat 1907\u2019de Bulgaristan\u2019da, G\u00fcm\u00fclcine\u2019ye ba\u011fl\u0131 E\u011fridere\u2019de (Ardino) do\u011fdu. \u0130lk \u015fiir ve \u00f6yk\u00fcleri 1925-1926 y\u0131llar\u0131nda yay\u0131mland\u0131. 1927\u2019de \u0130stanbul Muallim Okulu\u2019nu bitirip \u00f6\u011fretmen olarak Yozgat Cumhuriyet \u0130lkokulu\u2019na atand\u0131. 1928 y\u0131l\u0131nda Almanya\u2019ya gitti. 1930\u2019da T\u00fcrkiye\u2019ye d\u00f6n\u00fcnce Ayd\u0131n Ortaokulu\u2019na Almanca \u00f6\u011fretmeni olarak g\u00f6nderildi. Burada \u201csol\u201d propaganda yapt\u0131\u011f\u0131 iddias\u0131yla tutukland\u0131. \u00dc\u00e7 ay tutuklu kald\u0131ktan sonra, Eyl\u00fcl 1931\u2019de aklanarak Konya Ortaokulu\u2019na atand\u0131. \u00c7e\u015fitli kereler tutuklamalarla cezaland\u0131r\u0131lan yaz\u0131n ya\u015fam\u0131nda 1946\u2019da Aziz Nesin ve R\u0131fat Ilgaz\u2019la birlikte \u00e7\u0131kard\u0131\u011f\u0131 haftal\u0131k mizah dergisi Markopa\u015fa\u2019n\u0131n \u00f6nemli bir yeri oldu. Bu dergide \u00e7\u0131kan yaz\u0131lar nedeniyle de 1947 y\u0131l\u0131nda cezaevine girdi. Sabahattin Ali, s\u00fcrekli izlendi\u011fi ve T\u00fcrkiye\u2019de ya\u015fayabilme ko\u015fullar\u0131n\u0131n zorla\u015ft\u0131\u011f\u0131n\u0131 d\u00fc\u015f\u00fcnerek yurtd\u0131\u015f\u0131na ka\u00e7ma karar\u0131 ald\u0131. 2 Nisan 1948\u2019de Bulgaristan s\u0131n\u0131r\u0131ndan \u00e7\u0131kmak isterken, bug\u00fcn de tam ayd\u0131nlat\u0131lamam\u0131\u015f bir faili me\u00e7hul cinayete kurban gitti. Edebiyata toplumcu ger\u00e7ek\u00e7i y\u00f6ntemle yakla\u015fan Sabahattin Ali, yap\u0131tlar\u0131yla kendisinden sonra gelen yazarlar\u0131 da derinden etkiledi.<\/p>\n","protected":false},"excerpt":{"rendered":"<p>25 \u015eubat 1907\u2019de Bulgaristan\u2019da, G\u00fcm\u00fclcine\u2019ye ba\u011fl\u0131 E\u011fridere\u2019de (Ardino) do\u011fdu. \u0130lk \u015fiir ve \u00f6yk\u00fcleri 1925-1926 y\u0131llar\u0131nda yay\u0131mland\u0131. 1927\u2019de \u0130stanbul Muallim Okulu\u2019nu bitirip \u00f6\u011fretmen olarak Yozgat Cumhuriyet \u0130lkokulu\u2019na<span class=\"excerpt-hellip\"> [\u2026]<\/span><\/p>\n","protected":false},"featured_media":0,"template":"","meta":{"_monsterinsights_skip_tracking":false,"_monsterinsights_sitenote_active":false,"_monsterinsights_sitenote_note":"","_monsterinsights_sitenote_category":0},"product_brand":[],"product_cat":[12291,12711],"product_tag":[],"class_list":{"0":"post-716595","1":"product","2":"type-product","3":"status-publish","5":"product_cat-edebiyat","6":"product_cat-roman-oyku","7":"pa_cilt-ciltsiz","8":"pa_tur-kitap","9":"pa_yayinevi-altin-kitaplar","10":"pa_yazar-sabahattin-ali","12":"first","13":"instock","14":"sale","15":"shipping-taxable","16":"purchasable","17":"product-type-simple"},"_links":{"self":[{"href":"https:\/\/roveyayinevi.com.tr\/index.php\/wp-json\/wp\/v2\/product\/716595","targetHints":{"allow":["GET"]}}],"collection":[{"href":"https:\/\/roveyayinevi.com.tr\/index.php\/wp-json\/wp\/v2\/product"}],"about":[{"href":"https:\/\/roveyayinevi.com.tr\/index.php\/wp-json\/wp\/v2\/types\/product"}],"wp:attachment":[{"href":"https:\/\/roveyayinevi.com.tr\/index.php\/wp-json\/wp\/v2\/media?parent=716595"}],"wp:term":[{"taxonomy":"product_brand","embeddable":true,"href":"https:\/\/roveyayinevi.com.tr\/index.php\/wp-json\/wp\/v2\/product_brand?post=716595"},{"taxonomy":"product_cat","embeddable":true,"href":"https:\/\/roveyayinevi.com.tr\/index.php\/wp-json\/wp\/v2\/product_cat?post=716595"},{"taxonomy":"product_tag","embeddable":true,"href":"https:\/\/roveyayinevi.com.tr\/index.php\/wp-json\/wp\/v2\/product_tag?post=716595"}],"curies":[{"name":"wp","href":"https:\/\/api.w.org\/{rel}","templated":true}]}}