{"id":716593,"date":"2025-08-27T17:44:28","date_gmt":"2025-08-27T14:44:28","guid":{"rendered":"https:\/\/roveyayinevi.com.tr\/index.php\/urun\/gozyasi-kuslari\/"},"modified":"2026-04-16T02:24:57","modified_gmt":"2026-04-15T23:24:57","slug":"gozyasi-kuslari","status":"publish","type":"product","link":"https:\/\/roveyayinevi.com.tr\/index.php\/urun\/gozyasi-kuslari\/","title":{"rendered":"G\u00f6zya\u015f\u0131 Ku\u015flar\u0131"},"content":{"rendered":"<p>\u201cG\u00fcnl\u00fckten anla\u015f\u0131ld\u0131\u011f\u0131 kadar\u0131yla Melek, bu kentte mutlu bir \u00e7ocukluk ge\u00e7iriyordu. \u0130ki katl\u0131, ye\u015fil panjurlu evlerinin arka bah\u00e7esindeki elma a\u011fa\u00e7lar\u0131na t\u0131rman\u0131yor, \u00fcst\u00fcn\u00fc ba\u015f\u0131n\u0131 rezil ederek d\u00f6n\u00fcyor, annesinden azar i\u015fitiyor ama bu azarlara pek de ald\u0131rmayarak ertesi g\u00fcn gene, bah\u00e7edeki k\u00fcmese giriyor, hen\u00fcz s\u0131cak olan yumurtalar\u0131 topluyor, \u00fcst\u00fcn\u00fc ba\u015f\u0131n\u0131 gene rezil ediyordu. (&#8230;) Geceleri de yata\u011f\u0131ndan elma a\u011fac\u0131na t\u00fcnemi\u015f olan bayku\u015fu seyrediyor, annesinden gene bayku\u015fa \u00e7ok bakarsa, giderek kendisinin de bayku\u015fa benzeyece\u011fi yolunda azarlar i\u015fitiyor, annesi perdeleri kapat\u0131p odadan \u00e7\u0131kar \u00e7\u0131kmaz, f\u0131rlay\u0131p perdeleri gene a\u00e7\u0131yor, bayku\u015fun \u00f6n\u00fcnde sonunda kendisine bir masal anlataca\u011f\u0131ndan emin ama masal\u0131 bekleyemeyerek uykuya dal\u0131p gidiyordu. Deniz ve bayku\u015f ona bir \u015fey anlatacaklard\u0131 sonunda; ama hen\u00fcz pek k\u00fc\u00e7\u00fckt\u00fc, bayku\u015fun masal\u0131 hep uykusuna yenik d\u00fc\u015f\u00fcyordu.\u201d \u00c7ocuklu\u011fu boyunca g\u00fcnl\u00fc\u011f\u00fcyle arkada\u015f olur Melek&#8230; Yaln\u0131zl\u0131\u011f\u0131n\u0131, s\u0131k\u0131nt\u0131lar\u0131n\u0131, kayg\u0131lar\u0131n\u0131 ve arzular\u0131n\u0131 g\u00fcnl\u00fc\u011f\u00fcne i\u015fler. Odas\u0131n\u0131n penceresinden g\u00f6r\u00fcnen bayku\u015fla bir al\u0131p veremedi\u011fi vard\u0131r. Y\u0131llar sonra g\u00fcnl\u00fc\u011f\u00fcn\u00fcn t\u00fcm ger\u00e7ekleri a\u00e7\u0131\u011fa \u00e7\u0131karaca\u011f\u0131n\u0131 tahmin dahi edemez; elbette bilemeyece\u011fi ba\u015fka \u015feyler de vard\u0131r bu d\u00fcnyada: Kocas\u0131n\u0131n onu bir ihaleyi kazanmak u\u011fruna sa taca\u011f\u0131n\u0131, a\u015f\u0131k oldu\u011fu adam\u0131n kar\u015f\u0131s\u0131na \u015fans eseri \u00e7\u0131kmayaca\u011f\u0131n\u0131, bir cinayet ile her \u015feyin darmada\u011f\u0131n olaca\u011f\u0131n\u0131&#8230; Melek, hayat\u0131 de\u011fi\u015fsin istemeyecekti ama ba\u015fkalar\u0131 onun hayat\u0131n\u0131 de\u011fi\u015ftirecekti&#8230; <\/p>\n","protected":false},"excerpt":{"rendered":"<p>\u201cG\u00fcnl\u00fckten anla\u015f\u0131ld\u0131\u011f\u0131 kadar\u0131yla Melek, bu kentte mutlu bir \u00e7ocukluk ge\u00e7iriyordu. \u0130ki katl\u0131, ye\u015fil panjurlu evlerinin arka bah\u00e7esindeki elma a\u011fa\u00e7lar\u0131na t\u0131rman\u0131yor, \u00fcst\u00fcn\u00fc ba\u015f\u0131n\u0131 rezil ederek d\u00f6n\u00fcyor, annesinden<span class=\"excerpt-hellip\"> [\u2026]<\/span><\/p>\n","protected":false},"featured_media":0,"template":"","meta":{"_monsterinsights_skip_tracking":false,"_monsterinsights_sitenote_active":false,"_monsterinsights_sitenote_note":"","_monsterinsights_sitenote_category":0},"product_brand":[],"product_cat":[12291,12711],"product_tag":[],"class_list":{"0":"post-716593","1":"product","2":"type-product","3":"status-publish","5":"product_cat-edebiyat","6":"product_cat-roman-oyku","7":"pa_cilt-ciltsiz","8":"pa_tur-kitap","9":"pa_yayinevi-ayrinti-yayinlari","10":"pa_yazar-fatma-akerson","12":"first","13":"instock","14":"sale","15":"shipping-taxable","16":"purchasable","17":"product-type-simple"},"_links":{"self":[{"href":"https:\/\/roveyayinevi.com.tr\/index.php\/wp-json\/wp\/v2\/product\/716593","targetHints":{"allow":["GET"]}}],"collection":[{"href":"https:\/\/roveyayinevi.com.tr\/index.php\/wp-json\/wp\/v2\/product"}],"about":[{"href":"https:\/\/roveyayinevi.com.tr\/index.php\/wp-json\/wp\/v2\/types\/product"}],"wp:attachment":[{"href":"https:\/\/roveyayinevi.com.tr\/index.php\/wp-json\/wp\/v2\/media?parent=716593"}],"wp:term":[{"taxonomy":"product_brand","embeddable":true,"href":"https:\/\/roveyayinevi.com.tr\/index.php\/wp-json\/wp\/v2\/product_brand?post=716593"},{"taxonomy":"product_cat","embeddable":true,"href":"https:\/\/roveyayinevi.com.tr\/index.php\/wp-json\/wp\/v2\/product_cat?post=716593"},{"taxonomy":"product_tag","embeddable":true,"href":"https:\/\/roveyayinevi.com.tr\/index.php\/wp-json\/wp\/v2\/product_tag?post=716593"}],"curies":[{"name":"wp","href":"https:\/\/api.w.org\/{rel}","templated":true}]}}