{"id":716591,"date":"2025-08-27T17:44:27","date_gmt":"2025-08-27T14:44:27","guid":{"rendered":"https:\/\/roveyayinevi.com.tr\/index.php\/urun\/babamin-vasiyeti-2\/"},"modified":"2026-04-16T02:24:57","modified_gmt":"2026-04-15T23:24:57","slug":"babamin-vasiyeti-2","status":"publish","type":"product","link":"https:\/\/roveyayinevi.com.tr\/index.php\/urun\/babamin-vasiyeti-2\/","title":{"rendered":"Babam\u0131n Vasiyeti &#8211; 2"},"content":{"rendered":"<p>Her \u015fey yakla\u015f\u0131k bir bu\u00e7uk sene \u00f6nce, Ahmet Karabulut\u2019un vasiyetiyle ba\u015flad\u0131. Ya\u011fmur, babas\u0131n\u0131n son iste\u011fi \u00fczerine Bu\u011fra ile evlenip mutlu bir hayata ad\u0131m atar. Ya\u015fananlardan sonra, \u00e7ift ortak bir kararla \u0130zmir\u2019e yerle\u015fmeye karar verir. Gen\u00e7 kad\u0131n, kendisini koca \u015fehirde yapayaln\u0131z hissederken, en yak\u0131n dostu Didem\u2019in \u0130zmir\u2019e gelmesiyle her \u015fey de\u011fi\u015fir. Didem\u2019in bebek bekledi\u011fini \u00f6\u011frenen Ya\u011fmur \u00e7ok sevinir ama yeni evli arkada\u015f\u0131 mutlu de\u011fildir ve bu durum en \u00e7ok bebe\u011fin babas\u0131 Emir\u2019i \u00e7ok \u00fczer. Annesiyle babas\u0131n\u0131n i\u015f nedeniyle yurtd\u0131\u015f\u0131na \u00e7\u0131kmas\u0131n\u0131 f\u0131rsat bilen Melisa, zaman\u0131n\u0131 s\u00f6zl\u00fcs\u00fc Sava\u015f ile ge\u00e7irmeye karar verir. Evlilik teklifi ald\u0131\u011f\u0131n\u0131 babas\u0131ndan s\u0131r gibi saklayan gen\u00e7 k\u0131z\u0131, k\u00f6t\u00fc bir s\u00fcrpriz beklemektedir.<\/p>\n","protected":false},"excerpt":{"rendered":"<p>Her \u015fey yakla\u015f\u0131k bir bu\u00e7uk sene \u00f6nce, Ahmet Karabulut\u2019un vasiyetiyle ba\u015flad\u0131. Ya\u011fmur, babas\u0131n\u0131n son iste\u011fi \u00fczerine Bu\u011fra ile evlenip mutlu bir hayata ad\u0131m atar. Ya\u015fananlardan sonra,<span class=\"excerpt-hellip\"> [\u2026]<\/span><\/p>\n","protected":false},"featured_media":0,"template":"","meta":{"_monsterinsights_skip_tracking":false,"_monsterinsights_sitenote_active":false,"_monsterinsights_sitenote_note":"","_monsterinsights_sitenote_category":0},"product_brand":[],"product_cat":[12291,12711],"product_tag":[],"class_list":{"0":"post-716591","1":"product","2":"type-product","3":"status-publish","5":"product_cat-edebiyat","6":"product_cat-roman-oyku","7":"pa_cilt-ciltsiz","8":"pa_tur-kitap","9":"pa_yayinevi-epsilon-yayinlari","10":"pa_yazar-dilara-gurel","12":"first","13":"instock","14":"sale","15":"shipping-taxable","16":"purchasable","17":"product-type-simple"},"_links":{"self":[{"href":"https:\/\/roveyayinevi.com.tr\/index.php\/wp-json\/wp\/v2\/product\/716591","targetHints":{"allow":["GET"]}}],"collection":[{"href":"https:\/\/roveyayinevi.com.tr\/index.php\/wp-json\/wp\/v2\/product"}],"about":[{"href":"https:\/\/roveyayinevi.com.tr\/index.php\/wp-json\/wp\/v2\/types\/product"}],"wp:attachment":[{"href":"https:\/\/roveyayinevi.com.tr\/index.php\/wp-json\/wp\/v2\/media?parent=716591"}],"wp:term":[{"taxonomy":"product_brand","embeddable":true,"href":"https:\/\/roveyayinevi.com.tr\/index.php\/wp-json\/wp\/v2\/product_brand?post=716591"},{"taxonomy":"product_cat","embeddable":true,"href":"https:\/\/roveyayinevi.com.tr\/index.php\/wp-json\/wp\/v2\/product_cat?post=716591"},{"taxonomy":"product_tag","embeddable":true,"href":"https:\/\/roveyayinevi.com.tr\/index.php\/wp-json\/wp\/v2\/product_tag?post=716591"}],"curies":[{"name":"wp","href":"https:\/\/api.w.org\/{rel}","templated":true}]}}